{"id":144,"date":"2026-04-15T10:57:12","date_gmt":"2026-04-15T10:57:12","guid":{"rendered":"https:\/\/sachs.azdigi.shop\/?post_type=product&#038;p=144"},"modified":"2026-04-15T10:57:12","modified_gmt":"2026-04-15T10:57:12","slug":"sua-chong-nang-cuc-manh-sunplay-super-block-spf50-pa-30gr","status":"publish","type":"product","link":"https:\/\/sachs.azdigi.shop\/index.php\/product\/sua-chong-nang-cuc-manh-sunplay-super-block-spf50-pa-30gr\/","title":{"rendered":"S\u1eefa Ch\u1ed1ng N\u1eafng C\u1ef1c M\u1ea1nh Sunplay Super Block SPF50+ PA++++ 30Gr"},"content":{"rendered":"<p><strong>S\u1eefa ch\u1ed1ng n\u1eafng<\/strong> c\u1ee7a <strong>Sunplay<\/strong> Super Block c\u00f3 ch\u1ec9 s\u1ed1 SPF50+ PA+++ d\u00f9ng cho c\u00e1c ho\u1ea1t \u0111\u1ed9ng li\u00ean t\u1ee5c ngo\u00e0i tr\u1eddi ho\u1eb7c d\u01b0\u1edbi n\u01b0\u1edbc nh\u01b0: \u0111i bi\u1ec3n, b\u01a1i l\u1ed9i, d\u00e3 ngo\u1ea1i, du l\u1ecbch, leo n\u00fai, th\u1ec3 thao. S<span id=\"RXTLEGF\">\u1ea3n ph\u1ea9m kh\u00f4ng g\u00e2y kh\u00f4 da, kh\u00f4ng ch\u1ee9a c\u1ed3n, c\u00f3 kh\u1ea3 n\u0103ng kh\u00e1ng n\u01b0\u1edbc t\u1ed1t.<\/span><\/p>\n<h4 id=\"OS8XO3K\"><strong>C\u00d4NG D\u1ee4NG CH\u00cdNH C\u1ee6A S\u1eeeA CH\u1ed0NG N\u1eaeNG SUNPLAY:<\/strong><\/h4>\n<ul>\n<li>Ch\u1ed1ng n\u1eafng c\u1ef1c m\u1ea1nh v\u1edbi SPF50+, PA++++ gi\u00fap ch\u1ed1ng tia UVA\/UVB t\u1ed1i \u0111a, ng\u0103n \u0111en s\u1ea1m, n\u00e1m, l\u00e3o h\u00f3a s\u1edbm, b\u1ea3o v\u1ec7 da kh\u00f4ng b\u1ecb b\u1ecfng r\u00e1t, ch\u00e1y n\u1eafng trong nhi\u1ec1u gi\u1edd.<\/li>\n<li>M\u00e0ng ch\u1eafn UV Shield th\u1ebf h\u1ec7 m\u1edbi v\u1edbi k\u1ebft c\u1ea5u \u0111\u1ed9c \u0111\u00e1o ph\u1ee7 \u0111\u1ec1u tr\u00ean da, ch\u1ed1ng n\u1eafng hi\u1ec7u qu\u1ea3; \u0111\u1ed3ng th\u1eddi mang l\u1ea1i c\u1ea3m gi\u00e1c tho\u00e1ng m\u1ecbn, kh\u00f4ng g\u00e2y kh\u00f4 da.<\/li>\n<li>Vitamin C, E, Pro Vitamin B5 &amp; Hyaluronic Acid gi\u00fap gi\u1eef \u1ea9m v\u00e0 nu\u00f4i d\u01b0\u1ee1ng da.<\/li>\n<li>Kh\u1ea3 n\u0103ng kh\u00e1ng n\u01b0\u1edbc v\u00e0 m\u1ed3 h\u00f4i cao. C\u00f4ng th\u1ee9c \u0111\u1eb7c ch\u1ebf cho v\u1eadn \u0111\u1ed9ng li\u00ean t\u1ee5c ngo\u00e0i tr\u1eddi ho\u1eb7c d\u01b0\u1edbi n\u01b0\u1edbc.<\/li>\n<li>V\u1edbi \u0111a c\u00f4ng d\u1ee5ng cho: th\u1ec3 thao ngo\u00e0i tr\u1eddi, \u0111i bi\u1ec3n v\u00e0 b\u01a1i l\u1ed9i<\/li>\n<\/ul>\n<h4><strong>\u0110\u1ed1i t\u01b0\u1ee3ng s\u1eed d\u1ee5ng:<\/strong><\/h4>\n<p>S\u1ea3n ph\u1ea9m th\u00edch h\u1ee3p v\u1edbi m\u1ecdi lo\u1ea1i da.<\/p>\n<h4><strong>Th\u00e0nh ph\u1ea7n s\u1eefa ch\u1ed1ng n\u1eafng Sunplay:<\/strong><\/h4>\n<p><strong>Th\u00e0nh ph\u1ea7n ch\u00ednh:<\/strong>\u00a0Vitamin C, E, Pro Vitamin B5, Hyaluronic Acid<\/p>\n<p><strong>Th\u00e0nh ph\u1ea7n chi ti\u1ebft:\u00a0<\/strong>Cyclopentasiloxane, Water, Ethylhexyl Methoxycinnamate, Zinc Oxide, Triethylhexanoin, Butylene Glycol, Titanium Dioxide, Trimethylsiloxysilicate, Talc, Diethylamino Hydroxybenzoyl Hexyl Benzoate, Hydrated Silica, Lauryl PEG-9 Polydimethylsiloxyethyl Dimethicone, Polymethylsilsesquioxane, Panthenol, Tocopheryl Acetate, Dipotassium Glycyrrhizate, Magnesium Ascorbyl Phosphate, Sodium Hyaluronate, Hydrogen Dimethicone, 1,2-Hexanediol, Polyglyceryl-2 Triisostearate, Aluminum Hydroxide, Stearic Acid, Dimethicone Crosspolymer, Dimethicone, Triethoxysilylethyl Polydimethylsiloxyethyl Hexyl Dimethicone, Disodium EDTA, Methylparaben.<\/p>\n<h4><strong>C\u00c1CH D\u00d9NG:<\/strong><\/h4>\n<p>&#8211; L\u1eafc k\u1ef9 tr\u01b0\u1edbc khi d\u00f9ng<br \/>\n&#8211; Thoa \u0111\u1ec1u s\u1ea3n ph\u1ea9m l\u00ean da tr\u01b0\u1edbc khi ra n\u1eafng kho\u1ea3ng 20 ph\u00fat<br \/>\n&#8211; Thoa l\u1ea1i sau khi t\u1eafm bi\u1ec3n ho\u1eb7c ra m\u1ed3 h\u00f4i nhi\u1ec1u do v\u1eadn \u0111\u1ed9ng \u0111\u1ec3 c\u00f3 hi\u1ec7u qu\u1ea3 t\u1ed1t h\u01a1n<\/p>\n<p><img loading=\"lazy\" decoding=\"async\" class=\"aligncenter wp-image-145 size-full\" src=\"https:\/\/sachs.azdigi.shop\/wp-content\/uploads\/2026\/04\/huong-dan-sd-sunplay.jpg\" alt=\"\" width=\"700\" height=\"700\" srcset=\"https:\/\/sachs.azdigi.shop\/wp-content\/uploads\/2026\/04\/huong-dan-sd-sunplay.jpg 700w, https:\/\/sachs.azdigi.shop\/wp-content\/uploads\/2026\/04\/huong-dan-sd-sunplay-300x300.jpg 300w, https:\/\/sachs.azdigi.shop\/wp-content\/uploads\/2026\/04\/huong-dan-sd-sunplay-150x150.jpg 150w, https:\/\/sachs.azdigi.shop\/wp-content\/uploads\/2026\/04\/huong-dan-sd-sunplay-600x600.jpg 600w, https:\/\/sachs.azdigi.shop\/wp-content\/uploads\/2026\/04\/huong-dan-sd-sunplay-100x100.jpg 100w\" sizes=\"auto, (max-width: 700px) 100vw, 700px\" \/><\/p>\n<p><strong>Quy c\u00e1ch:<\/strong>\u00a0Chai, 30Gr<\/p>\n<p><strong>B\u1ea3o qu\u1ea3n:<\/strong>\u00a0B\u1ea3o qu\u1ea3n n\u01a1i s\u1ea1ch s\u1ebd, tho\u00e1ng m\u00e1t, tr\u00e1nh ti\u1ebfp x\u00fac tr\u1ef1c ti\u1ebfp v\u1edbi \u00e1nh n\u1eafng m\u1eb7t tr\u1eddi<\/p>\n","protected":false},"excerpt":{"rendered":"<p>S\u1eefa ch\u1ed1ng n\u1eafng c\u1ee7a Sunplay Super Block c\u00f3 ch\u1ec9 s\u1ed1 SPF50+ PA+++ d\u00f9ng cho c\u00e1c ho\u1ea1t \u0111\u1ed9ng li\u00ean t\u1ee5c ngo\u00e0i tr\u1eddi ho\u1eb7c d\u01b0\u1edbi n\u01b0\u1edbc nh\u01b0: \u0111i bi\u1ec3n, b\u01a1i l\u1ed9i, d\u00e3 ngo\u1ea1i, du l\u1ecbch, leo n\u00fai, th\u1ec3 thao. S\u1ea3n ph\u1ea9m kh\u00f4ng g\u00e2y kh\u00f4 da, kh\u00f4ng ch\u1ee9a c\u1ed3n, c\u00f3 kh\u1ea3 n\u0103ng kh\u00e1ng n\u01b0\u1edbc t\u1ed1t. C\u00d4NG D\u1ee4NG CH\u00cdNH [&#8230;]\n","protected":false},"featured_media":149,"comment_status":"open","ping_status":"closed","template":"","meta":[],"product_brand":[],"product_cat":[17],"product_tag":[],"class_list":{"0":"post-144","1":"product","2":"type-product","3":"status-publish","4":"has-post-thumbnail","6":"product_cat-uncategorized","8":"first","9":"instock","10":"shipping-taxable","11":"purchasable","12":"product-type-variable"},"yoast_head":"<!-- This site is optimized with the Yoast SEO plugin v26.9 - https:\/\/yoast.com\/product\/yoast-seo-wordpress\/ -->\n<title>S\u1eefa Ch\u1ed1ng N\u1eafng C\u1ef1c M\u1ea1nh Sunplay Super Block SPF50+ PA++++ 30Gr - Artify<\/title>\n<meta name=\"description\" content=\"S\u1eefa ch\u1ed1ng n\u1eafng Sunplay Super Block SPF50+ PA++++ ch\u1ed1ng tia UVA\/UVB m\u1ea1nh m\u1ebd, kh\u00e1ng n\u01b0\u1edbc t\u1ed1t, ph\u00f9 h\u1ee3p \u0111i bi\u1ec3n, b\u01a1i l\u1ed9i, v\u1eadn \u0111\u1ed9ng ngo\u00e0i tr\u1eddi.\" \/>\n<meta name=\"robots\" content=\"index, follow, max-snippet:-1, max-image-preview:large, max-video-preview:-1\" \/>\n<link rel=\"canonical\" href=\"https:\/\/sachs.azdigi.shop\/index.php\/product\/sua-chong-nang-cuc-manh-sunplay-super-block-spf50-pa-30gr\/\" \/>\n<meta property=\"og:locale\" content=\"en_US\" \/>\n<meta property=\"og:type\" content=\"article\" \/>\n<meta property=\"og:title\" content=\"S\u1eefa Ch\u1ed1ng N\u1eafng C\u1ef1c M\u1ea1nh Sunplay Super Block SPF50+ PA++++ 30Gr - Artify\" \/>\n<meta property=\"og:description\" content=\"S\u1eefa ch\u1ed1ng n\u1eafng Sunplay Super Block SPF50+ PA++++ ch\u1ed1ng tia UVA\/UVB m\u1ea1nh m\u1ebd, kh\u00e1ng n\u01b0\u1edbc t\u1ed1t, ph\u00f9 h\u1ee3p \u0111i bi\u1ec3n, b\u01a1i l\u1ed9i, v\u1eadn \u0111\u1ed9ng ngo\u00e0i tr\u1eddi.\" \/>\n<meta property=\"og:url\" content=\"https:\/\/sachs.azdigi.shop\/index.php\/product\/sua-chong-nang-cuc-manh-sunplay-super-block-spf50-pa-30gr\/\" \/>\n<meta property=\"og:site_name\" content=\"Artify\" \/>\n<meta property=\"og:image\" content=\"https:\/\/sachs.azdigi.shop\/wp-content\/uploads\/2026\/04\/sunplay.webp\" \/>\n\t<meta property=\"og:image:width\" content=\"700\" \/>\n\t<meta property=\"og:image:height\" content=\"700\" \/>\n\t<meta property=\"og:image:type\" content=\"image\/webp\" \/>\n<meta name=\"twitter:card\" content=\"summary_large_image\" \/>\n<meta name=\"twitter:label1\" content=\"Est. reading time\" \/>\n\t<meta name=\"twitter:data1\" content=\"2 minutes\" \/>\n<script type=\"application\/ld+json\" class=\"yoast-schema-graph\">{\"@context\":\"https:\/\/schema.org\",\"@graph\":[{\"@type\":\"WebPage\",\"@id\":\"https:\/\/sachs.azdigi.shop\/index.php\/product\/sua-chong-nang-cuc-manh-sunplay-super-block-spf50-pa-30gr\/\",\"url\":\"https:\/\/sachs.azdigi.shop\/index.php\/product\/sua-chong-nang-cuc-manh-sunplay-super-block-spf50-pa-30gr\/\",\"name\":\"S\u1eefa Ch\u1ed1ng N\u1eafng C\u1ef1c M\u1ea1nh Sunplay Super Block SPF50+ PA++++ 30Gr - Artify\",\"isPartOf\":{\"@id\":\"https:\/\/sachs.azdigi.shop\/#website\"},\"primaryImageOfPage\":{\"@id\":\"https:\/\/sachs.azdigi.shop\/index.php\/product\/sua-chong-nang-cuc-manh-sunplay-super-block-spf50-pa-30gr\/#primaryimage\"},\"image\":{\"@id\":\"https:\/\/sachs.azdigi.shop\/index.php\/product\/sua-chong-nang-cuc-manh-sunplay-super-block-spf50-pa-30gr\/#primaryimage\"},\"thumbnailUrl\":\"https:\/\/sachs.azdigi.shop\/wp-content\/uploads\/2026\/04\/sunplay.webp\",\"datePublished\":\"2026-04-15T10:57:12+00:00\",\"description\":\"S\u1eefa ch\u1ed1ng n\u1eafng Sunplay Super Block SPF50+ PA++++ ch\u1ed1ng tia UVA\/UVB m\u1ea1nh m\u1ebd, kh\u00e1ng n\u01b0\u1edbc t\u1ed1t, ph\u00f9 h\u1ee3p \u0111i bi\u1ec3n, b\u01a1i l\u1ed9i, v\u1eadn \u0111\u1ed9ng ngo\u00e0i tr\u1eddi.\",\"breadcrumb\":{\"@id\":\"https:\/\/sachs.azdigi.shop\/index.php\/product\/sua-chong-nang-cuc-manh-sunplay-super-block-spf50-pa-30gr\/#breadcrumb\"},\"inLanguage\":\"en-US\",\"potentialAction\":[{\"@type\":\"ReadAction\",\"target\":[\"https:\/\/sachs.azdigi.shop\/index.php\/product\/sua-chong-nang-cuc-manh-sunplay-super-block-spf50-pa-30gr\/\"]}]},{\"@type\":\"ImageObject\",\"inLanguage\":\"en-US\",\"@id\":\"https:\/\/sachs.azdigi.shop\/index.php\/product\/sua-chong-nang-cuc-manh-sunplay-super-block-spf50-pa-30gr\/#primaryimage\",\"url\":\"https:\/\/sachs.azdigi.shop\/wp-content\/uploads\/2026\/04\/sunplay.webp\",\"contentUrl\":\"https:\/\/sachs.azdigi.shop\/wp-content\/uploads\/2026\/04\/sunplay.webp\",\"width\":700,\"height\":700},{\"@type\":\"BreadcrumbList\",\"@id\":\"https:\/\/sachs.azdigi.shop\/index.php\/product\/sua-chong-nang-cuc-manh-sunplay-super-block-spf50-pa-30gr\/#breadcrumb\",\"itemListElement\":[{\"@type\":\"ListItem\",\"position\":1,\"name\":\"Home\",\"item\":\"https:\/\/sachs.azdigi.shop\/\"},{\"@type\":\"ListItem\",\"position\":2,\"name\":\"Shop\",\"item\":\"https:\/\/sachs.azdigi.shop\/index.php\/shop\/\"},{\"@type\":\"ListItem\",\"position\":3,\"name\":\"S\u1eefa Ch\u1ed1ng N\u1eafng C\u1ef1c M\u1ea1nh Sunplay Super Block SPF50+ PA++++ 30Gr\"}]},{\"@type\":\"WebSite\",\"@id\":\"https:\/\/sachs.azdigi.shop\/#website\",\"url\":\"https:\/\/sachs.azdigi.shop\/\",\"name\":\"Artify\",\"description\":\"\",\"potentialAction\":[{\"@type\":\"SearchAction\",\"target\":{\"@type\":\"EntryPoint\",\"urlTemplate\":\"https:\/\/sachs.azdigi.shop\/?s={search_term_string}\"},\"query-input\":{\"@type\":\"PropertyValueSpecification\",\"valueRequired\":true,\"valueName\":\"search_term_string\"}}],\"inLanguage\":\"en-US\"}]}<\/script>\n<!-- \/ Yoast SEO plugin. -->","yoast_head_json":{"title":"S\u1eefa Ch\u1ed1ng N\u1eafng C\u1ef1c M\u1ea1nh Sunplay Super Block SPF50+ PA++++ 30Gr - Artify","description":"S\u1eefa ch\u1ed1ng n\u1eafng Sunplay Super Block SPF50+ PA++++ ch\u1ed1ng tia UVA\/UVB m\u1ea1nh m\u1ebd, kh\u00e1ng n\u01b0\u1edbc t\u1ed1t, ph\u00f9 h\u1ee3p \u0111i bi\u1ec3n, b\u01a1i l\u1ed9i, v\u1eadn \u0111\u1ed9ng ngo\u00e0i tr\u1eddi.","robots":{"index":"index","follow":"follow","max-snippet":"max-snippet:-1","max-image-preview":"max-image-preview:large","max-video-preview":"max-video-preview:-1"},"canonical":"https:\/\/sachs.azdigi.shop\/index.php\/product\/sua-chong-nang-cuc-manh-sunplay-super-block-spf50-pa-30gr\/","og_locale":"en_US","og_type":"article","og_title":"S\u1eefa Ch\u1ed1ng N\u1eafng C\u1ef1c M\u1ea1nh Sunplay Super Block SPF50+ PA++++ 30Gr - Artify","og_description":"S\u1eefa ch\u1ed1ng n\u1eafng Sunplay Super Block SPF50+ PA++++ ch\u1ed1ng tia UVA\/UVB m\u1ea1nh m\u1ebd, kh\u00e1ng n\u01b0\u1edbc t\u1ed1t, ph\u00f9 h\u1ee3p \u0111i bi\u1ec3n, b\u01a1i l\u1ed9i, v\u1eadn \u0111\u1ed9ng ngo\u00e0i tr\u1eddi.","og_url":"https:\/\/sachs.azdigi.shop\/index.php\/product\/sua-chong-nang-cuc-manh-sunplay-super-block-spf50-pa-30gr\/","og_site_name":"Artify","og_image":[{"width":700,"height":700,"url":"https:\/\/sachs.azdigi.shop\/wp-content\/uploads\/2026\/04\/sunplay.webp","type":"image\/webp"}],"twitter_card":"summary_large_image","twitter_misc":{"Est. reading time":"2 minutes"},"schema":{"@context":"https:\/\/schema.org","@graph":[{"@type":"WebPage","@id":"https:\/\/sachs.azdigi.shop\/index.php\/product\/sua-chong-nang-cuc-manh-sunplay-super-block-spf50-pa-30gr\/","url":"https:\/\/sachs.azdigi.shop\/index.php\/product\/sua-chong-nang-cuc-manh-sunplay-super-block-spf50-pa-30gr\/","name":"S\u1eefa Ch\u1ed1ng N\u1eafng C\u1ef1c M\u1ea1nh Sunplay Super Block SPF50+ PA++++ 30Gr - Artify","isPartOf":{"@id":"https:\/\/sachs.azdigi.shop\/#website"},"primaryImageOfPage":{"@id":"https:\/\/sachs.azdigi.shop\/index.php\/product\/sua-chong-nang-cuc-manh-sunplay-super-block-spf50-pa-30gr\/#primaryimage"},"image":{"@id":"https:\/\/sachs.azdigi.shop\/index.php\/product\/sua-chong-nang-cuc-manh-sunplay-super-block-spf50-pa-30gr\/#primaryimage"},"thumbnailUrl":"https:\/\/sachs.azdigi.shop\/wp-content\/uploads\/2026\/04\/sunplay.webp","datePublished":"2026-04-15T10:57:12+00:00","description":"S\u1eefa ch\u1ed1ng n\u1eafng Sunplay Super Block SPF50+ PA++++ ch\u1ed1ng tia UVA\/UVB m\u1ea1nh m\u1ebd, kh\u00e1ng n\u01b0\u1edbc t\u1ed1t, ph\u00f9 h\u1ee3p \u0111i bi\u1ec3n, b\u01a1i l\u1ed9i, v\u1eadn \u0111\u1ed9ng ngo\u00e0i tr\u1eddi.","breadcrumb":{"@id":"https:\/\/sachs.azdigi.shop\/index.php\/product\/sua-chong-nang-cuc-manh-sunplay-super-block-spf50-pa-30gr\/#breadcrumb"},"inLanguage":"en-US","potentialAction":[{"@type":"ReadAction","target":["https:\/\/sachs.azdigi.shop\/index.php\/product\/sua-chong-nang-cuc-manh-sunplay-super-block-spf50-pa-30gr\/"]}]},{"@type":"ImageObject","inLanguage":"en-US","@id":"https:\/\/sachs.azdigi.shop\/index.php\/product\/sua-chong-nang-cuc-manh-sunplay-super-block-spf50-pa-30gr\/#primaryimage","url":"https:\/\/sachs.azdigi.shop\/wp-content\/uploads\/2026\/04\/sunplay.webp","contentUrl":"https:\/\/sachs.azdigi.shop\/wp-content\/uploads\/2026\/04\/sunplay.webp","width":700,"height":700},{"@type":"BreadcrumbList","@id":"https:\/\/sachs.azdigi.shop\/index.php\/product\/sua-chong-nang-cuc-manh-sunplay-super-block-spf50-pa-30gr\/#breadcrumb","itemListElement":[{"@type":"ListItem","position":1,"name":"Home","item":"https:\/\/sachs.azdigi.shop\/"},{"@type":"ListItem","position":2,"name":"Shop","item":"https:\/\/sachs.azdigi.shop\/index.php\/shop\/"},{"@type":"ListItem","position":3,"name":"S\u1eefa Ch\u1ed1ng N\u1eafng C\u1ef1c M\u1ea1nh Sunplay Super Block SPF50+ PA++++ 30Gr"}]},{"@type":"WebSite","@id":"https:\/\/sachs.azdigi.shop\/#website","url":"https:\/\/sachs.azdigi.shop\/","name":"Artify","description":"","potentialAction":[{"@type":"SearchAction","target":{"@type":"EntryPoint","urlTemplate":"https:\/\/sachs.azdigi.shop\/?s={search_term_string}"},"query-input":{"@type":"PropertyValueSpecification","valueRequired":true,"valueName":"search_term_string"}}],"inLanguage":"en-US"}]}},"_links":{"self":[{"href":"https:\/\/sachs.azdigi.shop\/index.php\/wp-json\/wp\/v2\/product\/144","targetHints":{"allow":["GET"]}}],"collection":[{"href":"https:\/\/sachs.azdigi.shop\/index.php\/wp-json\/wp\/v2\/product"}],"about":[{"href":"https:\/\/sachs.azdigi.shop\/index.php\/wp-json\/wp\/v2\/types\/product"}],"replies":[{"embeddable":true,"href":"https:\/\/sachs.azdigi.shop\/index.php\/wp-json\/wp\/v2\/comments?post=144"}],"wp:featuredmedia":[{"embeddable":true,"href":"https:\/\/sachs.azdigi.shop\/index.php\/wp-json\/wp\/v2\/media\/149"}],"wp:attachment":[{"href":"https:\/\/sachs.azdigi.shop\/index.php\/wp-json\/wp\/v2\/media?parent=144"}],"wp:term":[{"taxonomy":"product_brand","embeddable":true,"href":"https:\/\/sachs.azdigi.shop\/index.php\/wp-json\/wp\/v2\/product_brand?post=144"},{"taxonomy":"product_cat","embeddable":true,"href":"https:\/\/sachs.azdigi.shop\/index.php\/wp-json\/wp\/v2\/product_cat?post=144"},{"taxonomy":"product_tag","embeddable":true,"href":"https:\/\/sachs.azdigi.shop\/index.php\/wp-json\/wp\/v2\/product_tag?post=144"}],"curies":[{"name":"wp","href":"https:\/\/api.w.org\/{rel}","templated":true}]}}