{"id":153,"date":"2026-04-15T11:12:23","date_gmt":"2026-04-15T11:12:23","guid":{"rendered":"https:\/\/sachs.azdigi.shop\/?post_type=product&#038;p=153"},"modified":"2026-04-15T11:12:23","modified_gmt":"2026-04-15T11:12:23","slug":"mieng-dan-some-by-mi-giam-mun-than-ky-cho-moi-loai-da-spot-patch","status":"publish","type":"product","link":"https:\/\/sachs.azdigi.shop\/index.php\/product\/mieng-dan-some-by-mi-giam-mun-than-ky-cho-moi-loai-da-spot-patch\/","title":{"rendered":"Mi\u1ebfng D\u00e1n Some By Mi Gi\u1ea3m M\u1ee5n Th\u1ea7n K\u1ef3 Cho M\u1ecdi Lo\u1ea1i Da Spot Patch"},"content":{"rendered":"<div id=\"tab-label-description\" class=\"data item title active\" tabindex=\"0\" role=\"tab\" data-role=\"collapsible\" data-collapsible=\"true\" aria-controls=\"description\" aria-selected=\"false\" aria-expanded=\"true\"><strong style=\"color: #555555; font-size: 14.4px;\">Mi\u1ebfng D\u00e1n M\u1ee5n Some By Mi Clear Spot Patch<\/strong><span style=\"color: #555555; font-size: 14.4px;\">\u00a0l\u00e0 s\u1ea3n ph\u1ea9m mi\u1ebfng d\u00e1n m\u1ee5n <\/span><span style=\"color: #555555; font-size: 14.4px;\">s\u1eed d\u1ee5ng c\u00f4ng th\u1ee9c \u0111\u1ed9c quy\u1ec1n c\u1ee7a th\u01b0\u01a1ng hi\u1ec7u m\u1ef9 ph\u1ea9m H\u00e0n Qu\u1ed1c SOME BY MI <\/span><span style=\"color: #555555; font-size: 14.4px;\">n\u1ed5i ti\u1ebfng, v\u1edbi kh\u1ea3 n\u0103ng h\u1ea5p thu nh\u00e2n m\u1ee5n, ng\u0103n ng\u1eeba s\u1ef1 nhi\u1ec5m tr\u00f9ng v\u00e0 kh\u00e1ng n\u01b0\u1edbc t\u1ed1i \u01b0u s\u1ebd l\u00e0 l\u1ef1a ch\u1ecdn ho\u00e0n h\u1ea3o d\u00e0nh cho nh\u1eefng l\u00e0n da \u0111ang g\u1eb7p v\u1ea5n \u0111\u1ec1 v\u1ec1 m\u1ee5n. S\u1ea3n ph\u1ea9m c\u00f3 thi\u1ebft k\u1ebf si\u00eau m\u1ecfng v\u00e0 d\u1ec5 s\u1eed d\u1ee5ng, ti\u1ec7p v\u1edbi m\u00e0u da kh\u00f4ng g\u00e2y m\u1ea5t th\u1ea9m m\u1ef9, nhanh ch\u00f3ng l\u00e0m gi\u1ea3m m\u1ee5n ch\u1ec9 sau 8 gi\u1edd d\u00e1n.<\/span><\/div>\n<div tabindex=\"0\" role=\"tab\" data-role=\"collapsible\" data-collapsible=\"true\" aria-controls=\"description\" aria-selected=\"false\" aria-expanded=\"true\"><img loading=\"lazy\" decoding=\"async\" class=\"aligncenter wp-image-158 size-large\" src=\"https:\/\/sachs.azdigi.shop\/wp-content\/uploads\/2026\/04\/mieng-dan-mun-some-by-mi-18-mieng-1_1-722x1024.jpg\" alt=\"\" width=\"722\" height=\"1024\" srcset=\"https:\/\/sachs.azdigi.shop\/wp-content\/uploads\/2026\/04\/mieng-dan-mun-some-by-mi-18-mieng-1_1-722x1024.jpg 722w, https:\/\/sachs.azdigi.shop\/wp-content\/uploads\/2026\/04\/mieng-dan-mun-some-by-mi-18-mieng-1_1-212x300.jpg 212w, https:\/\/sachs.azdigi.shop\/wp-content\/uploads\/2026\/04\/mieng-dan-mun-some-by-mi-18-mieng-1_1-768x1089.jpg 768w, https:\/\/sachs.azdigi.shop\/wp-content\/uploads\/2026\/04\/mieng-dan-mun-some-by-mi-18-mieng-1_1-600x851.jpg 600w, https:\/\/sachs.azdigi.shop\/wp-content\/uploads\/2026\/04\/mieng-dan-mun-some-by-mi-18-mieng-1_1.jpg 846w\" sizes=\"auto, (max-width: 722px) 100vw, 722px\" \/><\/div>\n<div tabindex=\"0\" role=\"tab\" data-role=\"collapsible\" data-collapsible=\"true\" aria-controls=\"description\" aria-selected=\"false\" aria-expanded=\"true\">\n<h4 id=\"QVUT56Y\"><strong>C\u00d4NG D\u1ee4NG CH\u00cdNH \u2013 MAIN FUNCTION C\u1ee6A MI\u1ebeNG D\u00c1N M\u1ee4N SOME BY MI<\/strong><\/h4>\n<p>&#8211; V\u1edbi thi\u1ebft k\u1ebf \u0111\u1ed9c \u0111\u00e1o Hydrocolloid gi\u00fap b\u1ea3o v\u1ec7 v\u1ebft th\u01b0\u01a1ng m\u1ee5n kh\u1ecfi s\u1ef1 x\u00e2m nh\u1eadp c\u1ee7a vi khu\u1ea9n, m\u00f4i tr\u01b0\u1eddng, \u0111\u1ea9y nhanh qu\u00e1 tr\u00ecnh l\u00e0m l\u00e0nh v\u1ebft th\u01b0\u01a1ng. B\u00ean c\u1ea1nh \u0111\u00f3 v\u1edbi c\u00f4ng th\u1ee9c \u0111\u1ed9c quy\u1ec1n, s\u1ea3n ph\u1ea9m c\u00f3 th\u1ec3 h\u00fat \u0111\u01b0\u1ee3c nh\u00e2n m\u1ee5n m\u00e0 kh\u00f4ng g\u00e2y \u0111au hay tr\u1ea7y x\u01b0\u1edbc da<\/p>\n<p>&#8211; \u0110\u1eb7c bi\u1ec7t v\u1edbi k\u00edch th\u01b0\u1edbc si\u00eau m\u00f2ng c\u00f3 th\u1ec3 \u2018h\u00edt\u2019 v\u00e0o da m\u00e0 kh\u00f4ng \u0111\u1ec3 l\u1ea1i d\u1ea5u v\u00eat g\u00ec, r\u1ea5t th\u00edch h\u1ee3p v\u1edbi c\u00f4 n\u00e0ng th\u00edch trang \u0111i\u1ec3m \u0111\u00e2y<\/p>\n<p>&#8211; C\u00f9ng v\u1edbi kh\u1ea3 n\u0103ng ch\u1ed3ng n\u01b0\u1edbc v\u00e0 m\u00f4 h\u00f4i cao, n\u00ean c\u00e1c n\u00e0ng c\u1ee9 v\u00f4 t\u01b0 \u0111i b\u01a1i m\u00e0 kh\u00f4ng s\u1ee3 b\u1ecb r\u01a1i ra, \u1ea3nh h\u01b0\u1edfng \u0111\u1ebfn v\u1ebft th\u01b0\u01a1ng v\u00e0 m\u1ee5n<\/p>\n<h4><strong>TH\u00c0NH PH\u1ea6N C\u1ee6A MI\u1ebeNG D\u00c1N M\u1ee4N SOME BY MI<\/strong><\/h4>\n<p><strong>Th\u00e0nh ph\u1ea7n ch\u00ednh:<\/strong><\/p>\n<p>Chi\u1ebft xu\u1ea5t tinh d\u1ea7u tr\u00e0m tr\u00e0 k\u1ebft h\u1ee3p v\u1edbi Salicylic acid c\u00f3 kh\u1ea3 n\u0103ng kh\u00e1ng khu\u1ea9n, c\u00f3 kh\u1ea3 n\u0103ng gom c\u1ed3i m\u1ee5n nhanh ch\u00f3ng.<\/p>\n<p><strong><span id=\"SXDEF40\">Th\u00e0nh ph\u1ea7n chi ti\u1ebft:<\/span><\/strong><\/p>\n<p>Lavender, Salicylic acid, d\u1ea7u khuynh di\u1ec7p (Eucalyptus oil), d\u1ea7u tr\u00e0m tr\u00e0 (Tea tree oil), chi\u1ebft xu\u1ea5t b\u1ea1c h\u00e0 (Peppermint).<\/p>\n<h4 id=\"G1MHYYR\"><strong>C\u00c1CH D\u00d9NG \u2013 DIRECTION FOR USE C\u1ee6A S\u1ea2N PH\u1ea8M MI\u1ebeNG D\u00c1N M\u1ee4N SOME BY MI<\/strong><\/h4>\n<p>G\u1ee1 mi\u1ebfng d\u00e1n m\u1ee5n ra kh\u1ecfi t\u1ea5m flim, d\u00e1n l\u00ean n\u1ed1t ho\u1eb7c v\u00f9ng da t\u1ed5n th\u01b0\u01a1ng sau n\u1eb7n m\u1ee5n<\/p>\n<p><strong>B\u1ea3o qu\u1ea3n:<\/strong>\u00a0Tr\u00e1nh nhi\u1ec7t \u0111\u1ed9 cao, \u00e1nh n\u1eafng tr\u1ef1c ti\u1ebfp<\/p>\n<p><strong>L\u01b0u \u00fd:<\/strong>\u00a0Tr\u00e1nh xa t\u1ea7m tay tr\u1ebb em<\/p>\n<\/div>\n","protected":false},"excerpt":{"rendered":"<p>Mi\u1ebfng D\u00e1n M\u1ee5n Some By Mi Clear Spot Patch\u00a0l\u00e0 s\u1ea3n ph\u1ea9m mi\u1ebfng d\u00e1n m\u1ee5n s\u1eed d\u1ee5ng c\u00f4ng th\u1ee9c \u0111\u1ed9c quy\u1ec1n c\u1ee7a th\u01b0\u01a1ng hi\u1ec7u m\u1ef9 ph\u1ea9m H\u00e0n Qu\u1ed1c SOME BY MI n\u1ed5i ti\u1ebfng, v\u1edbi kh\u1ea3 n\u0103ng h\u1ea5p thu nh\u00e2n m\u1ee5n, ng\u0103n ng\u1eeba s\u1ef1 nhi\u1ec5m tr\u00f9ng v\u00e0 kh\u00e1ng n\u01b0\u1edbc t\u1ed1i \u01b0u s\u1ebd l\u00e0 l\u1ef1a ch\u1ecdn ho\u00e0n h\u1ea3o [&#8230;]\n","protected":false},"featured_media":157,"comment_status":"open","ping_status":"closed","template":"","meta":[],"product_brand":[],"product_cat":[17],"product_tag":[],"class_list":{"0":"post-153","1":"product","2":"type-product","3":"status-publish","4":"has-post-thumbnail","6":"product_cat-uncategorized","8":"first","9":"instock","10":"sale","11":"shipping-taxable","12":"purchasable","13":"product-type-variable"},"yoast_head":"<!-- This site is optimized with the Yoast SEO plugin v26.9 - https:\/\/yoast.com\/product\/yoast-seo-wordpress\/ -->\n<title>Mi\u1ebfng D\u00e1n Some By Mi Gi\u1ea3m M\u1ee5n Th\u1ea7n K\u1ef3 Cho M\u1ecdi Lo\u1ea1i Da Spot Patch - Artify<\/title>\n<meta name=\"description\" content=\"Mi\u1ebfng d\u00e1n m\u1ee5n Some By Mi Clear Spot Patch gi\u00fap h\u00fat nh\u00e2n m\u1ee5n, kh\u00e1ng khu\u1ea9n, gi\u1ea3m s\u01b0ng nhanh sau 8 gi\u1edd, si\u00eau m\u1ecfng, kh\u00e1ng n\u01b0\u1edbc, ph\u00f9 h\u1ee3p m\u1ecdi lo\u1ea1i da.\" \/>\n<meta name=\"robots\" content=\"index, follow, max-snippet:-1, max-image-preview:large, max-video-preview:-1\" \/>\n<link rel=\"canonical\" href=\"https:\/\/sachs.azdigi.shop\/index.php\/product\/mieng-dan-some-by-mi-giam-mun-than-ky-cho-moi-loai-da-spot-patch\/\" \/>\n<meta property=\"og:locale\" content=\"en_US\" \/>\n<meta property=\"og:type\" content=\"article\" \/>\n<meta property=\"og:title\" content=\"Mi\u1ebfng D\u00e1n Some By Mi Gi\u1ea3m M\u1ee5n Th\u1ea7n K\u1ef3 Cho M\u1ecdi Lo\u1ea1i Da Spot Patch - Artify\" \/>\n<meta property=\"og:description\" content=\"Mi\u1ebfng d\u00e1n m\u1ee5n Some By Mi Clear Spot Patch gi\u00fap h\u00fat nh\u00e2n m\u1ee5n, kh\u00e1ng khu\u1ea9n, gi\u1ea3m s\u01b0ng nhanh sau 8 gi\u1edd, si\u00eau m\u1ecfng, kh\u00e1ng n\u01b0\u1edbc, ph\u00f9 h\u1ee3p m\u1ecdi lo\u1ea1i da.\" \/>\n<meta property=\"og:url\" content=\"https:\/\/sachs.azdigi.shop\/index.php\/product\/mieng-dan-some-by-mi-giam-mun-than-ky-cho-moi-loai-da-spot-patch\/\" \/>\n<meta property=\"og:site_name\" content=\"Artify\" \/>\n<meta property=\"og:image\" content=\"https:\/\/sachs.azdigi.shop\/wp-content\/uploads\/2026\/04\/mieng-dan.webp\" \/>\n\t<meta property=\"og:image:width\" content=\"700\" \/>\n\t<meta property=\"og:image:height\" content=\"700\" \/>\n\t<meta property=\"og:image:type\" content=\"image\/webp\" \/>\n<meta name=\"twitter:card\" content=\"summary_large_image\" \/>\n<meta name=\"twitter:label1\" content=\"Est. reading time\" \/>\n\t<meta name=\"twitter:data1\" content=\"2 minutes\" \/>\n<script type=\"application\/ld+json\" class=\"yoast-schema-graph\">{\"@context\":\"https:\/\/schema.org\",\"@graph\":[{\"@type\":\"WebPage\",\"@id\":\"https:\/\/sachs.azdigi.shop\/index.php\/product\/mieng-dan-some-by-mi-giam-mun-than-ky-cho-moi-loai-da-spot-patch\/\",\"url\":\"https:\/\/sachs.azdigi.shop\/index.php\/product\/mieng-dan-some-by-mi-giam-mun-than-ky-cho-moi-loai-da-spot-patch\/\",\"name\":\"Mi\u1ebfng D\u00e1n Some By Mi Gi\u1ea3m M\u1ee5n Th\u1ea7n K\u1ef3 Cho M\u1ecdi Lo\u1ea1i Da Spot Patch - Artify\",\"isPartOf\":{\"@id\":\"https:\/\/sachs.azdigi.shop\/#website\"},\"primaryImageOfPage\":{\"@id\":\"https:\/\/sachs.azdigi.shop\/index.php\/product\/mieng-dan-some-by-mi-giam-mun-than-ky-cho-moi-loai-da-spot-patch\/#primaryimage\"},\"image\":{\"@id\":\"https:\/\/sachs.azdigi.shop\/index.php\/product\/mieng-dan-some-by-mi-giam-mun-than-ky-cho-moi-loai-da-spot-patch\/#primaryimage\"},\"thumbnailUrl\":\"https:\/\/sachs.azdigi.shop\/wp-content\/uploads\/2026\/04\/mieng-dan.webp\",\"datePublished\":\"2026-04-15T11:12:23+00:00\",\"description\":\"Mi\u1ebfng d\u00e1n m\u1ee5n Some By Mi Clear Spot Patch gi\u00fap h\u00fat nh\u00e2n m\u1ee5n, kh\u00e1ng khu\u1ea9n, gi\u1ea3m s\u01b0ng nhanh sau 8 gi\u1edd, si\u00eau m\u1ecfng, kh\u00e1ng n\u01b0\u1edbc, ph\u00f9 h\u1ee3p m\u1ecdi lo\u1ea1i da.\",\"breadcrumb\":{\"@id\":\"https:\/\/sachs.azdigi.shop\/index.php\/product\/mieng-dan-some-by-mi-giam-mun-than-ky-cho-moi-loai-da-spot-patch\/#breadcrumb\"},\"inLanguage\":\"en-US\",\"potentialAction\":[{\"@type\":\"ReadAction\",\"target\":[\"https:\/\/sachs.azdigi.shop\/index.php\/product\/mieng-dan-some-by-mi-giam-mun-than-ky-cho-moi-loai-da-spot-patch\/\"]}]},{\"@type\":\"ImageObject\",\"inLanguage\":\"en-US\",\"@id\":\"https:\/\/sachs.azdigi.shop\/index.php\/product\/mieng-dan-some-by-mi-giam-mun-than-ky-cho-moi-loai-da-spot-patch\/#primaryimage\",\"url\":\"https:\/\/sachs.azdigi.shop\/wp-content\/uploads\/2026\/04\/mieng-dan.webp\",\"contentUrl\":\"https:\/\/sachs.azdigi.shop\/wp-content\/uploads\/2026\/04\/mieng-dan.webp\",\"width\":700,\"height\":700},{\"@type\":\"BreadcrumbList\",\"@id\":\"https:\/\/sachs.azdigi.shop\/index.php\/product\/mieng-dan-some-by-mi-giam-mun-than-ky-cho-moi-loai-da-spot-patch\/#breadcrumb\",\"itemListElement\":[{\"@type\":\"ListItem\",\"position\":1,\"name\":\"Home\",\"item\":\"https:\/\/sachs.azdigi.shop\/\"},{\"@type\":\"ListItem\",\"position\":2,\"name\":\"Shop\",\"item\":\"https:\/\/sachs.azdigi.shop\/index.php\/shop\/\"},{\"@type\":\"ListItem\",\"position\":3,\"name\":\"Mi\u1ebfng D\u00e1n Some By Mi Gi\u1ea3m M\u1ee5n Th\u1ea7n K\u1ef3 Cho M\u1ecdi Lo\u1ea1i Da Spot Patch\"}]},{\"@type\":\"WebSite\",\"@id\":\"https:\/\/sachs.azdigi.shop\/#website\",\"url\":\"https:\/\/sachs.azdigi.shop\/\",\"name\":\"Artify\",\"description\":\"\",\"potentialAction\":[{\"@type\":\"SearchAction\",\"target\":{\"@type\":\"EntryPoint\",\"urlTemplate\":\"https:\/\/sachs.azdigi.shop\/?s={search_term_string}\"},\"query-input\":{\"@type\":\"PropertyValueSpecification\",\"valueRequired\":true,\"valueName\":\"search_term_string\"}}],\"inLanguage\":\"en-US\"}]}<\/script>\n<!-- \/ Yoast SEO plugin. -->","yoast_head_json":{"title":"Mi\u1ebfng D\u00e1n Some By Mi Gi\u1ea3m M\u1ee5n Th\u1ea7n K\u1ef3 Cho M\u1ecdi Lo\u1ea1i Da Spot Patch - Artify","description":"Mi\u1ebfng d\u00e1n m\u1ee5n Some By Mi Clear Spot Patch gi\u00fap h\u00fat nh\u00e2n m\u1ee5n, kh\u00e1ng khu\u1ea9n, gi\u1ea3m s\u01b0ng nhanh sau 8 gi\u1edd, si\u00eau m\u1ecfng, kh\u00e1ng n\u01b0\u1edbc, ph\u00f9 h\u1ee3p m\u1ecdi lo\u1ea1i da.","robots":{"index":"index","follow":"follow","max-snippet":"max-snippet:-1","max-image-preview":"max-image-preview:large","max-video-preview":"max-video-preview:-1"},"canonical":"https:\/\/sachs.azdigi.shop\/index.php\/product\/mieng-dan-some-by-mi-giam-mun-than-ky-cho-moi-loai-da-spot-patch\/","og_locale":"en_US","og_type":"article","og_title":"Mi\u1ebfng D\u00e1n Some By Mi Gi\u1ea3m M\u1ee5n Th\u1ea7n K\u1ef3 Cho M\u1ecdi Lo\u1ea1i Da Spot Patch - Artify","og_description":"Mi\u1ebfng d\u00e1n m\u1ee5n Some By Mi Clear Spot Patch gi\u00fap h\u00fat nh\u00e2n m\u1ee5n, kh\u00e1ng khu\u1ea9n, gi\u1ea3m s\u01b0ng nhanh sau 8 gi\u1edd, si\u00eau m\u1ecfng, kh\u00e1ng n\u01b0\u1edbc, ph\u00f9 h\u1ee3p m\u1ecdi lo\u1ea1i da.","og_url":"https:\/\/sachs.azdigi.shop\/index.php\/product\/mieng-dan-some-by-mi-giam-mun-than-ky-cho-moi-loai-da-spot-patch\/","og_site_name":"Artify","og_image":[{"width":700,"height":700,"url":"https:\/\/sachs.azdigi.shop\/wp-content\/uploads\/2026\/04\/mieng-dan.webp","type":"image\/webp"}],"twitter_card":"summary_large_image","twitter_misc":{"Est. reading time":"2 minutes"},"schema":{"@context":"https:\/\/schema.org","@graph":[{"@type":"WebPage","@id":"https:\/\/sachs.azdigi.shop\/index.php\/product\/mieng-dan-some-by-mi-giam-mun-than-ky-cho-moi-loai-da-spot-patch\/","url":"https:\/\/sachs.azdigi.shop\/index.php\/product\/mieng-dan-some-by-mi-giam-mun-than-ky-cho-moi-loai-da-spot-patch\/","name":"Mi\u1ebfng D\u00e1n Some By Mi Gi\u1ea3m M\u1ee5n Th\u1ea7n K\u1ef3 Cho M\u1ecdi Lo\u1ea1i Da Spot Patch - Artify","isPartOf":{"@id":"https:\/\/sachs.azdigi.shop\/#website"},"primaryImageOfPage":{"@id":"https:\/\/sachs.azdigi.shop\/index.php\/product\/mieng-dan-some-by-mi-giam-mun-than-ky-cho-moi-loai-da-spot-patch\/#primaryimage"},"image":{"@id":"https:\/\/sachs.azdigi.shop\/index.php\/product\/mieng-dan-some-by-mi-giam-mun-than-ky-cho-moi-loai-da-spot-patch\/#primaryimage"},"thumbnailUrl":"https:\/\/sachs.azdigi.shop\/wp-content\/uploads\/2026\/04\/mieng-dan.webp","datePublished":"2026-04-15T11:12:23+00:00","description":"Mi\u1ebfng d\u00e1n m\u1ee5n Some By Mi Clear Spot Patch gi\u00fap h\u00fat nh\u00e2n m\u1ee5n, kh\u00e1ng khu\u1ea9n, gi\u1ea3m s\u01b0ng nhanh sau 8 gi\u1edd, si\u00eau m\u1ecfng, kh\u00e1ng n\u01b0\u1edbc, ph\u00f9 h\u1ee3p m\u1ecdi lo\u1ea1i da.","breadcrumb":{"@id":"https:\/\/sachs.azdigi.shop\/index.php\/product\/mieng-dan-some-by-mi-giam-mun-than-ky-cho-moi-loai-da-spot-patch\/#breadcrumb"},"inLanguage":"en-US","potentialAction":[{"@type":"ReadAction","target":["https:\/\/sachs.azdigi.shop\/index.php\/product\/mieng-dan-some-by-mi-giam-mun-than-ky-cho-moi-loai-da-spot-patch\/"]}]},{"@type":"ImageObject","inLanguage":"en-US","@id":"https:\/\/sachs.azdigi.shop\/index.php\/product\/mieng-dan-some-by-mi-giam-mun-than-ky-cho-moi-loai-da-spot-patch\/#primaryimage","url":"https:\/\/sachs.azdigi.shop\/wp-content\/uploads\/2026\/04\/mieng-dan.webp","contentUrl":"https:\/\/sachs.azdigi.shop\/wp-content\/uploads\/2026\/04\/mieng-dan.webp","width":700,"height":700},{"@type":"BreadcrumbList","@id":"https:\/\/sachs.azdigi.shop\/index.php\/product\/mieng-dan-some-by-mi-giam-mun-than-ky-cho-moi-loai-da-spot-patch\/#breadcrumb","itemListElement":[{"@type":"ListItem","position":1,"name":"Home","item":"https:\/\/sachs.azdigi.shop\/"},{"@type":"ListItem","position":2,"name":"Shop","item":"https:\/\/sachs.azdigi.shop\/index.php\/shop\/"},{"@type":"ListItem","position":3,"name":"Mi\u1ebfng D\u00e1n Some By Mi Gi\u1ea3m M\u1ee5n Th\u1ea7n K\u1ef3 Cho M\u1ecdi Lo\u1ea1i Da Spot Patch"}]},{"@type":"WebSite","@id":"https:\/\/sachs.azdigi.shop\/#website","url":"https:\/\/sachs.azdigi.shop\/","name":"Artify","description":"","potentialAction":[{"@type":"SearchAction","target":{"@type":"EntryPoint","urlTemplate":"https:\/\/sachs.azdigi.shop\/?s={search_term_string}"},"query-input":{"@type":"PropertyValueSpecification","valueRequired":true,"valueName":"search_term_string"}}],"inLanguage":"en-US"}]}},"_links":{"self":[{"href":"https:\/\/sachs.azdigi.shop\/index.php\/wp-json\/wp\/v2\/product\/153","targetHints":{"allow":["GET"]}}],"collection":[{"href":"https:\/\/sachs.azdigi.shop\/index.php\/wp-json\/wp\/v2\/product"}],"about":[{"href":"https:\/\/sachs.azdigi.shop\/index.php\/wp-json\/wp\/v2\/types\/product"}],"replies":[{"embeddable":true,"href":"https:\/\/sachs.azdigi.shop\/index.php\/wp-json\/wp\/v2\/comments?post=153"}],"wp:featuredmedia":[{"embeddable":true,"href":"https:\/\/sachs.azdigi.shop\/index.php\/wp-json\/wp\/v2\/media\/157"}],"wp:attachment":[{"href":"https:\/\/sachs.azdigi.shop\/index.php\/wp-json\/wp\/v2\/media?parent=153"}],"wp:term":[{"taxonomy":"product_brand","embeddable":true,"href":"https:\/\/sachs.azdigi.shop\/index.php\/wp-json\/wp\/v2\/product_brand?post=153"},{"taxonomy":"product_cat","embeddable":true,"href":"https:\/\/sachs.azdigi.shop\/index.php\/wp-json\/wp\/v2\/product_cat?post=153"},{"taxonomy":"product_tag","embeddable":true,"href":"https:\/\/sachs.azdigi.shop\/index.php\/wp-json\/wp\/v2\/product_tag?post=153"}],"curies":[{"name":"wp","href":"https:\/\/api.w.org\/{rel}","templated":true}]}}