{"id":162,"date":"2026-04-15T11:27:00","date_gmt":"2026-04-15T11:27:00","guid":{"rendered":"https:\/\/sachs.azdigi.shop\/?post_type=product&#038;p=162"},"modified":"2026-04-15T11:27:00","modified_gmt":"2026-04-15T11:27:00","slug":"nuoc-tay-trang-loreal-paris-3-in-1-micellar-water-lam-tuoi-mat-da","status":"publish","type":"product","link":"https:\/\/sachs.azdigi.shop\/index.php\/product\/nuoc-tay-trang-loreal-paris-3-in-1-micellar-water-lam-tuoi-mat-da\/","title":{"rendered":"N\u01b0\u1edbc T\u1ea9y Trang L&#8217;Or\u00e9al Paris 3 In 1 Micellar Water L\u00e0m T\u01b0\u01a1i M\u00e1t Da"},"content":{"rendered":"<p><strong>N\u01b0\u1edbc t\u1ea9y trang<\/strong> v\u1edbi c\u00f4ng ngh\u1ec7 m\u1edbi nh\u1ea5t <strong>L&#8217;Oreal<\/strong>\u00a0Paris 3-in-1 Micellar Water \u0111a t\u00e1c d\u1ee5ng v\u1eeba gi\u00fap l\u00e0m s\u1ea1ch l\u1ea5y \u0111i s\u1ea1ch c\u1eb7n trang \u0111i\u1ec3m nh\u1eefng v\u1eabn gi\u00fap da gi\u1eef \u1ea9m, th\u00f4ng tho\u00e1ng v\u00e0 m\u1ec1m m\u01b0\u1ee3t ch\u1ec9 trong m\u1ed9t b\u01b0\u1edbc<\/p>\n<h4><strong>TH\u00c0NH PH\u1ea6N<\/strong><\/h4>\n<p><strong>Th\u00e0nh ph\u1ea7n ch\u00ednh:<\/strong><\/p>\n<ul>\n<li><strong>N\u01b0\u1edbc kho\u00e1ng l\u1ea5y t\u1eeb nh\u1eefng ng\u1ecdn n\u00fai \u1edf Ph\u00e1p:<\/strong>\u00a0l\u00e0m d\u1ecbu v\u00e0 gi\u00fap l\u00e0n da tr\u00f4ng t\u01b0\u01a1i t\u1eafn l\u00ean sau khi t\u1ea9y trang.<\/li>\n<\/ul>\n<p><strong>Th\u00e0nh ph\u1ea7n chi ti\u1ebft<\/strong><\/p>\n<p>Aqua \/ Water, Hexylene Glycol, Glycerin, Poloxamer 184, Disodium Cocoamphodiacetate, Disodium Edta, BHT , Polyaminopropyl Biguanide.<\/p>\n<h4 class=\"text-lg font-bold mb-2.5\"><strong>H\u01af\u1edaNG D\u1eaaN S\u1eec D\u1ee4NG<\/strong><\/h4>\n<p><img loading=\"lazy\" decoding=\"async\" class=\"aligncenter wp-image-164 size-full\" src=\"https:\/\/sachs.azdigi.shop\/wp-content\/uploads\/2026\/04\/loreal-3.webp\" alt=\"\" width=\"700\" height=\"700\" srcset=\"https:\/\/sachs.azdigi.shop\/wp-content\/uploads\/2026\/04\/loreal-3.webp 700w, https:\/\/sachs.azdigi.shop\/wp-content\/uploads\/2026\/04\/loreal-3-300x300.webp 300w, https:\/\/sachs.azdigi.shop\/wp-content\/uploads\/2026\/04\/loreal-3-150x150.webp 150w, https:\/\/sachs.azdigi.shop\/wp-content\/uploads\/2026\/04\/loreal-3-600x600.webp 600w, https:\/\/sachs.azdigi.shop\/wp-content\/uploads\/2026\/04\/loreal-3-100x100.webp 100w\" sizes=\"auto, (max-width: 700px) 100vw, 700px\" \/><\/p>\n<div class=\"product-detail-html-content table-overflow-auto p-2.5 -m-2.5 overflow-hidden [&amp;_a]:text-[#326E51] [&amp;_ul_ul]:list-[circle] [&amp;_ul]:pl-10 [&amp;_ul]:mb-2.5 [&amp;_ol]:pl-10 [&amp;_ol]:mb-2.5 [&amp;_h2]:mb-2.5 [&amp;_h3]:mb-2.5 [&amp;_h4]:mb-2.5 [&amp;_p]:mb-2.5 [&amp;_a]:font-bold [&amp;_img]:inline-block [&amp;_iframe]:inline-block [&amp;_video]:inline-block [&amp;_ul]:list-disc [&amp;_ol]:list-decimal [&amp;_li]:list-item [&amp;_table]:max-w-full [&amp;_table]:mb-2.5 [&amp;_td]:border [&amp;_td]:border-[#808080] [&amp;_blockquote]:p-2.5 [&amp;_blockquote]:pl-4 [&amp;_blockquote]:mb-2.5 [&amp;_blockquote]:border-l-[5px] [&amp;_hr]:mb-2.5 [&amp;_blockquote]:border-l-[#eee] text-sm\">\n<ul>\n<li>L\u1eafc \u0111\u1ec1u s\u1ea3n ph\u1ea9m\u00a0<strong>N\u01b0\u1edbc T\u1ea9y Trang L&#8217;Oreal<\/strong>\u00a0tr\u01b0\u1edbc khi s\u1eed d\u1ee5ng.<\/li>\n<li>\u0110\u1ed5 n\u01b0\u1edbc t\u1ea9y trang th\u1ea5m \u01b0\u1edbt v\u1eeba \u0111\u1ee7 l\u00ean mi\u1ebfng b\u00f4ng t\u1ea9y trang.<\/li>\n<li>Nh\u1eb9 nh\u00e0ng lau l\u00ean m\u1eb7t, m\u1eaft v\u00e0 m\u00f4i theo chuy\u1ec3n \u0111\u1ed9ng tr\u00f2n (Ri\u00eang \u0111\u1ed1i v\u1edbi v\u00f9ng m\u1eaft, b\u1ea1n h\u00e3y gi\u1eef mi\u1ebfng b\u00f4ng t\u1ea9y trang tr\u00ean m\u1eaft v\u00e0i gi\u00e2y \u0111\u1ec3 n\u01b0\u1edbc t\u1ea9y trang th\u1ea5m s\u00e2u v\u00e0 cu\u1ed1n \u0111i l\u1edbp make-up d\u1ec5 d\u00e0ng h\u01a1n).<\/li>\n<li>S\u1eed d\u1ee5ng \u0111\u1ec3 t\u1ea9y trang nhanh (kh\u00f4ng c\u1ea7n r\u1eeda l\u1ea1i v\u1edbi n\u01b0\u1edbc) khi b\u1eadn r\u1ed9n ho\u1eb7c \u1edf nh\u1eefng n\u01a1i thi\u1ebfu n\u01b0\u1edbc: khi \u0111i du l\u1ecbch, \u0111i spa, \u0111i gym, v.v&#8230;<\/li>\n<li>Khuy\u1ebfn kh\u00edch s\u1eed d\u1ee5ng quy tr\u00ecnh ch\u0103m s\u00f3c da ho\u00e0n ch\u1ec9nh \u0111\u1ec3 c\u00f3 hi\u1ec7u qu\u1ea3 d\u01b0\u1ee1ng da t\u1ed1t nh\u1ea5t (N\u01b0\u1edbc t\u1ea9y trang &#8211; S\u1eefa r\u1eeda m\u1eb7t &#8211; N\u01b0\u1edbc hoa h\u1ed3ng &#8211; Kem d\u01b0\u1ee1ng).<\/li>\n<\/ul>\n<\/div>\n","protected":false},"excerpt":{"rendered":"<p>N\u01b0\u1edbc t\u1ea9y trang v\u1edbi c\u00f4ng ngh\u1ec7 m\u1edbi nh\u1ea5t L&#8217;Oreal\u00a0Paris 3-in-1 Micellar Water \u0111a t\u00e1c d\u1ee5ng v\u1eeba gi\u00fap l\u00e0m s\u1ea1ch l\u1ea5y \u0111i s\u1ea1ch c\u1eb7n trang \u0111i\u1ec3m nh\u1eefng v\u1eabn gi\u00fap da gi\u1eef \u1ea9m, th\u00f4ng tho\u00e1ng v\u00e0 m\u1ec1m m\u01b0\u1ee3t ch\u1ec9 trong m\u1ed9t b\u01b0\u1edbc TH\u00c0NH PH\u1ea6N Th\u00e0nh ph\u1ea7n ch\u00ednh: N\u01b0\u1edbc kho\u00e1ng l\u1ea5y t\u1eeb nh\u1eefng ng\u1ecdn n\u00fai \u1edf Ph\u00e1p:\u00a0l\u00e0m d\u1ecbu [&#8230;]\n","protected":false},"featured_media":166,"comment_status":"open","ping_status":"closed","template":"","meta":[],"product_brand":[],"product_cat":[17],"product_tag":[],"class_list":{"0":"post-162","1":"product","2":"type-product","3":"status-publish","4":"has-post-thumbnail","6":"product_cat-uncategorized","8":"first","9":"instock","10":"sale","11":"shipping-taxable","12":"purchasable","13":"product-type-variable"},"yoast_head":"<!-- This site is optimized with the Yoast SEO plugin v26.9 - https:\/\/yoast.com\/product\/yoast-seo-wordpress\/ -->\n<title>N\u01b0\u1edbc T\u1ea9y Trang L&#039;Or\u00e9al Paris 3 In 1 Micellar Water L\u00e0m T\u01b0\u01a1i M\u00e1t Da - Artify<\/title>\n<meta name=\"description\" content=\"N\u01b0\u1edbc t\u1ea9y trang L\u2019Oreal Paris 3-in-1 Micellar Water l\u00e0m s\u1ea1ch s\u00e2u l\u1edbp trang \u0111i\u1ec3m, gi\u1eef \u1ea9m, l\u00e0m d\u1ecbu da v\u1edbi n\u01b0\u1edbc kho\u00e1ng Ph\u00e1p, kh\u00f4ng c\u1ea7n r\u1eeda l\u1ea1i.\" \/>\n<meta name=\"robots\" content=\"index, follow, max-snippet:-1, max-image-preview:large, max-video-preview:-1\" \/>\n<link rel=\"canonical\" href=\"https:\/\/sachs.azdigi.shop\/index.php\/product\/nuoc-tay-trang-loreal-paris-3-in-1-micellar-water-lam-tuoi-mat-da\/\" \/>\n<meta property=\"og:locale\" content=\"en_US\" \/>\n<meta property=\"og:type\" content=\"article\" \/>\n<meta property=\"og:title\" content=\"N\u01b0\u1edbc T\u1ea9y Trang L&#039;Or\u00e9al Paris 3 In 1 Micellar Water L\u00e0m T\u01b0\u01a1i M\u00e1t Da - Artify\" \/>\n<meta property=\"og:description\" content=\"N\u01b0\u1edbc t\u1ea9y trang L\u2019Oreal Paris 3-in-1 Micellar Water l\u00e0m s\u1ea1ch s\u00e2u l\u1edbp trang \u0111i\u1ec3m, gi\u1eef \u1ea9m, l\u00e0m d\u1ecbu da v\u1edbi n\u01b0\u1edbc kho\u00e1ng Ph\u00e1p, kh\u00f4ng c\u1ea7n r\u1eeda l\u1ea1i.\" \/>\n<meta property=\"og:url\" content=\"https:\/\/sachs.azdigi.shop\/index.php\/product\/nuoc-tay-trang-loreal-paris-3-in-1-micellar-water-lam-tuoi-mat-da\/\" \/>\n<meta property=\"og:site_name\" content=\"Artify\" \/>\n<meta property=\"og:image\" content=\"https:\/\/sachs.azdigi.shop\/wp-content\/uploads\/2026\/04\/loreal.webp\" \/>\n\t<meta property=\"og:image:width\" content=\"700\" \/>\n\t<meta property=\"og:image:height\" content=\"700\" \/>\n\t<meta property=\"og:image:type\" content=\"image\/webp\" \/>\n<meta name=\"twitter:card\" content=\"summary_large_image\" \/>\n<meta name=\"twitter:label1\" content=\"Est. reading time\" \/>\n\t<meta name=\"twitter:data1\" content=\"2 minutes\" \/>\n<script type=\"application\/ld+json\" class=\"yoast-schema-graph\">{\"@context\":\"https:\/\/schema.org\",\"@graph\":[{\"@type\":\"WebPage\",\"@id\":\"https:\/\/sachs.azdigi.shop\/index.php\/product\/nuoc-tay-trang-loreal-paris-3-in-1-micellar-water-lam-tuoi-mat-da\/\",\"url\":\"https:\/\/sachs.azdigi.shop\/index.php\/product\/nuoc-tay-trang-loreal-paris-3-in-1-micellar-water-lam-tuoi-mat-da\/\",\"name\":\"N\u01b0\u1edbc T\u1ea9y Trang L'Or\u00e9al Paris 3 In 1 Micellar Water L\u00e0m T\u01b0\u01a1i M\u00e1t Da - Artify\",\"isPartOf\":{\"@id\":\"https:\/\/sachs.azdigi.shop\/#website\"},\"primaryImageOfPage\":{\"@id\":\"https:\/\/sachs.azdigi.shop\/index.php\/product\/nuoc-tay-trang-loreal-paris-3-in-1-micellar-water-lam-tuoi-mat-da\/#primaryimage\"},\"image\":{\"@id\":\"https:\/\/sachs.azdigi.shop\/index.php\/product\/nuoc-tay-trang-loreal-paris-3-in-1-micellar-water-lam-tuoi-mat-da\/#primaryimage\"},\"thumbnailUrl\":\"https:\/\/sachs.azdigi.shop\/wp-content\/uploads\/2026\/04\/loreal.webp\",\"datePublished\":\"2026-04-15T11:27:00+00:00\",\"description\":\"N\u01b0\u1edbc t\u1ea9y trang L\u2019Oreal Paris 3-in-1 Micellar Water l\u00e0m s\u1ea1ch s\u00e2u l\u1edbp trang \u0111i\u1ec3m, gi\u1eef \u1ea9m, l\u00e0m d\u1ecbu da v\u1edbi n\u01b0\u1edbc kho\u00e1ng Ph\u00e1p, kh\u00f4ng c\u1ea7n r\u1eeda l\u1ea1i.\",\"breadcrumb\":{\"@id\":\"https:\/\/sachs.azdigi.shop\/index.php\/product\/nuoc-tay-trang-loreal-paris-3-in-1-micellar-water-lam-tuoi-mat-da\/#breadcrumb\"},\"inLanguage\":\"en-US\",\"potentialAction\":[{\"@type\":\"ReadAction\",\"target\":[\"https:\/\/sachs.azdigi.shop\/index.php\/product\/nuoc-tay-trang-loreal-paris-3-in-1-micellar-water-lam-tuoi-mat-da\/\"]}]},{\"@type\":\"ImageObject\",\"inLanguage\":\"en-US\",\"@id\":\"https:\/\/sachs.azdigi.shop\/index.php\/product\/nuoc-tay-trang-loreal-paris-3-in-1-micellar-water-lam-tuoi-mat-da\/#primaryimage\",\"url\":\"https:\/\/sachs.azdigi.shop\/wp-content\/uploads\/2026\/04\/loreal.webp\",\"contentUrl\":\"https:\/\/sachs.azdigi.shop\/wp-content\/uploads\/2026\/04\/loreal.webp\",\"width\":700,\"height\":700},{\"@type\":\"BreadcrumbList\",\"@id\":\"https:\/\/sachs.azdigi.shop\/index.php\/product\/nuoc-tay-trang-loreal-paris-3-in-1-micellar-water-lam-tuoi-mat-da\/#breadcrumb\",\"itemListElement\":[{\"@type\":\"ListItem\",\"position\":1,\"name\":\"Home\",\"item\":\"https:\/\/sachs.azdigi.shop\/\"},{\"@type\":\"ListItem\",\"position\":2,\"name\":\"Shop\",\"item\":\"https:\/\/sachs.azdigi.shop\/index.php\/shop\/\"},{\"@type\":\"ListItem\",\"position\":3,\"name\":\"N\u01b0\u1edbc T\u1ea9y Trang L&#8217;Or\u00e9al Paris 3 In 1 Micellar Water L\u00e0m T\u01b0\u01a1i M\u00e1t Da\"}]},{\"@type\":\"WebSite\",\"@id\":\"https:\/\/sachs.azdigi.shop\/#website\",\"url\":\"https:\/\/sachs.azdigi.shop\/\",\"name\":\"Artify\",\"description\":\"\",\"potentialAction\":[{\"@type\":\"SearchAction\",\"target\":{\"@type\":\"EntryPoint\",\"urlTemplate\":\"https:\/\/sachs.azdigi.shop\/?s={search_term_string}\"},\"query-input\":{\"@type\":\"PropertyValueSpecification\",\"valueRequired\":true,\"valueName\":\"search_term_string\"}}],\"inLanguage\":\"en-US\"}]}<\/script>\n<!-- \/ Yoast SEO plugin. -->","yoast_head_json":{"title":"N\u01b0\u1edbc T\u1ea9y Trang L'Or\u00e9al Paris 3 In 1 Micellar Water L\u00e0m T\u01b0\u01a1i M\u00e1t Da - Artify","description":"N\u01b0\u1edbc t\u1ea9y trang L\u2019Oreal Paris 3-in-1 Micellar Water l\u00e0m s\u1ea1ch s\u00e2u l\u1edbp trang \u0111i\u1ec3m, gi\u1eef \u1ea9m, l\u00e0m d\u1ecbu da v\u1edbi n\u01b0\u1edbc kho\u00e1ng Ph\u00e1p, kh\u00f4ng c\u1ea7n r\u1eeda l\u1ea1i.","robots":{"index":"index","follow":"follow","max-snippet":"max-snippet:-1","max-image-preview":"max-image-preview:large","max-video-preview":"max-video-preview:-1"},"canonical":"https:\/\/sachs.azdigi.shop\/index.php\/product\/nuoc-tay-trang-loreal-paris-3-in-1-micellar-water-lam-tuoi-mat-da\/","og_locale":"en_US","og_type":"article","og_title":"N\u01b0\u1edbc T\u1ea9y Trang L'Or\u00e9al Paris 3 In 1 Micellar Water L\u00e0m T\u01b0\u01a1i M\u00e1t Da - Artify","og_description":"N\u01b0\u1edbc t\u1ea9y trang L\u2019Oreal Paris 3-in-1 Micellar Water l\u00e0m s\u1ea1ch s\u00e2u l\u1edbp trang \u0111i\u1ec3m, gi\u1eef \u1ea9m, l\u00e0m d\u1ecbu da v\u1edbi n\u01b0\u1edbc kho\u00e1ng Ph\u00e1p, kh\u00f4ng c\u1ea7n r\u1eeda l\u1ea1i.","og_url":"https:\/\/sachs.azdigi.shop\/index.php\/product\/nuoc-tay-trang-loreal-paris-3-in-1-micellar-water-lam-tuoi-mat-da\/","og_site_name":"Artify","og_image":[{"width":700,"height":700,"url":"https:\/\/sachs.azdigi.shop\/wp-content\/uploads\/2026\/04\/loreal.webp","type":"image\/webp"}],"twitter_card":"summary_large_image","twitter_misc":{"Est. reading time":"2 minutes"},"schema":{"@context":"https:\/\/schema.org","@graph":[{"@type":"WebPage","@id":"https:\/\/sachs.azdigi.shop\/index.php\/product\/nuoc-tay-trang-loreal-paris-3-in-1-micellar-water-lam-tuoi-mat-da\/","url":"https:\/\/sachs.azdigi.shop\/index.php\/product\/nuoc-tay-trang-loreal-paris-3-in-1-micellar-water-lam-tuoi-mat-da\/","name":"N\u01b0\u1edbc T\u1ea9y Trang L'Or\u00e9al Paris 3 In 1 Micellar Water L\u00e0m T\u01b0\u01a1i M\u00e1t Da - Artify","isPartOf":{"@id":"https:\/\/sachs.azdigi.shop\/#website"},"primaryImageOfPage":{"@id":"https:\/\/sachs.azdigi.shop\/index.php\/product\/nuoc-tay-trang-loreal-paris-3-in-1-micellar-water-lam-tuoi-mat-da\/#primaryimage"},"image":{"@id":"https:\/\/sachs.azdigi.shop\/index.php\/product\/nuoc-tay-trang-loreal-paris-3-in-1-micellar-water-lam-tuoi-mat-da\/#primaryimage"},"thumbnailUrl":"https:\/\/sachs.azdigi.shop\/wp-content\/uploads\/2026\/04\/loreal.webp","datePublished":"2026-04-15T11:27:00+00:00","description":"N\u01b0\u1edbc t\u1ea9y trang L\u2019Oreal Paris 3-in-1 Micellar Water l\u00e0m s\u1ea1ch s\u00e2u l\u1edbp trang \u0111i\u1ec3m, gi\u1eef \u1ea9m, l\u00e0m d\u1ecbu da v\u1edbi n\u01b0\u1edbc kho\u00e1ng Ph\u00e1p, kh\u00f4ng c\u1ea7n r\u1eeda l\u1ea1i.","breadcrumb":{"@id":"https:\/\/sachs.azdigi.shop\/index.php\/product\/nuoc-tay-trang-loreal-paris-3-in-1-micellar-water-lam-tuoi-mat-da\/#breadcrumb"},"inLanguage":"en-US","potentialAction":[{"@type":"ReadAction","target":["https:\/\/sachs.azdigi.shop\/index.php\/product\/nuoc-tay-trang-loreal-paris-3-in-1-micellar-water-lam-tuoi-mat-da\/"]}]},{"@type":"ImageObject","inLanguage":"en-US","@id":"https:\/\/sachs.azdigi.shop\/index.php\/product\/nuoc-tay-trang-loreal-paris-3-in-1-micellar-water-lam-tuoi-mat-da\/#primaryimage","url":"https:\/\/sachs.azdigi.shop\/wp-content\/uploads\/2026\/04\/loreal.webp","contentUrl":"https:\/\/sachs.azdigi.shop\/wp-content\/uploads\/2026\/04\/loreal.webp","width":700,"height":700},{"@type":"BreadcrumbList","@id":"https:\/\/sachs.azdigi.shop\/index.php\/product\/nuoc-tay-trang-loreal-paris-3-in-1-micellar-water-lam-tuoi-mat-da\/#breadcrumb","itemListElement":[{"@type":"ListItem","position":1,"name":"Home","item":"https:\/\/sachs.azdigi.shop\/"},{"@type":"ListItem","position":2,"name":"Shop","item":"https:\/\/sachs.azdigi.shop\/index.php\/shop\/"},{"@type":"ListItem","position":3,"name":"N\u01b0\u1edbc T\u1ea9y Trang L&#8217;Or\u00e9al Paris 3 In 1 Micellar Water L\u00e0m T\u01b0\u01a1i M\u00e1t Da"}]},{"@type":"WebSite","@id":"https:\/\/sachs.azdigi.shop\/#website","url":"https:\/\/sachs.azdigi.shop\/","name":"Artify","description":"","potentialAction":[{"@type":"SearchAction","target":{"@type":"EntryPoint","urlTemplate":"https:\/\/sachs.azdigi.shop\/?s={search_term_string}"},"query-input":{"@type":"PropertyValueSpecification","valueRequired":true,"valueName":"search_term_string"}}],"inLanguage":"en-US"}]}},"_links":{"self":[{"href":"https:\/\/sachs.azdigi.shop\/index.php\/wp-json\/wp\/v2\/product\/162","targetHints":{"allow":["GET"]}}],"collection":[{"href":"https:\/\/sachs.azdigi.shop\/index.php\/wp-json\/wp\/v2\/product"}],"about":[{"href":"https:\/\/sachs.azdigi.shop\/index.php\/wp-json\/wp\/v2\/types\/product"}],"replies":[{"embeddable":true,"href":"https:\/\/sachs.azdigi.shop\/index.php\/wp-json\/wp\/v2\/comments?post=162"}],"wp:featuredmedia":[{"embeddable":true,"href":"https:\/\/sachs.azdigi.shop\/index.php\/wp-json\/wp\/v2\/media\/166"}],"wp:attachment":[{"href":"https:\/\/sachs.azdigi.shop\/index.php\/wp-json\/wp\/v2\/media?parent=162"}],"wp:term":[{"taxonomy":"product_brand","embeddable":true,"href":"https:\/\/sachs.azdigi.shop\/index.php\/wp-json\/wp\/v2\/product_brand?post=162"},{"taxonomy":"product_cat","embeddable":true,"href":"https:\/\/sachs.azdigi.shop\/index.php\/wp-json\/wp\/v2\/product_cat?post=162"},{"taxonomy":"product_tag","embeddable":true,"href":"https:\/\/sachs.azdigi.shop\/index.php\/wp-json\/wp\/v2\/product_tag?post=162"}],"curies":[{"name":"wp","href":"https:\/\/api.w.org\/{rel}","templated":true}]}}