{"id":170,"date":"2026-04-15T11:31:54","date_gmt":"2026-04-15T11:31:54","guid":{"rendered":"https:\/\/sachs.azdigi.shop\/?post_type=product&#038;p=170"},"modified":"2026-04-15T11:31:54","modified_gmt":"2026-04-15T11:31:54","slug":"mat-na-u-toc-chuyen-sau-pantene-miracles-phuc-hoi-lien-ket-toc","status":"publish","type":"product","link":"https:\/\/sachs.azdigi.shop\/index.php\/product\/mat-na-u-toc-chuyen-sau-pantene-miracles-phuc-hoi-lien-ket-toc\/","title":{"rendered":"M\u1eb7t N\u1ea1 \u1ee6 T\u00f3c Chuy\u00ean S\u00e2u Pantene Miracles Ph\u1ee5c H\u1ed3i Li\u00ean K\u1ebft T\u00f3c"},"content":{"rendered":"<p><img loading=\"lazy\" decoding=\"async\" class=\"aligncenter wp-image-172 size-full\" src=\"https:\/\/sachs.azdigi.shop\/wp-content\/uploads\/2026\/04\/mat-na-u-toc-2.webp\" alt=\"\" width=\"700\" height=\"700\" srcset=\"https:\/\/sachs.azdigi.shop\/wp-content\/uploads\/2026\/04\/mat-na-u-toc-2.webp 700w, https:\/\/sachs.azdigi.shop\/wp-content\/uploads\/2026\/04\/mat-na-u-toc-2-300x300.webp 300w, https:\/\/sachs.azdigi.shop\/wp-content\/uploads\/2026\/04\/mat-na-u-toc-2-150x150.webp 150w, https:\/\/sachs.azdigi.shop\/wp-content\/uploads\/2026\/04\/mat-na-u-toc-2-600x600.webp 600w, https:\/\/sachs.azdigi.shop\/wp-content\/uploads\/2026\/04\/mat-na-u-toc-2-100x100.webp 100w\" sizes=\"auto, (max-width: 700px) 100vw, 700px\" \/><\/p>\n<p><strong>M\u1eb7t N\u1ea1 \u1ee6 T\u00f3c Chuy\u00ean S\u00e2u PANTENE Miracles Ph\u1ee5c H\u1ed3i Li\u00ean K\u1ebft T\u00f3c\u00a0<\/strong><\/p>\n<p>Sau 7 n\u0103m nghi\u00ean c\u1ee9u kh\u00f4ng ng\u1eebng ngh\u1ec9 c\u00f9ng 8 b\u1eb1ng s\u00e1ng ch\u1ebf \u0111\u1ed9t ph\u00e1, PANTENE t\u1ef1 h\u00e0o gi\u1edbi thi\u1ec7u m\u1ed9t b\u01b0\u1edbc ti\u1ebfn mang t\u00ednh c\u00e1ch m\u1ea1ng trong ng\u00e0nh ch\u0103m s\u00f3c t\u00f3c: M\u1eb6T N\u1ea0 \u1ee6 T\u00d3C CHUY\u00caN S\u00c2U PANTENE MIRACLES.<\/p>\n<p>V\u1edbi h\u00e0ng ngh\u00ecn vi\u00ean ng\u1ecdc Pro-V, l\u01b0u gi\u1eef tr\u1ecdn v\u1eb9n ngu\u1ed3n d\u01b0\u1ee1ng ch\u1ea5t, tan ch\u1ea3y v\u00e0 gi\u1ea3i ph\u00f3ng h\u00e0ng tri\u1ec7u ph\u00e2n t\u1eed Pro-Vitamin B5, c\u00f3 kh\u1ea3 n\u0103ng th\u1ea9m th\u1ea5u s\u00e2u v\u00e0o c\u00e1c li\u00ean k\u1ebft t\u00f3c, ph\u1ee5c h\u1ed3i c\u00e1c li\u00ean k\u1ebft t\u00f3c h\u01b0 t\u1ed5n \u1edf c\u1ea5p \u0111\u1ed9 ph\u00e2n t\u1eed, cho b\u1ea1n m\u00e1i t\u00f3c su\u00f4n m\u01b0\u1ee3t, b\u00f3ng kh\u1ecfe t\u1eeb s\u00e2u b\u00ean trong.<\/p>\n<p>H\u01b0\u01a1ng th\u01a1m t\u01b0\u01a1i m\u00e1t t\u1eeb l\u00ea v\u00e0 c\u00e1c lo\u1ea1i d\u00e2u, h\u00f2a quy\u1ec7n c\u00f9ng n\u1ed1t h\u01b0\u01a1ng ng\u1ecdt ng\u00e0o t\u1eeb hoa m\u1eabu \u0111\u01a1n, k\u1ebft th\u00fac b\u1eb1ng ch\u00fat vanila v\u00e0 g\u1ed7 tuy\u1ebft t\u00f9ng \u1ea5m \u00e1p, t\u1ea1o n\u00ean h\u01b0\u01a1ng th\u01a1m tinh t\u1ebf kh\u00f3 qu\u00ean.<\/p>\n<p><strong>C\u00d4NG D\u1ee4NG:<\/strong><\/p>\n<p>M\u1eb7t n\u1ea1 \u1ee7 t\u00f3c chuy\u00ean s\u00e2u Pantene Miracles<\/p>\n<ul>\n<li>V\u1edbi 10.000 h\u1ea1t ng\u1ecdc Pro-V d\u1ea1ng tan ch\u1ea3y trong m\u1ed7i h\u1ed9p<\/li>\n<li>D\u00e0nh cho t\u00f3c kh\u00f4 x\u01a1, h\u01b0 t\u1ed5n n\u1eb7ng do ti\u1ebfp x\u00fac v\u1edbi h\u00f3a ch\u1ea5t, t\u1ea9y t\u00f3c<\/li>\n<\/ul>\n<p><strong>TH\u00c0NH PH\u1ea6N:<\/strong><\/p>\n<ul>\n<li>V\u1edbi 10.000 h\u1ea1t ng\u1ecdc Pro-V d\u1ea1ng tan ch\u1ea3y trong m\u1ed7i h\u1ed9p<\/li>\n<li>C\u00f4ng th\u1ee9c Pro-V v\u1edbi Axit hyaluronic &#8211; \u0110\u01b0\u1ee3c l\u00e0m gi\u00e0u v\u1edbi Pro-Vitamin B5 \u0111\u1eb7c tr\u01b0ng c\u1ee7a Pantene v\u00e0 axit hyaluronic \u0111\u1ec3 kh\u00f3a \u1ea9m v\u00e0 c\u1ee7ng c\u1ed1 s\u1ee3i t\u00f3c<\/li>\n<\/ul>\n<p><strong>H\u01af\u1edaNG D\u1eaaN S\u1eec D\u1ee4NG:<\/strong><\/p>\n<p>C\u00e1ch d\u00f9ng: s\u1eed d\u1ee5ng 1-2 l\u1ea7n m\u1ed7i tu\u1ea7n, t\u00f9y thu\u1ed9c v\u00e0o m\u1ee9c \u0111\u1ed9 h\u01b0 t\u1ed5n c\u1ee7a t\u00f3c.<\/p>\n<ul>\n<li>B\u01b0\u1edbc 1: Thoa nh\u1eb9 kem \u1ee7 t\u00f3c trong l\u00f2ng b\u00e0n tay \u0111\u1ec3 l\u00e0m tan h\u1ea1t Pro Vitamin B5<\/li>\n<li>B\u01b0\u1edbc 2: Nh\u1eb9 nh\u00e0ng thoa l\u00ean t\u00f3c \u01b0\u1edbt theo chi\u1ec1u t\u1eeb th\u00e2n \u0111\u1ebfn ng\u1ecdn t\u00f3c.<\/li>\n<li>B\u01b0\u1edbc 3: \u1ee6 tr\u00ean t\u00f3c t\u1eeb 1 &#8211; 3 ph\u00fat r\u1ed3i x\u1ea3 s\u1ea1ch l\u1ea1i v\u1edbi n\u01b0\u1edbc \u1ea5m\/ l\u1ea1nh (kh\u00f4ng d\u00f9ng n\u01b0\u1edbc n\u00f3ng).<\/li>\n<\/ul>\n<p>*Khuy\u1ebfn kh\u00edch s\u1eed d\u1ee5ng k\u00e8m v\u1edbi kem x\u1ea3 t\u00f3c serum PANTENE \u0111\u1ec3 c\u00f3 hi\u1ec7u qu\u1ea3 t\u1ed1i \u01b0u.<\/p>\n<p><strong>C\u00c1CH B\u1ea2O QU\u1ea2N:<\/strong><\/p>\n<p>&#8211; B\u1ea3o qu\u1ea3n n\u01a1i kh\u00f4 r\u00e1o, tho\u00e1ng m\u00e1t, tr\u00e1nh \u00e1nh n\u1eafng tr\u1ef1c ti\u1ebfp v\u00e0 nhi\u1ec7t \u0111\u1ed9 cao<br \/>\n&#8211; \u0110\u1ec3 xa t\u1ea7m tay tr\u1ebb em<\/p>\n<p><strong>L\u01afU \u00dd:\u00a0<\/strong>Tr\u00e1nh \u0111\u1ec3 s\u1ea3n ph\u1ea9m d\u00ednh v\u00e0o m\u1eaft. N\u1ebfu s\u1ea3n ph\u1ea9m d\u00ednh v\u00e0o m\u1eaft, h\u00e3y r\u1eeda k\u1ef9 v\u1edbi n\u01b0\u1edbc<\/p>\n<p><strong>XU\u1ea4T X\u1ee8 TH\u01af\u01a0NG HI\u1ec6U:\u00a0<\/strong>M\u1ef9.<\/p>\n<p><strong>N\u01a0I S\u1ea2N XU\u1ea4T:<\/strong>\u00a0S\u1ea3n xu\u1ea5t t\u1ea1i Th\u00e1i Lan theo ti\u00eau chu\u1ea9n to\u00e0n c\u1ea7u c\u1ee7a t\u1eadp \u0111o\u00e0n Procter &amp; Gamble.<\/p>\n<p><strong>H\u1ea0N S\u1eec D\u1ee4NG:<\/strong>\u00a03 n\u0103m k\u1ec3 t\u1eeb ng\u00e0y s\u1ea3n xu\u1ea5t in tr\u00ean bao b\u00ec<\/p>\n","protected":false},"excerpt":{"rendered":"<p>M\u1eb7t N\u1ea1 \u1ee6 T\u00f3c Chuy\u00ean S\u00e2u PANTENE Miracles Ph\u1ee5c H\u1ed3i Li\u00ean K\u1ebft T\u00f3c\u00a0 Sau 7 n\u0103m nghi\u00ean c\u1ee9u kh\u00f4ng ng\u1eebng ngh\u1ec9 c\u00f9ng 8 b\u1eb1ng s\u00e1ng ch\u1ebf \u0111\u1ed9t ph\u00e1, PANTENE t\u1ef1 h\u00e0o gi\u1edbi thi\u1ec7u m\u1ed9t b\u01b0\u1edbc ti\u1ebfn mang t\u00ednh c\u00e1ch m\u1ea1ng trong ng\u00e0nh ch\u0103m s\u00f3c t\u00f3c: M\u1eb6T N\u1ea0 \u1ee6 T\u00d3C CHUY\u00caN S\u00c2U PANTENE MIRACLES. V\u1edbi h\u00e0ng [&#8230;]\n","protected":false},"featured_media":173,"comment_status":"open","ping_status":"closed","template":"","meta":[],"product_brand":[],"product_cat":[17],"product_tag":[],"class_list":{"0":"post-170","1":"product","2":"type-product","3":"status-publish","4":"has-post-thumbnail","6":"product_cat-uncategorized","8":"first","9":"instock","10":"shipping-taxable","11":"product-type-simple"},"yoast_head":"<!-- This site is optimized with the Yoast SEO plugin v26.9 - https:\/\/yoast.com\/product\/yoast-seo-wordpress\/ -->\n<title>M\u1eb7t N\u1ea1 \u1ee6 T\u00f3c Chuy\u00ean S\u00e2u Pantene Miracles Ph\u1ee5c H\u1ed3i Li\u00ean K\u1ebft T\u00f3c - Artify<\/title>\n<meta name=\"robots\" content=\"index, follow, max-snippet:-1, max-image-preview:large, max-video-preview:-1\" \/>\n<link rel=\"canonical\" href=\"https:\/\/sachs.azdigi.shop\/index.php\/product\/mat-na-u-toc-chuyen-sau-pantene-miracles-phuc-hoi-lien-ket-toc\/\" \/>\n<meta property=\"og:locale\" content=\"en_US\" \/>\n<meta property=\"og:type\" content=\"article\" \/>\n<meta property=\"og:title\" content=\"M\u1eb7t N\u1ea1 \u1ee6 T\u00f3c Chuy\u00ean S\u00e2u Pantene Miracles Ph\u1ee5c H\u1ed3i Li\u00ean K\u1ebft T\u00f3c - Artify\" \/>\n<meta property=\"og:description\" content=\"M\u1eb7t N\u1ea1 \u1ee6 T\u00f3c Chuy\u00ean S\u00e2u PANTENE Miracles Ph\u1ee5c H\u1ed3i Li\u00ean K\u1ebft T\u00f3c\u00a0 Sau 7 n\u0103m nghi\u00ean c\u1ee9u kh\u00f4ng ng\u1eebng ngh\u1ec9 c\u00f9ng 8 b\u1eb1ng s\u00e1ng ch\u1ebf \u0111\u1ed9t ph\u00e1, PANTENE t\u1ef1 h\u00e0o gi\u1edbi thi\u1ec7u m\u1ed9t b\u01b0\u1edbc ti\u1ebfn mang t\u00ednh c\u00e1ch m\u1ea1ng trong ng\u00e0nh ch\u0103m s\u00f3c t\u00f3c: M\u1eb6T N\u1ea0 \u1ee6 T\u00d3C CHUY\u00caN S\u00c2U PANTENE MIRACLES. V\u1edbi h\u00e0ng [...]\" \/>\n<meta property=\"og:url\" content=\"https:\/\/sachs.azdigi.shop\/index.php\/product\/mat-na-u-toc-chuyen-sau-pantene-miracles-phuc-hoi-lien-ket-toc\/\" \/>\n<meta property=\"og:site_name\" content=\"Artify\" \/>\n<meta property=\"og:image\" content=\"https:\/\/sachs.azdigi.shop\/wp-content\/uploads\/2026\/04\/mat-na-u-toc.webp\" \/>\n\t<meta property=\"og:image:width\" content=\"700\" \/>\n\t<meta property=\"og:image:height\" content=\"700\" \/>\n\t<meta property=\"og:image:type\" content=\"image\/webp\" \/>\n<meta name=\"twitter:card\" content=\"summary_large_image\" \/>\n<meta name=\"twitter:label1\" content=\"Est. reading time\" \/>\n\t<meta name=\"twitter:data1\" content=\"3 minutes\" \/>\n<script type=\"application\/ld+json\" class=\"yoast-schema-graph\">{\"@context\":\"https:\/\/schema.org\",\"@graph\":[{\"@type\":\"WebPage\",\"@id\":\"https:\/\/sachs.azdigi.shop\/index.php\/product\/mat-na-u-toc-chuyen-sau-pantene-miracles-phuc-hoi-lien-ket-toc\/\",\"url\":\"https:\/\/sachs.azdigi.shop\/index.php\/product\/mat-na-u-toc-chuyen-sau-pantene-miracles-phuc-hoi-lien-ket-toc\/\",\"name\":\"M\u1eb7t N\u1ea1 \u1ee6 T\u00f3c Chuy\u00ean S\u00e2u Pantene Miracles Ph\u1ee5c H\u1ed3i Li\u00ean K\u1ebft T\u00f3c - Artify\",\"isPartOf\":{\"@id\":\"https:\/\/sachs.azdigi.shop\/#website\"},\"primaryImageOfPage\":{\"@id\":\"https:\/\/sachs.azdigi.shop\/index.php\/product\/mat-na-u-toc-chuyen-sau-pantene-miracles-phuc-hoi-lien-ket-toc\/#primaryimage\"},\"image\":{\"@id\":\"https:\/\/sachs.azdigi.shop\/index.php\/product\/mat-na-u-toc-chuyen-sau-pantene-miracles-phuc-hoi-lien-ket-toc\/#primaryimage\"},\"thumbnailUrl\":\"https:\/\/sachs.azdigi.shop\/wp-content\/uploads\/2026\/04\/mat-na-u-toc.webp\",\"datePublished\":\"2026-04-15T11:31:54+00:00\",\"breadcrumb\":{\"@id\":\"https:\/\/sachs.azdigi.shop\/index.php\/product\/mat-na-u-toc-chuyen-sau-pantene-miracles-phuc-hoi-lien-ket-toc\/#breadcrumb\"},\"inLanguage\":\"en-US\",\"potentialAction\":[{\"@type\":\"ReadAction\",\"target\":[\"https:\/\/sachs.azdigi.shop\/index.php\/product\/mat-na-u-toc-chuyen-sau-pantene-miracles-phuc-hoi-lien-ket-toc\/\"]}]},{\"@type\":\"ImageObject\",\"inLanguage\":\"en-US\",\"@id\":\"https:\/\/sachs.azdigi.shop\/index.php\/product\/mat-na-u-toc-chuyen-sau-pantene-miracles-phuc-hoi-lien-ket-toc\/#primaryimage\",\"url\":\"https:\/\/sachs.azdigi.shop\/wp-content\/uploads\/2026\/04\/mat-na-u-toc.webp\",\"contentUrl\":\"https:\/\/sachs.azdigi.shop\/wp-content\/uploads\/2026\/04\/mat-na-u-toc.webp\",\"width\":700,\"height\":700},{\"@type\":\"BreadcrumbList\",\"@id\":\"https:\/\/sachs.azdigi.shop\/index.php\/product\/mat-na-u-toc-chuyen-sau-pantene-miracles-phuc-hoi-lien-ket-toc\/#breadcrumb\",\"itemListElement\":[{\"@type\":\"ListItem\",\"position\":1,\"name\":\"Home\",\"item\":\"https:\/\/sachs.azdigi.shop\/\"},{\"@type\":\"ListItem\",\"position\":2,\"name\":\"Shop\",\"item\":\"https:\/\/sachs.azdigi.shop\/index.php\/shop\/\"},{\"@type\":\"ListItem\",\"position\":3,\"name\":\"M\u1eb7t N\u1ea1 \u1ee6 T\u00f3c Chuy\u00ean S\u00e2u Pantene Miracles Ph\u1ee5c H\u1ed3i Li\u00ean K\u1ebft T\u00f3c\"}]},{\"@type\":\"WebSite\",\"@id\":\"https:\/\/sachs.azdigi.shop\/#website\",\"url\":\"https:\/\/sachs.azdigi.shop\/\",\"name\":\"Artify\",\"description\":\"\",\"potentialAction\":[{\"@type\":\"SearchAction\",\"target\":{\"@type\":\"EntryPoint\",\"urlTemplate\":\"https:\/\/sachs.azdigi.shop\/?s={search_term_string}\"},\"query-input\":{\"@type\":\"PropertyValueSpecification\",\"valueRequired\":true,\"valueName\":\"search_term_string\"}}],\"inLanguage\":\"en-US\"}]}<\/script>\n<!-- \/ Yoast SEO plugin. -->","yoast_head_json":{"title":"M\u1eb7t N\u1ea1 \u1ee6 T\u00f3c Chuy\u00ean S\u00e2u Pantene Miracles Ph\u1ee5c H\u1ed3i Li\u00ean K\u1ebft T\u00f3c - Artify","robots":{"index":"index","follow":"follow","max-snippet":"max-snippet:-1","max-image-preview":"max-image-preview:large","max-video-preview":"max-video-preview:-1"},"canonical":"https:\/\/sachs.azdigi.shop\/index.php\/product\/mat-na-u-toc-chuyen-sau-pantene-miracles-phuc-hoi-lien-ket-toc\/","og_locale":"en_US","og_type":"article","og_title":"M\u1eb7t N\u1ea1 \u1ee6 T\u00f3c Chuy\u00ean S\u00e2u Pantene Miracles Ph\u1ee5c H\u1ed3i Li\u00ean K\u1ebft T\u00f3c - Artify","og_description":"M\u1eb7t N\u1ea1 \u1ee6 T\u00f3c Chuy\u00ean S\u00e2u PANTENE Miracles Ph\u1ee5c H\u1ed3i Li\u00ean K\u1ebft T\u00f3c\u00a0 Sau 7 n\u0103m nghi\u00ean c\u1ee9u kh\u00f4ng ng\u1eebng ngh\u1ec9 c\u00f9ng 8 b\u1eb1ng s\u00e1ng ch\u1ebf \u0111\u1ed9t ph\u00e1, PANTENE t\u1ef1 h\u00e0o gi\u1edbi thi\u1ec7u m\u1ed9t b\u01b0\u1edbc ti\u1ebfn mang t\u00ednh c\u00e1ch m\u1ea1ng trong ng\u00e0nh ch\u0103m s\u00f3c t\u00f3c: M\u1eb6T N\u1ea0 \u1ee6 T\u00d3C CHUY\u00caN S\u00c2U PANTENE MIRACLES. V\u1edbi h\u00e0ng [...]","og_url":"https:\/\/sachs.azdigi.shop\/index.php\/product\/mat-na-u-toc-chuyen-sau-pantene-miracles-phuc-hoi-lien-ket-toc\/","og_site_name":"Artify","og_image":[{"width":700,"height":700,"url":"https:\/\/sachs.azdigi.shop\/wp-content\/uploads\/2026\/04\/mat-na-u-toc.webp","type":"image\/webp"}],"twitter_card":"summary_large_image","twitter_misc":{"Est. reading time":"3 minutes"},"schema":{"@context":"https:\/\/schema.org","@graph":[{"@type":"WebPage","@id":"https:\/\/sachs.azdigi.shop\/index.php\/product\/mat-na-u-toc-chuyen-sau-pantene-miracles-phuc-hoi-lien-ket-toc\/","url":"https:\/\/sachs.azdigi.shop\/index.php\/product\/mat-na-u-toc-chuyen-sau-pantene-miracles-phuc-hoi-lien-ket-toc\/","name":"M\u1eb7t N\u1ea1 \u1ee6 T\u00f3c Chuy\u00ean S\u00e2u Pantene Miracles Ph\u1ee5c H\u1ed3i Li\u00ean K\u1ebft T\u00f3c - Artify","isPartOf":{"@id":"https:\/\/sachs.azdigi.shop\/#website"},"primaryImageOfPage":{"@id":"https:\/\/sachs.azdigi.shop\/index.php\/product\/mat-na-u-toc-chuyen-sau-pantene-miracles-phuc-hoi-lien-ket-toc\/#primaryimage"},"image":{"@id":"https:\/\/sachs.azdigi.shop\/index.php\/product\/mat-na-u-toc-chuyen-sau-pantene-miracles-phuc-hoi-lien-ket-toc\/#primaryimage"},"thumbnailUrl":"https:\/\/sachs.azdigi.shop\/wp-content\/uploads\/2026\/04\/mat-na-u-toc.webp","datePublished":"2026-04-15T11:31:54+00:00","breadcrumb":{"@id":"https:\/\/sachs.azdigi.shop\/index.php\/product\/mat-na-u-toc-chuyen-sau-pantene-miracles-phuc-hoi-lien-ket-toc\/#breadcrumb"},"inLanguage":"en-US","potentialAction":[{"@type":"ReadAction","target":["https:\/\/sachs.azdigi.shop\/index.php\/product\/mat-na-u-toc-chuyen-sau-pantene-miracles-phuc-hoi-lien-ket-toc\/"]}]},{"@type":"ImageObject","inLanguage":"en-US","@id":"https:\/\/sachs.azdigi.shop\/index.php\/product\/mat-na-u-toc-chuyen-sau-pantene-miracles-phuc-hoi-lien-ket-toc\/#primaryimage","url":"https:\/\/sachs.azdigi.shop\/wp-content\/uploads\/2026\/04\/mat-na-u-toc.webp","contentUrl":"https:\/\/sachs.azdigi.shop\/wp-content\/uploads\/2026\/04\/mat-na-u-toc.webp","width":700,"height":700},{"@type":"BreadcrumbList","@id":"https:\/\/sachs.azdigi.shop\/index.php\/product\/mat-na-u-toc-chuyen-sau-pantene-miracles-phuc-hoi-lien-ket-toc\/#breadcrumb","itemListElement":[{"@type":"ListItem","position":1,"name":"Home","item":"https:\/\/sachs.azdigi.shop\/"},{"@type":"ListItem","position":2,"name":"Shop","item":"https:\/\/sachs.azdigi.shop\/index.php\/shop\/"},{"@type":"ListItem","position":3,"name":"M\u1eb7t N\u1ea1 \u1ee6 T\u00f3c Chuy\u00ean S\u00e2u Pantene Miracles Ph\u1ee5c H\u1ed3i Li\u00ean K\u1ebft T\u00f3c"}]},{"@type":"WebSite","@id":"https:\/\/sachs.azdigi.shop\/#website","url":"https:\/\/sachs.azdigi.shop\/","name":"Artify","description":"","potentialAction":[{"@type":"SearchAction","target":{"@type":"EntryPoint","urlTemplate":"https:\/\/sachs.azdigi.shop\/?s={search_term_string}"},"query-input":{"@type":"PropertyValueSpecification","valueRequired":true,"valueName":"search_term_string"}}],"inLanguage":"en-US"}]}},"_links":{"self":[{"href":"https:\/\/sachs.azdigi.shop\/index.php\/wp-json\/wp\/v2\/product\/170","targetHints":{"allow":["GET"]}}],"collection":[{"href":"https:\/\/sachs.azdigi.shop\/index.php\/wp-json\/wp\/v2\/product"}],"about":[{"href":"https:\/\/sachs.azdigi.shop\/index.php\/wp-json\/wp\/v2\/types\/product"}],"replies":[{"embeddable":true,"href":"https:\/\/sachs.azdigi.shop\/index.php\/wp-json\/wp\/v2\/comments?post=170"}],"wp:featuredmedia":[{"embeddable":true,"href":"https:\/\/sachs.azdigi.shop\/index.php\/wp-json\/wp\/v2\/media\/173"}],"wp:attachment":[{"href":"https:\/\/sachs.azdigi.shop\/index.php\/wp-json\/wp\/v2\/media?parent=170"}],"wp:term":[{"taxonomy":"product_brand","embeddable":true,"href":"https:\/\/sachs.azdigi.shop\/index.php\/wp-json\/wp\/v2\/product_brand?post=170"},{"taxonomy":"product_cat","embeddable":true,"href":"https:\/\/sachs.azdigi.shop\/index.php\/wp-json\/wp\/v2\/product_cat?post=170"},{"taxonomy":"product_tag","embeddable":true,"href":"https:\/\/sachs.azdigi.shop\/index.php\/wp-json\/wp\/v2\/product_tag?post=170"}],"curies":[{"name":"wp","href":"https:\/\/api.w.org\/{rel}","templated":true}]}}