{"id":174,"date":"2026-04-17T12:48:28","date_gmt":"2026-04-17T12:48:28","guid":{"rendered":"https:\/\/sachs.azdigi.shop\/?post_type=product&#038;p=174"},"modified":"2026-04-17T12:48:29","modified_gmt":"2026-04-17T12:48:29","slug":"phan-nuoc-min-li-den-24-gio-maybelline-new-york-super-stay-baby-cushion_110-5","status":"publish","type":"product","link":"https:\/\/sachs.azdigi.shop\/index.php\/product\/phan-nuoc-min-li-den-24-gio-maybelline-new-york-super-stay-baby-cushion_110-5\/","title":{"rendered":"Ph\u1ea5n N\u01b0\u1edbc M\u1ecbn L\u00ec \u0110\u1ebfn 24 Gi\u1edd Maybelline New York Super Stay Baby Cushion_110.5"},"content":{"rendered":"<p><strong>Ph\u1ea5n N\u01b0\u1edbc M\u1ecbn L\u00ec \u0110\u1ebfn 24 Gi\u1edd Maybelline New York Super Stay Baby Cushion_110.5<\/strong><\/p>\n<p>B\u1ea1n \u0111ang t\u00ecm ki\u1ebfm ph\u1ea5n n\u01b0\u1edbc cho l\u1edbp n\u1ec1n m\u1ecbn &#8211; m\u00e1tt &#8211; mallow &#8211; b\u1ec1n \u0111\u1eb9p su\u1ed1t ng\u00e0y d\u00e0i?\u00a0<strong>Maybelline\u00a0<\/strong>New York ch\u00ednh th\u1ee9c gi\u1edbi thi\u1ec7u si\u00eau ph\u1ea9m\u00a0<strong>ph\u1ea5n n\u01b0\u1edbc<\/strong>\u00a0m\u1edbi &#8211; SUPERSTAY 24H BABY MATTE [M\u1edaI], cho l\u1edbp n\u1ec1n chu\u1ea9n l\u00ec baby, m\u1ec1m m\u1ecbn v\u00e0 tho\u00e1ng nh\u1eb9 su\u1ed1t c\u1ea3 ng\u00e0y.<\/p>\n<p>V\u1edbi:<\/p>\n<ul>\n<li>C\u00f4ng ngh\u1ec7 X3 h\u1ea1t ph\u1ea5n gi\u00fap che ph\u1ee7 t\u1ee9c th\u00ec, m\u1edd \u0111\u1ebfn 67% l\u1ed7 ch\u00e2n l\u00f4ng, cho l\u00e0n da m\u1ecbn m\u01b0\u1edbt t\u1ef1 nhi\u00ean<\/li>\n<li>Ki\u1ec1m d\u1ea7u v\u00e0 gi\u1eef tone su\u1ed1t 24h, kh\u00f4ng lo xu\u1ed1ng m\u00e0u gi\u1eefa ng\u00e0y<\/li>\n<li>40% th\u00e0nh ph\u1ea7n d\u01b0\u1ee1ng \u1ea9m, gi\u00fap da m\u1ec1m m\u1ecbn, kh\u00f4ng kh\u00f4 c\u0103ng hay b\u00ed da<\/li>\n<li>K\u1ebft c\u1ea5u nh\u1eb9 \u2013 tho\u00e1ng \u2013 ti\u1ec7p da, mang l\u1ea1i c\u1ea3m gi\u00e1c d\u1ec5 ch\u1ecbu &#8211; m\u1ecbn &#8211; m\u00e1t<strong>C\u00d4NG D\u1ee4NG:<\/strong>\n<p>Ph\u1ea5n n\u01b0\u1edbc (Cushion) trang \u0111i\u1ec3m, cho l\u1edbp n\u1ec1n m\u1ecbn m\u00e0ng, l\u00e2u tr\u00f4i, hi\u1ec7u \u1ee9ng l\u00ec.<br \/>\nChe m\u1edd l\u1ed7 ch\u00e2n l\u00f4ng v\u00e0 gi\u1ea3m d\u1ea7u th\u1eeba tr\u00ean b\u1ec1 m\u1eb7t da.<br \/>\nPh\u00f9 h\u1ee3p cho c\u1ea3 da nh\u1ea1y c\u1ea3m.<\/p>\n<p><strong>TH\u00c0NH PH\u1ea6N:<\/strong><\/p>\n<p>Aqua \/ Water, Cyclopentasiloxane, Hdi\/Trimethylol Hexyllactone Crosspolymer, Methyl Trimethicone, Trimethylsiloxysilicate, Glycerin, Peg-10 Dimethicone, Diphenylsiloxy Phenyl Trimethicone, Isononyl Isononanoate, Pentylene Glycol, Butylene Glycol, Polypropylsilsesquioxane, Lauryl Peg-9 Polydimethylsiloxyethyl Dimethicone, Methyl Methacrylate Crosspolymer, Phenoxyethanol, Disteardimonium Hectorite, Magnesium Sulfate, Tridecyl Trimellitate, Lauroyl Lysine, Aluminum Hydroxide, Triethoxycaprylylsilane, Dimethicone\/Vinyl Dimethicone Crosspolymer, Chlorphenesin, Silica, Ethylhexylglycerin, Disodium Edta, Silica Silylate, Tocopherol, Ci 77891 \/ Titanium Dioxide, Ci 77491 \/ Iron Oxides, Ci 77492 \/ Iron Oxides, Ci 77499 \/ Iron Oxides<\/p>\n<p><strong>H\u01af\u1edaNG D\u1eaaN S\u1eec D\u1ee4NG:<\/strong><\/p>\n<p>\u1ea4n nh\u1eb9 m\u00fat t\u00e1n \u0111\u1ec3 l\u1ea5y 1 l\u01b0\u1ee3ng v\u1eeba \u0111\u1ee7 ph\u1ea5n n\u01b0\u1edbc.<br \/>\nCh\u1ea5m nh\u1eb9 ph\u1ea5n n\u01b0\u1edbc l\u00ean c\u00e1c \u0111i\u1ec3m tr\u00e1n, m\u00e1, m\u0169i, c\u1eb1m.<br \/>\nV\u1ed7 nh\u1eb9 m\u00fat t\u00e1n \u0111\u1ec3 ph\u1ee7 \u0111\u1ec1u s\u1ea3n ph\u1ea9m tr\u00ean m\u1eb7t, t\u1ea1o l\u1edbp n\u1ec1n m\u1ecbn l\u00ec nh\u01b0 \u00fd.<\/p>\n<table id=\"product-attribute-specs-table\" class=\"data table additional-attributes\">\n<tbody>\n<tr>\n<th class=\"col label\" scope=\"row\">Xu\u1ea5t x\u1ee9 th\u01b0\u01a1ng hi\u1ec7u<\/th>\n<td class=\"col data\" data-th=\"Xu\u1ea5t x\u1ee9 th\u01b0\u01a1ng hi\u1ec7u\">United States<\/td>\n<\/tr>\n<tr>\n<th class=\"col label\" scope=\"row\">H\u1ea1n s\u1eed d\u1ee5ng (th\u00e1ng)<\/th>\n<td class=\"col data\" data-th=\"H\u1ea1n s\u1eed d\u1ee5ng (th\u00e1ng)\">36<\/td>\n<\/tr>\n<tr>\n<th class=\"col label\" scope=\"row\">Ph\u00e2n lo\u1ea1i<\/th>\n<td class=\"col data\" data-th=\"Ph\u00e2n lo\u1ea1i\">110.5<\/td>\n<\/tr>\n<tr>\n<th class=\"col label\" scope=\"row\">Th\u01b0\u01a1ng hi\u1ec7u<\/th>\n<td class=\"col data\" data-th=\"Th\u01b0\u01a1ng hi\u1ec7u\">MAYBELLINE NEW YORK<\/td>\n<\/tr>\n<\/tbody>\n<\/table>\n<\/li>\n<\/ul>\n","protected":false},"excerpt":{"rendered":"<table id=\"product-attribute-specs-table\" class=\"data table additional-attributes\">\n<tbody>\n<tr>\n<th class=\"col label\" scope=\"row\">Xu\u1ea5t x\u1ee9 th\u01b0\u01a1ng hi\u1ec7u<\/th>\n<td class=\"col data\" data-th=\"Xu\u1ea5t x\u1ee9 th\u01b0\u01a1ng hi\u1ec7u\">United States<\/td>\n<\/tr>\n<tr>\n<th class=\"col label\" scope=\"row\">H\u1ea1n s\u1eed d\u1ee5ng (th\u00e1ng)<\/th>\n<td class=\"col data\" data-th=\"H\u1ea1n s\u1eed d\u1ee5ng (th\u00e1ng)\">36<\/td>\n<\/tr>\n<tr>\n<th class=\"col label\" scope=\"row\">Ph\u00e2n lo\u1ea1i<\/th>\n<td class=\"col data\" data-th=\"Ph\u00e2n lo\u1ea1i\">110.5<\/td>\n<\/tr>\n<tr>\n<th class=\"col label\" scope=\"row\">Th\u01b0\u01a1ng hi\u1ec7u<\/th>\n<td class=\"col data\" data-th=\"Th\u01b0\u01a1ng hi\u1ec7u\">MAYBELLINE NEW YORK<\/td>\n<\/tr>\n<\/tbody>\n<\/table>\n","protected":false},"featured_media":179,"comment_status":"open","ping_status":"closed","template":"","meta":[],"product_brand":[19],"product_cat":[17],"product_tag":[],"class_list":{"0":"post-174","1":"product","2":"type-product","3":"status-publish","4":"has-post-thumbnail","6":"product_brand-maybelline","7":"product_cat-uncategorized","9":"first","10":"instock","11":"sale","12":"shipping-taxable","13":"purchasable","14":"product-type-variable"},"yoast_head":"<!-- This site is optimized with the Yoast SEO plugin v26.9 - https:\/\/yoast.com\/product\/yoast-seo-wordpress\/ -->\n<title>Ph\u1ea5n N\u01b0\u1edbc M\u1ecbn L\u00ec \u0110\u1ebfn 24 Gi\u1edd Maybelline New York Super Stay Baby Cushion_110.5 - Artify<\/title>\n<meta name=\"description\" content=\"Ph\u1ea5n N\u01b0\u1edbc M\u1ecbn L\u00ec \u0110\u1ebfn 24 Gi\u1edd Maybelline New York Super Stay Baby Cushion_110.5B\u1ea1n \u0111ang t\u00ecm ki\u1ebfm ph\u1ea5n n\u01b0\u1edbc cho l\u1edbp n\u1ec1n m\u1ecbn - m\u00e1tt - mallow - b\u1ec1n \u0111\u1eb9p su\u1ed1t ng\u00e0y d\u00e0i? Maybelline New York ch\u00ednh th\u1ee9c gi\u1edbi thi\u1ec7u si\u00eau ph\u1ea9m ph\u1ea5n n\u01b0\u1edbc m\u1edbi - SUPERSTAY 24H BABY MATTE [M\u1edaI], cho l\u1edbp n\u1ec1n chu\u1ea9n l\u00ec baby, m\u1ec1m m\u1ecbn v\u00e0 tho\u00e1ng nh\u1eb9 su\u1ed1t c\u1ea3 ng\u00e0y.V\u1edbi:C\u00f4ng ngh\u1ec7 X3 h\u1ea1t ph\u1ea5n gi\u00fap che ph\u1ee7 t\u1ee9c th\u00ec, m\u1edd \u0111\u1ebfn 67% l\u1ed7 ch\u00e2n l\u00f4ng, cho l\u00e0n da m\u1ecbn m\u01b0\u1edbt t\u1ef1 nhi\u00eanKi\u1ec1m d\u1ea7u v\u00e0 gi\u1eef tone su\u1ed1t 24h, kh\u00f4ng lo xu\u1ed1ng m\u00e0u gi\u1eefa ng\u00e0y40% th\u00e0nh ph\u1ea7n d\u01b0\u1ee1ng \u1ea9m, gi\u00fap da m\u1ec1m m\u1ecbn, kh\u00f4ng kh\u00f4 c\u0103ng hay b\u00ed daK\u1ebft c\u1ea5u nh\u1eb9 \u2013 tho\u00e1ng \u2013 ti\u1ec7p da, mang l\u1ea1i c\u1ea3m gi\u00e1c d\u1ec5 ch\u1ecbu - m\u1ecbn - m\u00e1t\" \/>\n<meta name=\"robots\" content=\"index, follow, max-snippet:-1, max-image-preview:large, max-video-preview:-1\" \/>\n<link rel=\"canonical\" href=\"https:\/\/sachs.azdigi.shop\/index.php\/product\/phan-nuoc-min-li-den-24-gio-maybelline-new-york-super-stay-baby-cushion_110-5\/\" \/>\n<meta property=\"og:locale\" content=\"en_US\" \/>\n<meta property=\"og:type\" content=\"article\" \/>\n<meta property=\"og:title\" content=\"Ph\u1ea5n N\u01b0\u1edbc M\u1ecbn L\u00ec \u0110\u1ebfn 24 Gi\u1edd Maybelline New York Super Stay Baby Cushion_110.5 - Artify\" \/>\n<meta property=\"og:description\" content=\"Ph\u1ea5n N\u01b0\u1edbc M\u1ecbn L\u00ec \u0110\u1ebfn 24 Gi\u1edd Maybelline New York Super Stay Baby Cushion_110.5B\u1ea1n \u0111ang t\u00ecm ki\u1ebfm ph\u1ea5n n\u01b0\u1edbc cho l\u1edbp n\u1ec1n m\u1ecbn - m\u00e1tt - mallow - b\u1ec1n \u0111\u1eb9p su\u1ed1t ng\u00e0y d\u00e0i? Maybelline New York ch\u00ednh th\u1ee9c gi\u1edbi thi\u1ec7u si\u00eau ph\u1ea9m ph\u1ea5n n\u01b0\u1edbc m\u1edbi - SUPERSTAY 24H BABY MATTE [M\u1edaI], cho l\u1edbp n\u1ec1n chu\u1ea9n l\u00ec baby, m\u1ec1m m\u1ecbn v\u00e0 tho\u00e1ng nh\u1eb9 su\u1ed1t c\u1ea3 ng\u00e0y.V\u1edbi:C\u00f4ng ngh\u1ec7 X3 h\u1ea1t ph\u1ea5n gi\u00fap che ph\u1ee7 t\u1ee9c th\u00ec, m\u1edd \u0111\u1ebfn 67% l\u1ed7 ch\u00e2n l\u00f4ng, cho l\u00e0n da m\u1ecbn m\u01b0\u1edbt t\u1ef1 nhi\u00eanKi\u1ec1m d\u1ea7u v\u00e0 gi\u1eef tone su\u1ed1t 24h, kh\u00f4ng lo xu\u1ed1ng m\u00e0u gi\u1eefa ng\u00e0y40% th\u00e0nh ph\u1ea7n d\u01b0\u1ee1ng \u1ea9m, gi\u00fap da m\u1ec1m m\u1ecbn, kh\u00f4ng kh\u00f4 c\u0103ng hay b\u00ed daK\u1ebft c\u1ea5u nh\u1eb9 \u2013 tho\u00e1ng \u2013 ti\u1ec7p da, mang l\u1ea1i c\u1ea3m gi\u00e1c d\u1ec5 ch\u1ecbu - m\u1ecbn - m\u00e1t\" \/>\n<meta property=\"og:url\" content=\"https:\/\/sachs.azdigi.shop\/index.php\/product\/phan-nuoc-min-li-den-24-gio-maybelline-new-york-super-stay-baby-cushion_110-5\/\" \/>\n<meta property=\"og:site_name\" content=\"Artify\" \/>\n<meta property=\"article:modified_time\" content=\"2026-04-17T12:48:29+00:00\" \/>\n<meta property=\"og:image\" content=\"https:\/\/sachs.azdigi.shop\/wp-content\/uploads\/2026\/04\/3033324_1_.jpg\" \/>\n\t<meta property=\"og:image:width\" content=\"700\" \/>\n\t<meta property=\"og:image:height\" content=\"625\" \/>\n\t<meta property=\"og:image:type\" content=\"image\/jpeg\" \/>\n<meta name=\"twitter:card\" content=\"summary_large_image\" \/>\n<meta name=\"twitter:label1\" content=\"Est. reading time\" \/>\n\t<meta name=\"twitter:data1\" content=\"2 minutes\" \/>\n<script type=\"application\/ld+json\" class=\"yoast-schema-graph\">{\"@context\":\"https:\/\/schema.org\",\"@graph\":[{\"@type\":\"WebPage\",\"@id\":\"https:\/\/sachs.azdigi.shop\/index.php\/product\/phan-nuoc-min-li-den-24-gio-maybelline-new-york-super-stay-baby-cushion_110-5\/\",\"url\":\"https:\/\/sachs.azdigi.shop\/index.php\/product\/phan-nuoc-min-li-den-24-gio-maybelline-new-york-super-stay-baby-cushion_110-5\/\",\"name\":\"Ph\u1ea5n N\u01b0\u1edbc M\u1ecbn L\u00ec \u0110\u1ebfn 24 Gi\u1edd Maybelline New York Super Stay Baby Cushion_110.5 - Artify\",\"isPartOf\":{\"@id\":\"https:\/\/sachs.azdigi.shop\/#website\"},\"primaryImageOfPage\":{\"@id\":\"https:\/\/sachs.azdigi.shop\/index.php\/product\/phan-nuoc-min-li-den-24-gio-maybelline-new-york-super-stay-baby-cushion_110-5\/#primaryimage\"},\"image\":{\"@id\":\"https:\/\/sachs.azdigi.shop\/index.php\/product\/phan-nuoc-min-li-den-24-gio-maybelline-new-york-super-stay-baby-cushion_110-5\/#primaryimage\"},\"thumbnailUrl\":\"https:\/\/sachs.azdigi.shop\/wp-content\/uploads\/2026\/04\/3033324_1_.jpg\",\"datePublished\":\"2026-04-17T12:48:28+00:00\",\"dateModified\":\"2026-04-17T12:48:29+00:00\",\"description\":\"Ph\u1ea5n N\u01b0\u1edbc M\u1ecbn L\u00ec \u0110\u1ebfn 24 Gi\u1edd Maybelline New York Super Stay Baby Cushion_110.5B\u1ea1n \u0111ang t\u00ecm ki\u1ebfm ph\u1ea5n n\u01b0\u1edbc cho l\u1edbp n\u1ec1n m\u1ecbn - m\u00e1tt - mallow - b\u1ec1n \u0111\u1eb9p su\u1ed1t ng\u00e0y d\u00e0i? Maybelline New York ch\u00ednh th\u1ee9c gi\u1edbi thi\u1ec7u si\u00eau ph\u1ea9m ph\u1ea5n n\u01b0\u1edbc m\u1edbi - SUPERSTAY 24H BABY MATTE [M\u1edaI], cho l\u1edbp n\u1ec1n chu\u1ea9n l\u00ec baby, m\u1ec1m m\u1ecbn v\u00e0 tho\u00e1ng nh\u1eb9 su\u1ed1t c\u1ea3 ng\u00e0y.V\u1edbi:C\u00f4ng ngh\u1ec7 X3 h\u1ea1t ph\u1ea5n gi\u00fap che ph\u1ee7 t\u1ee9c th\u00ec, m\u1edd \u0111\u1ebfn 67% l\u1ed7 ch\u00e2n l\u00f4ng, cho l\u00e0n da m\u1ecbn m\u01b0\u1edbt t\u1ef1 nhi\u00eanKi\u1ec1m d\u1ea7u v\u00e0 gi\u1eef tone su\u1ed1t 24h, kh\u00f4ng lo xu\u1ed1ng m\u00e0u gi\u1eefa ng\u00e0y40% th\u00e0nh ph\u1ea7n d\u01b0\u1ee1ng \u1ea9m, gi\u00fap da m\u1ec1m m\u1ecbn, kh\u00f4ng kh\u00f4 c\u0103ng hay b\u00ed daK\u1ebft c\u1ea5u nh\u1eb9 \u2013 tho\u00e1ng \u2013 ti\u1ec7p da, mang l\u1ea1i c\u1ea3m gi\u00e1c d\u1ec5 ch\u1ecbu - m\u1ecbn - m\u00e1t\",\"breadcrumb\":{\"@id\":\"https:\/\/sachs.azdigi.shop\/index.php\/product\/phan-nuoc-min-li-den-24-gio-maybelline-new-york-super-stay-baby-cushion_110-5\/#breadcrumb\"},\"inLanguage\":\"en-US\",\"potentialAction\":[{\"@type\":\"ReadAction\",\"target\":[\"https:\/\/sachs.azdigi.shop\/index.php\/product\/phan-nuoc-min-li-den-24-gio-maybelline-new-york-super-stay-baby-cushion_110-5\/\"]}]},{\"@type\":\"ImageObject\",\"inLanguage\":\"en-US\",\"@id\":\"https:\/\/sachs.azdigi.shop\/index.php\/product\/phan-nuoc-min-li-den-24-gio-maybelline-new-york-super-stay-baby-cushion_110-5\/#primaryimage\",\"url\":\"https:\/\/sachs.azdigi.shop\/wp-content\/uploads\/2026\/04\/3033324_1_.jpg\",\"contentUrl\":\"https:\/\/sachs.azdigi.shop\/wp-content\/uploads\/2026\/04\/3033324_1_.jpg\",\"width\":700,\"height\":625},{\"@type\":\"BreadcrumbList\",\"@id\":\"https:\/\/sachs.azdigi.shop\/index.php\/product\/phan-nuoc-min-li-den-24-gio-maybelline-new-york-super-stay-baby-cushion_110-5\/#breadcrumb\",\"itemListElement\":[{\"@type\":\"ListItem\",\"position\":1,\"name\":\"Home\",\"item\":\"https:\/\/sachs.azdigi.shop\/\"},{\"@type\":\"ListItem\",\"position\":2,\"name\":\"Shop\",\"item\":\"https:\/\/sachs.azdigi.shop\/index.php\/shop\/\"},{\"@type\":\"ListItem\",\"position\":3,\"name\":\"Ph\u1ea5n N\u01b0\u1edbc M\u1ecbn L\u00ec \u0110\u1ebfn 24 Gi\u1edd Maybelline New York Super Stay Baby Cushion_110.5\"}]},{\"@type\":\"WebSite\",\"@id\":\"https:\/\/sachs.azdigi.shop\/#website\",\"url\":\"https:\/\/sachs.azdigi.shop\/\",\"name\":\"Artify\",\"description\":\"\",\"potentialAction\":[{\"@type\":\"SearchAction\",\"target\":{\"@type\":\"EntryPoint\",\"urlTemplate\":\"https:\/\/sachs.azdigi.shop\/?s={search_term_string}\"},\"query-input\":{\"@type\":\"PropertyValueSpecification\",\"valueRequired\":true,\"valueName\":\"search_term_string\"}}],\"inLanguage\":\"en-US\"}]}<\/script>\n<!-- \/ Yoast SEO plugin. -->","yoast_head_json":{"title":"Ph\u1ea5n N\u01b0\u1edbc M\u1ecbn L\u00ec \u0110\u1ebfn 24 Gi\u1edd Maybelline New York Super Stay Baby Cushion_110.5 - Artify","description":"Ph\u1ea5n N\u01b0\u1edbc M\u1ecbn L\u00ec \u0110\u1ebfn 24 Gi\u1edd Maybelline New York Super Stay Baby Cushion_110.5B\u1ea1n \u0111ang t\u00ecm ki\u1ebfm ph\u1ea5n n\u01b0\u1edbc cho l\u1edbp n\u1ec1n m\u1ecbn - m\u00e1tt - mallow - b\u1ec1n \u0111\u1eb9p su\u1ed1t ng\u00e0y d\u00e0i? Maybelline New York ch\u00ednh th\u1ee9c gi\u1edbi thi\u1ec7u si\u00eau ph\u1ea9m ph\u1ea5n n\u01b0\u1edbc m\u1edbi - SUPERSTAY 24H BABY MATTE [M\u1edaI], cho l\u1edbp n\u1ec1n chu\u1ea9n l\u00ec baby, m\u1ec1m m\u1ecbn v\u00e0 tho\u00e1ng nh\u1eb9 su\u1ed1t c\u1ea3 ng\u00e0y.V\u1edbi:C\u00f4ng ngh\u1ec7 X3 h\u1ea1t ph\u1ea5n gi\u00fap che ph\u1ee7 t\u1ee9c th\u00ec, m\u1edd \u0111\u1ebfn 67% l\u1ed7 ch\u00e2n l\u00f4ng, cho l\u00e0n da m\u1ecbn m\u01b0\u1edbt t\u1ef1 nhi\u00eanKi\u1ec1m d\u1ea7u v\u00e0 gi\u1eef tone su\u1ed1t 24h, kh\u00f4ng lo xu\u1ed1ng m\u00e0u gi\u1eefa ng\u00e0y40% th\u00e0nh ph\u1ea7n d\u01b0\u1ee1ng \u1ea9m, gi\u00fap da m\u1ec1m m\u1ecbn, kh\u00f4ng kh\u00f4 c\u0103ng hay b\u00ed daK\u1ebft c\u1ea5u nh\u1eb9 \u2013 tho\u00e1ng \u2013 ti\u1ec7p da, mang l\u1ea1i c\u1ea3m gi\u00e1c d\u1ec5 ch\u1ecbu - m\u1ecbn - m\u00e1t","robots":{"index":"index","follow":"follow","max-snippet":"max-snippet:-1","max-image-preview":"max-image-preview:large","max-video-preview":"max-video-preview:-1"},"canonical":"https:\/\/sachs.azdigi.shop\/index.php\/product\/phan-nuoc-min-li-den-24-gio-maybelline-new-york-super-stay-baby-cushion_110-5\/","og_locale":"en_US","og_type":"article","og_title":"Ph\u1ea5n N\u01b0\u1edbc M\u1ecbn L\u00ec \u0110\u1ebfn 24 Gi\u1edd Maybelline New York Super Stay Baby Cushion_110.5 - Artify","og_description":"Ph\u1ea5n N\u01b0\u1edbc M\u1ecbn L\u00ec \u0110\u1ebfn 24 Gi\u1edd Maybelline New York Super Stay Baby Cushion_110.5B\u1ea1n \u0111ang t\u00ecm ki\u1ebfm ph\u1ea5n n\u01b0\u1edbc cho l\u1edbp n\u1ec1n m\u1ecbn - m\u00e1tt - mallow - b\u1ec1n \u0111\u1eb9p su\u1ed1t ng\u00e0y d\u00e0i? Maybelline New York ch\u00ednh th\u1ee9c gi\u1edbi thi\u1ec7u si\u00eau ph\u1ea9m ph\u1ea5n n\u01b0\u1edbc m\u1edbi - SUPERSTAY 24H BABY MATTE [M\u1edaI], cho l\u1edbp n\u1ec1n chu\u1ea9n l\u00ec baby, m\u1ec1m m\u1ecbn v\u00e0 tho\u00e1ng nh\u1eb9 su\u1ed1t c\u1ea3 ng\u00e0y.V\u1edbi:C\u00f4ng ngh\u1ec7 X3 h\u1ea1t ph\u1ea5n gi\u00fap che ph\u1ee7 t\u1ee9c th\u00ec, m\u1edd \u0111\u1ebfn 67% l\u1ed7 ch\u00e2n l\u00f4ng, cho l\u00e0n da m\u1ecbn m\u01b0\u1edbt t\u1ef1 nhi\u00eanKi\u1ec1m d\u1ea7u v\u00e0 gi\u1eef tone su\u1ed1t 24h, kh\u00f4ng lo xu\u1ed1ng m\u00e0u gi\u1eefa ng\u00e0y40% th\u00e0nh ph\u1ea7n d\u01b0\u1ee1ng \u1ea9m, gi\u00fap da m\u1ec1m m\u1ecbn, kh\u00f4ng kh\u00f4 c\u0103ng hay b\u00ed daK\u1ebft c\u1ea5u nh\u1eb9 \u2013 tho\u00e1ng \u2013 ti\u1ec7p da, mang l\u1ea1i c\u1ea3m gi\u00e1c d\u1ec5 ch\u1ecbu - m\u1ecbn - m\u00e1t","og_url":"https:\/\/sachs.azdigi.shop\/index.php\/product\/phan-nuoc-min-li-den-24-gio-maybelline-new-york-super-stay-baby-cushion_110-5\/","og_site_name":"Artify","article_modified_time":"2026-04-17T12:48:29+00:00","og_image":[{"width":700,"height":625,"url":"https:\/\/sachs.azdigi.shop\/wp-content\/uploads\/2026\/04\/3033324_1_.jpg","type":"image\/jpeg"}],"twitter_card":"summary_large_image","twitter_misc":{"Est. reading time":"2 minutes"},"schema":{"@context":"https:\/\/schema.org","@graph":[{"@type":"WebPage","@id":"https:\/\/sachs.azdigi.shop\/index.php\/product\/phan-nuoc-min-li-den-24-gio-maybelline-new-york-super-stay-baby-cushion_110-5\/","url":"https:\/\/sachs.azdigi.shop\/index.php\/product\/phan-nuoc-min-li-den-24-gio-maybelline-new-york-super-stay-baby-cushion_110-5\/","name":"Ph\u1ea5n N\u01b0\u1edbc M\u1ecbn L\u00ec \u0110\u1ebfn 24 Gi\u1edd Maybelline New York Super Stay Baby Cushion_110.5 - Artify","isPartOf":{"@id":"https:\/\/sachs.azdigi.shop\/#website"},"primaryImageOfPage":{"@id":"https:\/\/sachs.azdigi.shop\/index.php\/product\/phan-nuoc-min-li-den-24-gio-maybelline-new-york-super-stay-baby-cushion_110-5\/#primaryimage"},"image":{"@id":"https:\/\/sachs.azdigi.shop\/index.php\/product\/phan-nuoc-min-li-den-24-gio-maybelline-new-york-super-stay-baby-cushion_110-5\/#primaryimage"},"thumbnailUrl":"https:\/\/sachs.azdigi.shop\/wp-content\/uploads\/2026\/04\/3033324_1_.jpg","datePublished":"2026-04-17T12:48:28+00:00","dateModified":"2026-04-17T12:48:29+00:00","description":"Ph\u1ea5n N\u01b0\u1edbc M\u1ecbn L\u00ec \u0110\u1ebfn 24 Gi\u1edd Maybelline New York Super Stay Baby Cushion_110.5B\u1ea1n \u0111ang t\u00ecm ki\u1ebfm ph\u1ea5n n\u01b0\u1edbc cho l\u1edbp n\u1ec1n m\u1ecbn - m\u00e1tt - mallow - b\u1ec1n \u0111\u1eb9p su\u1ed1t ng\u00e0y d\u00e0i? Maybelline New York ch\u00ednh th\u1ee9c gi\u1edbi thi\u1ec7u si\u00eau ph\u1ea9m ph\u1ea5n n\u01b0\u1edbc m\u1edbi - SUPERSTAY 24H BABY MATTE [M\u1edaI], cho l\u1edbp n\u1ec1n chu\u1ea9n l\u00ec baby, m\u1ec1m m\u1ecbn v\u00e0 tho\u00e1ng nh\u1eb9 su\u1ed1t c\u1ea3 ng\u00e0y.V\u1edbi:C\u00f4ng ngh\u1ec7 X3 h\u1ea1t ph\u1ea5n gi\u00fap che ph\u1ee7 t\u1ee9c th\u00ec, m\u1edd \u0111\u1ebfn 67% l\u1ed7 ch\u00e2n l\u00f4ng, cho l\u00e0n da m\u1ecbn m\u01b0\u1edbt t\u1ef1 nhi\u00eanKi\u1ec1m d\u1ea7u v\u00e0 gi\u1eef tone su\u1ed1t 24h, kh\u00f4ng lo xu\u1ed1ng m\u00e0u gi\u1eefa ng\u00e0y40% th\u00e0nh ph\u1ea7n d\u01b0\u1ee1ng \u1ea9m, gi\u00fap da m\u1ec1m m\u1ecbn, kh\u00f4ng kh\u00f4 c\u0103ng hay b\u00ed daK\u1ebft c\u1ea5u nh\u1eb9 \u2013 tho\u00e1ng \u2013 ti\u1ec7p da, mang l\u1ea1i c\u1ea3m gi\u00e1c d\u1ec5 ch\u1ecbu - m\u1ecbn - m\u00e1t","breadcrumb":{"@id":"https:\/\/sachs.azdigi.shop\/index.php\/product\/phan-nuoc-min-li-den-24-gio-maybelline-new-york-super-stay-baby-cushion_110-5\/#breadcrumb"},"inLanguage":"en-US","potentialAction":[{"@type":"ReadAction","target":["https:\/\/sachs.azdigi.shop\/index.php\/product\/phan-nuoc-min-li-den-24-gio-maybelline-new-york-super-stay-baby-cushion_110-5\/"]}]},{"@type":"ImageObject","inLanguage":"en-US","@id":"https:\/\/sachs.azdigi.shop\/index.php\/product\/phan-nuoc-min-li-den-24-gio-maybelline-new-york-super-stay-baby-cushion_110-5\/#primaryimage","url":"https:\/\/sachs.azdigi.shop\/wp-content\/uploads\/2026\/04\/3033324_1_.jpg","contentUrl":"https:\/\/sachs.azdigi.shop\/wp-content\/uploads\/2026\/04\/3033324_1_.jpg","width":700,"height":625},{"@type":"BreadcrumbList","@id":"https:\/\/sachs.azdigi.shop\/index.php\/product\/phan-nuoc-min-li-den-24-gio-maybelline-new-york-super-stay-baby-cushion_110-5\/#breadcrumb","itemListElement":[{"@type":"ListItem","position":1,"name":"Home","item":"https:\/\/sachs.azdigi.shop\/"},{"@type":"ListItem","position":2,"name":"Shop","item":"https:\/\/sachs.azdigi.shop\/index.php\/shop\/"},{"@type":"ListItem","position":3,"name":"Ph\u1ea5n N\u01b0\u1edbc M\u1ecbn L\u00ec \u0110\u1ebfn 24 Gi\u1edd Maybelline New York Super Stay Baby Cushion_110.5"}]},{"@type":"WebSite","@id":"https:\/\/sachs.azdigi.shop\/#website","url":"https:\/\/sachs.azdigi.shop\/","name":"Artify","description":"","potentialAction":[{"@type":"SearchAction","target":{"@type":"EntryPoint","urlTemplate":"https:\/\/sachs.azdigi.shop\/?s={search_term_string}"},"query-input":{"@type":"PropertyValueSpecification","valueRequired":true,"valueName":"search_term_string"}}],"inLanguage":"en-US"}]}},"_links":{"self":[{"href":"https:\/\/sachs.azdigi.shop\/index.php\/wp-json\/wp\/v2\/product\/174","targetHints":{"allow":["GET"]}}],"collection":[{"href":"https:\/\/sachs.azdigi.shop\/index.php\/wp-json\/wp\/v2\/product"}],"about":[{"href":"https:\/\/sachs.azdigi.shop\/index.php\/wp-json\/wp\/v2\/types\/product"}],"replies":[{"embeddable":true,"href":"https:\/\/sachs.azdigi.shop\/index.php\/wp-json\/wp\/v2\/comments?post=174"}],"wp:featuredmedia":[{"embeddable":true,"href":"https:\/\/sachs.azdigi.shop\/index.php\/wp-json\/wp\/v2\/media\/179"}],"wp:attachment":[{"href":"https:\/\/sachs.azdigi.shop\/index.php\/wp-json\/wp\/v2\/media?parent=174"}],"wp:term":[{"taxonomy":"product_brand","embeddable":true,"href":"https:\/\/sachs.azdigi.shop\/index.php\/wp-json\/wp\/v2\/product_brand?post=174"},{"taxonomy":"product_cat","embeddable":true,"href":"https:\/\/sachs.azdigi.shop\/index.php\/wp-json\/wp\/v2\/product_cat?post=174"},{"taxonomy":"product_tag","embeddable":true,"href":"https:\/\/sachs.azdigi.shop\/index.php\/wp-json\/wp\/v2\/product_tag?post=174"}],"curies":[{"name":"wp","href":"https:\/\/api.w.org\/{rel}","templated":true}]}}