{"id":199,"date":"2026-04-17T13:55:12","date_gmt":"2026-04-17T13:55:12","guid":{"rendered":"https:\/\/sachs.azdigi.shop\/?post_type=product&#038;p=199"},"modified":"2026-04-18T07:38:02","modified_gmt":"2026-04-18T07:38:02","slug":"tinh-chat-duong-am-torriden-dive-in-serum-50ml","status":"publish","type":"product","link":"https:\/\/sachs.azdigi.shop\/index.php\/product\/tinh-chat-duong-am-torriden-dive-in-serum-50ml\/","title":{"rendered":"Tinh Ch\u1ea5t D\u01b0\u1ee1ng \u1ea8m Torriden Dive-In Serum 50ml"},"content":{"rendered":"<p><strong>Tinh Ch\u1ea5t D\u01b0\u1ee1ng \u1ea8m Torriden Dive-In Serum 50ml<\/strong><\/p>\n<p><strong>Tinh ch\u1ea5t c\u1ea5p \u1ea9m<\/strong>\u00a0s\u00e2u v\u1edbi ph\u1ee9c h\u1ee3p 5D Hyaluronic Acid c\u1ee7a\u00a0<strong>Torriden<\/strong>, gi\u00fap da c\u0103ng m\u1ecdng, m\u1ec1m m\u1ea1i v\u00e0 c\u1ea3i thi\u1ec7n \u0111\u1ed9 \u0111\u00e0n h\u1ed3i. K\u1ebft c\u1ea5u m\u1ecfng nh\u1eb9, th\u1ea5m nhanh, h\u1ed7 tr\u1ee3 se kh\u00edt l\u1ed7 ch\u00e2n l\u00f4ng v\u00e0 l\u00e0m s\u00e1ng da.<\/p>\n<p><strong><span id=\"KM5E1UX\">C\u00d4NG D\u1ee4NG:<\/span><\/strong><\/p>\n<p>S\u1ea3n ph\u1ea9m d\u01b0\u1ee1ng gi\u00fap d\u01b0\u1ee1ng \u1ea9m v\u00e0 l\u00e0m d\u1ecbu da, cho da lu\u00f4n m\u1ecbn m\u00e0ng<\/p>\n<p><strong>TH\u00c0NH PH\u1ea6N:<\/strong><\/p>\n<p>Water, Butylene Glycol, Glycerin, Dipropylene Glycol, 1,2-Hexanediol, Panthenol, Sodium Hyaluronate, Hydrolyzed Hyaluronic Acid, Sodium Acetylated Hyaluronate, Sodium Hyaluronate Crosspolymer, Hydrolyzed Sodium Hyaluronate, Allantoin, Trehalose, Sodium PCA, Portulaca Oleracea Extract, Hamamelis Virginiana (Witch Hazel) Leaf Extract, Madecassoside, Madecassic Acid, Asiaticoside, Asiatic Acid, Beta-Glucan, Malachite Extract, Cholesterol, Pentylene Glycol, Glyceryl Acrylate\/Acrylic Acid Copolymer, PVM\/MA Copolymer, Polyglyceryl-10 Laurate, Xanthan Gum, Tromethamine, Carbomer, Ethylhexylglycerin, Scutellaria Baicalensis Root Extract, Paeonia Suffruticosa Root ExtractC<\/p>\n<p id=\"LR0UKUY\"><strong>H\u01af\u1edaNG D\u1eaaN S\u1eec D\u1ee4NG:<\/strong><\/p>\n<p>L\u1ea5y m\u1ed9t l\u01b0\u1ee3ng v\u1eeba \u0111\u1ee7 thoa \u0111\u1ec1u kh\u1eafp m\u1eb7t v\u00e0 v\u1ed7 nh\u1eb9 \u0111\u1ec3 d\u01b0\u1ee1ng ch\u1ea5t th\u1ea9m th\u1ea5u<\/p>\n<p><strong>TH\u00d4NG TIN KH\u00c1C:<\/strong><\/p>\n<p><strong>L\u01b0u \u00fd:<\/strong>\u00a0Tr\u00e1nh xa t\u1ea7m tay tr\u1ebb em B\u1ea3o qu\u1ea3n: N\u01a1i kh\u00f4 r\u00e1o, tr\u00e1nh \u00e1nh n\u1eafng tr\u1ef1c ti\u1ebfp<\/p>\n<p><strong>Th\u1ec3 t\u00edch th\u1ef1c:<\/strong>\u00a050 ml<\/p>\n<p><strong>Xu\u1ea5t x\u1ee9:<\/strong>\u00a0H\u00e0n Qu\u1ed1c<\/p>\n<table id=\"product-attribute-specs-table\" class=\"data table additional-attributes\">\n<tbody>\n<tr>\n<th class=\"col label\" scope=\"row\">Xu\u1ea5t x\u1ee9 th\u01b0\u01a1ng hi\u1ec7u<\/th>\n<td class=\"col data\" data-th=\"Xu\u1ea5t x\u1ee9 th\u01b0\u01a1ng hi\u1ec7u\">Korea (the Republic of)<\/td>\n<\/tr>\n<tr>\n<th class=\"col label\" scope=\"row\">H\u1ea1n s\u1eed d\u1ee5ng (th\u00e1ng)<\/th>\n<td class=\"col data\" data-th=\"H\u1ea1n s\u1eed d\u1ee5ng (th\u00e1ng)\">36<\/td>\n<\/tr>\n<tr>\n<th class=\"col label\" scope=\"row\">Th\u01b0\u01a1ng hi\u1ec7u<\/th>\n<td class=\"col data\" data-th=\"Th\u01b0\u01a1ng hi\u1ec7u\">TORRIDEN<\/td>\n<\/tr>\n<\/tbody>\n<\/table>\n","protected":false},"excerpt":{"rendered":"<table id=\"product-attribute-specs-table\" class=\"data table additional-attributes\">\n<tbody>\n<tr>\n<th class=\"col label\" scope=\"row\">Xu\u1ea5t x\u1ee9 th\u01b0\u01a1ng hi\u1ec7u<\/th>\n<td class=\"col data\" data-th=\"Xu\u1ea5t x\u1ee9 th\u01b0\u01a1ng hi\u1ec7u\">Korea (the Republic of)<\/td>\n<\/tr>\n<tr>\n<th class=\"col label\" scope=\"row\">H\u1ea1n s\u1eed d\u1ee5ng (th\u00e1ng)<\/th>\n<td class=\"col data\" data-th=\"H\u1ea1n s\u1eed d\u1ee5ng (th\u00e1ng)\">36<\/td>\n<\/tr>\n<tr>\n<th class=\"col label\" scope=\"row\">Th\u01b0\u01a1ng hi\u1ec7u<\/th>\n<td class=\"col data\" data-th=\"Th\u01b0\u01a1ng hi\u1ec7u\">TORRIDEN<\/td>\n<\/tr>\n<\/tbody>\n<\/table>\n","protected":false},"featured_media":200,"comment_status":"open","ping_status":"closed","template":"","meta":[],"product_brand":[23],"product_cat":[17,26,36,37],"product_tag":[],"class_list":{"0":"post-199","1":"product","2":"type-product","3":"status-publish","4":"has-post-thumbnail","6":"product_brand-torriden","7":"product_cat-uncategorized","8":"product_cat-cham-soc-da","9":"product_cat-serum","10":"product_cat-serum-torriden","12":"first","13":"instock","14":"shipping-taxable","15":"purchasable","16":"product-type-variable"},"yoast_head":"<!-- This site is optimized with the Yoast SEO plugin v26.9 - https:\/\/yoast.com\/product\/yoast-seo-wordpress\/ -->\n<title>Tinh Ch\u1ea5t D\u01b0\u1ee1ng \u1ea8m Torriden Dive-In Serum 50ml - Artify<\/title>\n<meta name=\"description\" content=\"Tinh Ch\u1ea5t D\u01b0\u1ee1ng \u1ea8m Torriden Dive-In Serum 50mlTinh ch\u1ea5t c\u1ea5p \u1ea9m s\u00e2u v\u1edbi ph\u1ee9c h\u1ee3p 5D Hyaluronic Acid c\u1ee7a Torriden, gi\u00fap da c\u0103ng m\u1ecdng, m\u1ec1m m\u1ea1i v\u00e0 c\u1ea3i thi\u1ec7n \u0111\u1ed9 \u0111\u00e0n h\u1ed3i. K\u1ebft c\u1ea5u m\u1ecfng nh\u1eb9, th\u1ea5m nhanh, h\u1ed7 tr\u1ee3 se kh\u00edt l\u1ed7 ch\u00e2n l\u00f4ng v\u00e0 l\u00e0m s\u00e1ng da.\" \/>\n<meta name=\"robots\" content=\"index, follow, max-snippet:-1, max-image-preview:large, max-video-preview:-1\" \/>\n<link rel=\"canonical\" href=\"https:\/\/sachs.azdigi.shop\/index.php\/product\/tinh-chat-duong-am-torriden-dive-in-serum-50ml\/\" \/>\n<meta property=\"og:locale\" content=\"en_US\" \/>\n<meta property=\"og:type\" content=\"article\" \/>\n<meta property=\"og:title\" content=\"Tinh Ch\u1ea5t D\u01b0\u1ee1ng \u1ea8m Torriden Dive-In Serum 50ml - Artify\" \/>\n<meta property=\"og:description\" content=\"Tinh Ch\u1ea5t D\u01b0\u1ee1ng \u1ea8m Torriden Dive-In Serum 50mlTinh ch\u1ea5t c\u1ea5p \u1ea9m s\u00e2u v\u1edbi ph\u1ee9c h\u1ee3p 5D Hyaluronic Acid c\u1ee7a Torriden, gi\u00fap da c\u0103ng m\u1ecdng, m\u1ec1m m\u1ea1i v\u00e0 c\u1ea3i thi\u1ec7n \u0111\u1ed9 \u0111\u00e0n h\u1ed3i. K\u1ebft c\u1ea5u m\u1ecfng nh\u1eb9, th\u1ea5m nhanh, h\u1ed7 tr\u1ee3 se kh\u00edt l\u1ed7 ch\u00e2n l\u00f4ng v\u00e0 l\u00e0m s\u00e1ng da.\" \/>\n<meta property=\"og:url\" content=\"https:\/\/sachs.azdigi.shop\/index.php\/product\/tinh-chat-duong-am-torriden-dive-in-serum-50ml\/\" \/>\n<meta property=\"og:site_name\" content=\"Artify\" \/>\n<meta property=\"article:modified_time\" content=\"2026-04-18T07:38:02+00:00\" \/>\n<meta property=\"og:image\" content=\"https:\/\/sachs.azdigi.shop\/wp-content\/uploads\/2026\/04\/tinh_ch_t_d_ng_m_50ml_torriden_dive-in_serum_50ml_copy_6.webp\" \/>\n\t<meta property=\"og:image:width\" content=\"700\" \/>\n\t<meta property=\"og:image:height\" content=\"700\" \/>\n\t<meta property=\"og:image:type\" content=\"image\/webp\" \/>\n<meta name=\"twitter:card\" content=\"summary_large_image\" \/>\n<meta name=\"twitter:label1\" content=\"Est. reading time\" \/>\n\t<meta name=\"twitter:data1\" content=\"2 minutes\" \/>\n<script type=\"application\/ld+json\" class=\"yoast-schema-graph\">{\"@context\":\"https:\/\/schema.org\",\"@graph\":[{\"@type\":\"WebPage\",\"@id\":\"https:\/\/sachs.azdigi.shop\/index.php\/product\/tinh-chat-duong-am-torriden-dive-in-serum-50ml\/\",\"url\":\"https:\/\/sachs.azdigi.shop\/index.php\/product\/tinh-chat-duong-am-torriden-dive-in-serum-50ml\/\",\"name\":\"Tinh Ch\u1ea5t D\u01b0\u1ee1ng \u1ea8m Torriden Dive-In Serum 50ml - Artify\",\"isPartOf\":{\"@id\":\"https:\/\/sachs.azdigi.shop\/#website\"},\"primaryImageOfPage\":{\"@id\":\"https:\/\/sachs.azdigi.shop\/index.php\/product\/tinh-chat-duong-am-torriden-dive-in-serum-50ml\/#primaryimage\"},\"image\":{\"@id\":\"https:\/\/sachs.azdigi.shop\/index.php\/product\/tinh-chat-duong-am-torriden-dive-in-serum-50ml\/#primaryimage\"},\"thumbnailUrl\":\"https:\/\/sachs.azdigi.shop\/wp-content\/uploads\/2026\/04\/tinh_ch_t_d_ng_m_50ml_torriden_dive-in_serum_50ml_copy_6.webp\",\"datePublished\":\"2026-04-17T13:55:12+00:00\",\"dateModified\":\"2026-04-18T07:38:02+00:00\",\"description\":\"Tinh Ch\u1ea5t D\u01b0\u1ee1ng \u1ea8m Torriden Dive-In Serum 50mlTinh ch\u1ea5t c\u1ea5p \u1ea9m s\u00e2u v\u1edbi ph\u1ee9c h\u1ee3p 5D Hyaluronic Acid c\u1ee7a Torriden, gi\u00fap da c\u0103ng m\u1ecdng, m\u1ec1m m\u1ea1i v\u00e0 c\u1ea3i thi\u1ec7n \u0111\u1ed9 \u0111\u00e0n h\u1ed3i. K\u1ebft c\u1ea5u m\u1ecfng nh\u1eb9, th\u1ea5m nhanh, h\u1ed7 tr\u1ee3 se kh\u00edt l\u1ed7 ch\u00e2n l\u00f4ng v\u00e0 l\u00e0m s\u00e1ng da.\",\"breadcrumb\":{\"@id\":\"https:\/\/sachs.azdigi.shop\/index.php\/product\/tinh-chat-duong-am-torriden-dive-in-serum-50ml\/#breadcrumb\"},\"inLanguage\":\"en-US\",\"potentialAction\":[{\"@type\":\"ReadAction\",\"target\":[\"https:\/\/sachs.azdigi.shop\/index.php\/product\/tinh-chat-duong-am-torriden-dive-in-serum-50ml\/\"]}]},{\"@type\":\"ImageObject\",\"inLanguage\":\"en-US\",\"@id\":\"https:\/\/sachs.azdigi.shop\/index.php\/product\/tinh-chat-duong-am-torriden-dive-in-serum-50ml\/#primaryimage\",\"url\":\"https:\/\/sachs.azdigi.shop\/wp-content\/uploads\/2026\/04\/tinh_ch_t_d_ng_m_50ml_torriden_dive-in_serum_50ml_copy_6.webp\",\"contentUrl\":\"https:\/\/sachs.azdigi.shop\/wp-content\/uploads\/2026\/04\/tinh_ch_t_d_ng_m_50ml_torriden_dive-in_serum_50ml_copy_6.webp\",\"width\":700,\"height\":700},{\"@type\":\"BreadcrumbList\",\"@id\":\"https:\/\/sachs.azdigi.shop\/index.php\/product\/tinh-chat-duong-am-torriden-dive-in-serum-50ml\/#breadcrumb\",\"itemListElement\":[{\"@type\":\"ListItem\",\"position\":1,\"name\":\"Home\",\"item\":\"https:\/\/sachs.azdigi.shop\/\"},{\"@type\":\"ListItem\",\"position\":2,\"name\":\"Shop\",\"item\":\"https:\/\/sachs.azdigi.shop\/index.php\/shop\/\"},{\"@type\":\"ListItem\",\"position\":3,\"name\":\"Tinh Ch\u1ea5t D\u01b0\u1ee1ng \u1ea8m Torriden Dive-In Serum 50ml\"}]},{\"@type\":\"WebSite\",\"@id\":\"https:\/\/sachs.azdigi.shop\/#website\",\"url\":\"https:\/\/sachs.azdigi.shop\/\",\"name\":\"Artify\",\"description\":\"\",\"potentialAction\":[{\"@type\":\"SearchAction\",\"target\":{\"@type\":\"EntryPoint\",\"urlTemplate\":\"https:\/\/sachs.azdigi.shop\/?s={search_term_string}\"},\"query-input\":{\"@type\":\"PropertyValueSpecification\",\"valueRequired\":true,\"valueName\":\"search_term_string\"}}],\"inLanguage\":\"en-US\"}]}<\/script>\n<!-- \/ Yoast SEO plugin. -->","yoast_head_json":{"title":"Tinh Ch\u1ea5t D\u01b0\u1ee1ng \u1ea8m Torriden Dive-In Serum 50ml - Artify","description":"Tinh Ch\u1ea5t D\u01b0\u1ee1ng \u1ea8m Torriden Dive-In Serum 50mlTinh ch\u1ea5t c\u1ea5p \u1ea9m s\u00e2u v\u1edbi ph\u1ee9c h\u1ee3p 5D Hyaluronic Acid c\u1ee7a Torriden, gi\u00fap da c\u0103ng m\u1ecdng, m\u1ec1m m\u1ea1i v\u00e0 c\u1ea3i thi\u1ec7n \u0111\u1ed9 \u0111\u00e0n h\u1ed3i. K\u1ebft c\u1ea5u m\u1ecfng nh\u1eb9, th\u1ea5m nhanh, h\u1ed7 tr\u1ee3 se kh\u00edt l\u1ed7 ch\u00e2n l\u00f4ng v\u00e0 l\u00e0m s\u00e1ng da.","robots":{"index":"index","follow":"follow","max-snippet":"max-snippet:-1","max-image-preview":"max-image-preview:large","max-video-preview":"max-video-preview:-1"},"canonical":"https:\/\/sachs.azdigi.shop\/index.php\/product\/tinh-chat-duong-am-torriden-dive-in-serum-50ml\/","og_locale":"en_US","og_type":"article","og_title":"Tinh Ch\u1ea5t D\u01b0\u1ee1ng \u1ea8m Torriden Dive-In Serum 50ml - Artify","og_description":"Tinh Ch\u1ea5t D\u01b0\u1ee1ng \u1ea8m Torriden Dive-In Serum 50mlTinh ch\u1ea5t c\u1ea5p \u1ea9m s\u00e2u v\u1edbi ph\u1ee9c h\u1ee3p 5D Hyaluronic Acid c\u1ee7a Torriden, gi\u00fap da c\u0103ng m\u1ecdng, m\u1ec1m m\u1ea1i v\u00e0 c\u1ea3i thi\u1ec7n \u0111\u1ed9 \u0111\u00e0n h\u1ed3i. K\u1ebft c\u1ea5u m\u1ecfng nh\u1eb9, th\u1ea5m nhanh, h\u1ed7 tr\u1ee3 se kh\u00edt l\u1ed7 ch\u00e2n l\u00f4ng v\u00e0 l\u00e0m s\u00e1ng da.","og_url":"https:\/\/sachs.azdigi.shop\/index.php\/product\/tinh-chat-duong-am-torriden-dive-in-serum-50ml\/","og_site_name":"Artify","article_modified_time":"2026-04-18T07:38:02+00:00","og_image":[{"width":700,"height":700,"url":"https:\/\/sachs.azdigi.shop\/wp-content\/uploads\/2026\/04\/tinh_ch_t_d_ng_m_50ml_torriden_dive-in_serum_50ml_copy_6.webp","type":"image\/webp"}],"twitter_card":"summary_large_image","twitter_misc":{"Est. reading time":"2 minutes"},"schema":{"@context":"https:\/\/schema.org","@graph":[{"@type":"WebPage","@id":"https:\/\/sachs.azdigi.shop\/index.php\/product\/tinh-chat-duong-am-torriden-dive-in-serum-50ml\/","url":"https:\/\/sachs.azdigi.shop\/index.php\/product\/tinh-chat-duong-am-torriden-dive-in-serum-50ml\/","name":"Tinh Ch\u1ea5t D\u01b0\u1ee1ng \u1ea8m Torriden Dive-In Serum 50ml - Artify","isPartOf":{"@id":"https:\/\/sachs.azdigi.shop\/#website"},"primaryImageOfPage":{"@id":"https:\/\/sachs.azdigi.shop\/index.php\/product\/tinh-chat-duong-am-torriden-dive-in-serum-50ml\/#primaryimage"},"image":{"@id":"https:\/\/sachs.azdigi.shop\/index.php\/product\/tinh-chat-duong-am-torriden-dive-in-serum-50ml\/#primaryimage"},"thumbnailUrl":"https:\/\/sachs.azdigi.shop\/wp-content\/uploads\/2026\/04\/tinh_ch_t_d_ng_m_50ml_torriden_dive-in_serum_50ml_copy_6.webp","datePublished":"2026-04-17T13:55:12+00:00","dateModified":"2026-04-18T07:38:02+00:00","description":"Tinh Ch\u1ea5t D\u01b0\u1ee1ng \u1ea8m Torriden Dive-In Serum 50mlTinh ch\u1ea5t c\u1ea5p \u1ea9m s\u00e2u v\u1edbi ph\u1ee9c h\u1ee3p 5D Hyaluronic Acid c\u1ee7a Torriden, gi\u00fap da c\u0103ng m\u1ecdng, m\u1ec1m m\u1ea1i v\u00e0 c\u1ea3i thi\u1ec7n \u0111\u1ed9 \u0111\u00e0n h\u1ed3i. K\u1ebft c\u1ea5u m\u1ecfng nh\u1eb9, th\u1ea5m nhanh, h\u1ed7 tr\u1ee3 se kh\u00edt l\u1ed7 ch\u00e2n l\u00f4ng v\u00e0 l\u00e0m s\u00e1ng da.","breadcrumb":{"@id":"https:\/\/sachs.azdigi.shop\/index.php\/product\/tinh-chat-duong-am-torriden-dive-in-serum-50ml\/#breadcrumb"},"inLanguage":"en-US","potentialAction":[{"@type":"ReadAction","target":["https:\/\/sachs.azdigi.shop\/index.php\/product\/tinh-chat-duong-am-torriden-dive-in-serum-50ml\/"]}]},{"@type":"ImageObject","inLanguage":"en-US","@id":"https:\/\/sachs.azdigi.shop\/index.php\/product\/tinh-chat-duong-am-torriden-dive-in-serum-50ml\/#primaryimage","url":"https:\/\/sachs.azdigi.shop\/wp-content\/uploads\/2026\/04\/tinh_ch_t_d_ng_m_50ml_torriden_dive-in_serum_50ml_copy_6.webp","contentUrl":"https:\/\/sachs.azdigi.shop\/wp-content\/uploads\/2026\/04\/tinh_ch_t_d_ng_m_50ml_torriden_dive-in_serum_50ml_copy_6.webp","width":700,"height":700},{"@type":"BreadcrumbList","@id":"https:\/\/sachs.azdigi.shop\/index.php\/product\/tinh-chat-duong-am-torriden-dive-in-serum-50ml\/#breadcrumb","itemListElement":[{"@type":"ListItem","position":1,"name":"Home","item":"https:\/\/sachs.azdigi.shop\/"},{"@type":"ListItem","position":2,"name":"Shop","item":"https:\/\/sachs.azdigi.shop\/index.php\/shop\/"},{"@type":"ListItem","position":3,"name":"Tinh Ch\u1ea5t D\u01b0\u1ee1ng \u1ea8m Torriden Dive-In Serum 50ml"}]},{"@type":"WebSite","@id":"https:\/\/sachs.azdigi.shop\/#website","url":"https:\/\/sachs.azdigi.shop\/","name":"Artify","description":"","potentialAction":[{"@type":"SearchAction","target":{"@type":"EntryPoint","urlTemplate":"https:\/\/sachs.azdigi.shop\/?s={search_term_string}"},"query-input":{"@type":"PropertyValueSpecification","valueRequired":true,"valueName":"search_term_string"}}],"inLanguage":"en-US"}]}},"_links":{"self":[{"href":"https:\/\/sachs.azdigi.shop\/index.php\/wp-json\/wp\/v2\/product\/199","targetHints":{"allow":["GET"]}}],"collection":[{"href":"https:\/\/sachs.azdigi.shop\/index.php\/wp-json\/wp\/v2\/product"}],"about":[{"href":"https:\/\/sachs.azdigi.shop\/index.php\/wp-json\/wp\/v2\/types\/product"}],"replies":[{"embeddable":true,"href":"https:\/\/sachs.azdigi.shop\/index.php\/wp-json\/wp\/v2\/comments?post=199"}],"wp:featuredmedia":[{"embeddable":true,"href":"https:\/\/sachs.azdigi.shop\/index.php\/wp-json\/wp\/v2\/media\/200"}],"wp:attachment":[{"href":"https:\/\/sachs.azdigi.shop\/index.php\/wp-json\/wp\/v2\/media?parent=199"}],"wp:term":[{"taxonomy":"product_brand","embeddable":true,"href":"https:\/\/sachs.azdigi.shop\/index.php\/wp-json\/wp\/v2\/product_brand?post=199"},{"taxonomy":"product_cat","embeddable":true,"href":"https:\/\/sachs.azdigi.shop\/index.php\/wp-json\/wp\/v2\/product_cat?post=199"},{"taxonomy":"product_tag","embeddable":true,"href":"https:\/\/sachs.azdigi.shop\/index.php\/wp-json\/wp\/v2\/product_tag?post=199"}],"curies":[{"name":"wp","href":"https:\/\/api.w.org\/{rel}","templated":true}]}}