{"id":203,"date":"2026-04-17T14:04:13","date_gmt":"2026-04-17T14:04:13","guid":{"rendered":"https:\/\/sachs.azdigi.shop\/?post_type=product&#038;p=203"},"modified":"2026-04-18T07:13:48","modified_gmt":"2026-04-18T07:13:48","slug":"ma-hong-kem-maybelline-cloudtopia-08-enchanted-mauve-5g","status":"publish","type":"product","link":"https:\/\/sachs.azdigi.shop\/index.php\/product\/ma-hong-kem-maybelline-cloudtopia-08-enchanted-mauve-5g\/","title":{"rendered":"M\u00e1 H\u1ed3ng Kem Maybelline Cloudtopia 08 Enchanted Mauve 5G"},"content":{"rendered":"<div id=\"tab-label-description\" class=\"data item title active\" tabindex=\"0\" role=\"tab\" data-role=\"collapsible\" data-collapsible=\"true\" aria-controls=\"description\" aria-selected=\"false\" aria-expanded=\"true\">Gi\u1edbi Thi\u1ec7u<\/div>\n<div id=\"description\" class=\"data item content opened\" role=\"tabpanel\" aria-labelledby=\"tab-label-description\" data-role=\"content\" aria-hidden=\"false\">\n<div class=\"data-content-inner\">\n<div class=\"product attribute description\">\n<div class=\"value\">\n<div data-content-type=\"row\" data-appearance=\"contained\" data-element=\"main\">\n<div data-enable-parallax=\"0\" data-parallax-speed=\"0.5\" data-background-images=\"{}\" data-background-type=\"image\" data-video-loop=\"true\" data-video-play-only-visible=\"true\" data-video-lazy-load=\"true\" data-video-fallback-src=\"\" data-element=\"inner\" data-pb-style=\"XXSXJNK\">\n<div data-content-type=\"text\" data-appearance=\"default\" data-element=\"main\">\n<p><strong>M\u00e1 H\u1ed3ng Kem Maybelline Cloudtopia 08 Enchanted Mauve 5G<\/strong><\/p>\n<p id=\"KD229VM\">M\u00e1 H\u1ed3ng Kem\u00a0<strong>Maybelline\u00a0<\/strong>Cloudtopia 08 Enchanted Mauve 5G<\/p>\n<p>B\u1ea3ng m\u00e0u 7 s\u1eafc m\u00e2y c\u00e2n m\u1ecdi vibe, ph\u00f9 h\u1ee3p l\u00e0n da Ch\u00e2u \u00c1<br \/>\n03 &#8211; Divine Crimson<br \/>\n05 &#8211; Coral Illusion<br \/>\n07 &#8211; Moonlit Rose<br \/>\n08 &#8211; Enchanted Mauve<br \/>\n09 &#8211; Creamy Dawn<br \/>\n10 &#8211; Solar Serenity<br \/>\n12 &#8211; Toasted Sky<\/p>\n<p><strong>C\u00d4NG D\u1ee4NG<\/strong><\/p>\n<p>B\u1ea1n c\u00f3 ph\u1ea3i n\u00e0ng \u0111a nhi\u1ec7m, \u0111ang t\u00ecm ki\u1ebfm 1 s\u1ea3n ph\u1ea9m \u0111a n\u0103ng? Maybelline ra m\u1eaft d\u00f2ng son m\u00e2y m\u1edbi Cloudtopia &#8211; d\u1ea1ng son h\u0169 \u0111a n\u0103ng ch\u1ec9 1 ch\u1ea1m \u0111\u00e3 b\u1eebng s\u1eafc m\u00f4i, m\u00e1 trong m\u1ecdi layout. B\u1ea1n s\u1ebd c\u1ef1c y\u00eau th\u00edch d\u00f2ng son m\u00e2y m\u1edbi c\u1ee7a Maybelline b\u1edfi:<br \/>\n+ Hi\u1ec7u \u1ee9ng m\u1edd m\u1ecbn, che ph\u1ee7 v\u00e2n m\u00f4i<br \/>\n+ Ch\u1ea5t son m\u00e2y nh\u1eb9 t\u00eanh, m\u1ec1m m\u1ea1i c\u1ea3 ng\u00e0y<br \/>\n+ B\u1ec1n \u0111\u1eb9p kh\u00f4ng lem tr\u00f4i \u0111\u1ebfn 14 gi\u1edd\u200b<br \/>\n+ H\u1ea1t m\u00e0u t\u01b0\u01a1i s\u00e1ng, c\u00f3 kh\u1ea3 n\u0103ng ch\u1ed3ng nhi\u1ec1u l\u1edbp<\/p>\n<p><strong>H\u01af\u1edaNG D\u1eaaN S\u1eec D\u1ee4NG<\/strong><\/p>\n<p>B\u00ed k\u00edp \u0111\u1ec3 \u0111\u00f4i m\u00f4i xinh chu\u1ea9n &#8220;m\u00e2y&#8221;:\u200b<br \/>\nB\u01b0\u1edbc 1: t\u1ea9y da ch\u1ebft v\u00e0 d\u01b0\u1ee1ng \u1ea9m m\u00f4i tr\u01b0\u1edbc khi s\u1eed d\u1ee5ng \u0111\u1ec3 son \u0111\u01b0\u1ee3c tan \u0111\u1ec1u tr\u00ean m\u00f4i<br \/>\nB\u01b0\u1edbc 2: k\u1ebft h\u1ee3p v\u1edbi ch\u00ec k\u1ebb vi\u1ec1n m\u00f4i Lifter Liner \u0111\u1ec3 t\u1ea1o hi\u1ec7u \u1ee9ng m\u1ecbn m\u1edd vi\u1ec1n<br \/>\nB\u01b0\u1edbc 3: s\u1eed d\u1ee5ng c\u1ecd ho\u1eb7c d\u00f9ng tay t\u00e1n \u0111\u1ec1u son m\u00e2y tr\u00ean m\u00f4i v\u00e0 m\u00e1<br \/>\nB\u01b0\u1edbc 4: t\u00e1n \u0111\u1ebfn khi cho ra m\u00e0u s\u1eafc \u01b0ng \u00fd<\/p>\n<table id=\"product-attribute-specs-table\" class=\"data table additional-attributes\">\n<tbody>\n<tr>\n<th class=\"col label\" scope=\"row\">Xu\u1ea5t x\u1ee9 th\u01b0\u01a1ng hi\u1ec7u<\/th>\n<td class=\"col data\" data-th=\"Xu\u1ea5t x\u1ee9 th\u01b0\u01a1ng hi\u1ec7u\">United States<\/td>\n<\/tr>\n<tr>\n<th class=\"col label\" scope=\"row\">H\u1ea1n s\u1eed d\u1ee5ng (th\u00e1ng)<\/th>\n<td class=\"col data\" data-th=\"H\u1ea1n s\u1eed d\u1ee5ng (th\u00e1ng)\">36<\/td>\n<\/tr>\n<tr>\n<th class=\"col label\" scope=\"row\">Th\u01b0\u01a1ng hi\u1ec7u<\/th>\n<td class=\"col data\" data-th=\"Th\u01b0\u01a1ng hi\u1ec7u\">MAYBELLINE NEW YORK<\/td>\n<\/tr>\n<\/tbody>\n<\/table>\n<\/div>\n<\/div>\n<\/div>\n<\/div>\n<\/div>\n<\/div>\n<\/div>\n","protected":false},"excerpt":{"rendered":"<table id=\"product-attribute-specs-table\" class=\"data table additional-attributes\">\n<tbody>\n<tr>\n<th class=\"col label\" scope=\"row\">Xu\u1ea5t x\u1ee9 th\u01b0\u01a1ng hi\u1ec7u<\/th>\n<td class=\"col data\" data-th=\"Xu\u1ea5t x\u1ee9 th\u01b0\u01a1ng hi\u1ec7u\">United States<\/td>\n<\/tr>\n<tr>\n<th class=\"col label\" scope=\"row\">H\u1ea1n s\u1eed d\u1ee5ng (th\u00e1ng)<\/th>\n<td class=\"col data\" data-th=\"H\u1ea1n s\u1eed d\u1ee5ng (th\u00e1ng)\">36<\/td>\n<\/tr>\n<tr>\n<th class=\"col label\" scope=\"row\">Th\u01b0\u01a1ng hi\u1ec7u<\/th>\n<td class=\"col data\" data-th=\"Th\u01b0\u01a1ng hi\u1ec7u\">MAYBELLINE NEW YORK<\/td>\n<\/tr>\n<\/tbody>\n<\/table>\n","protected":false},"featured_media":204,"comment_status":"open","ping_status":"closed","template":"","meta":[],"product_brand":[19],"product_cat":[17,33,34,35,30],"product_tag":[],"class_list":{"0":"post-203","1":"product","2":"type-product","3":"status-publish","4":"has-post-thumbnail","6":"product_brand-maybelline","7":"product_cat-uncategorized","8":"product_cat-ma-hong","9":"product_cat-ma-hong-kem","10":"product_cat-ma-hong-kem-maybelline","11":"product_cat-makeup","13":"first","14":"instock","15":"shipping-taxable","16":"purchasable","17":"product-type-variable"},"yoast_head":"<!-- This site is optimized with the Yoast SEO plugin v26.9 - https:\/\/yoast.com\/product\/yoast-seo-wordpress\/ -->\n<title>M\u00e1 H\u1ed3ng Kem Maybelline Cloudtopia 08 Enchanted Mauve 5G - Artify<\/title>\n<meta name=\"description\" content=\"M\u00e1 H\u1ed3ng Kem Maybelline Cloudtopia 08 Enchanted Mauve 5GM\u00e1 H\u1ed3ng Kem Maybelline Cloudtopia 08 Enchanted Mauve 5GB\u1ea3ng m\u00e0u 7 s\u1eafc m\u00e2y c\u00e2n m\u1ecdi vibe, ph\u00f9 h\u1ee3p l\u00e0n da Ch\u00e2u \u00c103 - Divine Crimson05 - Coral Illusion07 - Moonlit Rose08 - Enchanted Mauve09 - Creamy Dawn10 - Solar Serenity12 - Toasted Sky\" \/>\n<meta name=\"robots\" content=\"index, follow, max-snippet:-1, max-image-preview:large, max-video-preview:-1\" \/>\n<link rel=\"canonical\" href=\"https:\/\/sachs.azdigi.shop\/index.php\/product\/ma-hong-kem-maybelline-cloudtopia-08-enchanted-mauve-5g\/\" \/>\n<meta property=\"og:locale\" content=\"en_US\" \/>\n<meta property=\"og:type\" content=\"article\" \/>\n<meta property=\"og:title\" content=\"M\u00e1 H\u1ed3ng Kem Maybelline Cloudtopia 08 Enchanted Mauve 5G - Artify\" \/>\n<meta property=\"og:description\" content=\"M\u00e1 H\u1ed3ng Kem Maybelline Cloudtopia 08 Enchanted Mauve 5GM\u00e1 H\u1ed3ng Kem Maybelline Cloudtopia 08 Enchanted Mauve 5GB\u1ea3ng m\u00e0u 7 s\u1eafc m\u00e2y c\u00e2n m\u1ecdi vibe, ph\u00f9 h\u1ee3p l\u00e0n da Ch\u00e2u \u00c103 - Divine Crimson05 - Coral Illusion07 - Moonlit Rose08 - Enchanted Mauve09 - Creamy Dawn10 - Solar Serenity12 - Toasted Sky\" \/>\n<meta property=\"og:url\" content=\"https:\/\/sachs.azdigi.shop\/index.php\/product\/ma-hong-kem-maybelline-cloudtopia-08-enchanted-mauve-5g\/\" \/>\n<meta property=\"og:site_name\" content=\"Artify\" \/>\n<meta property=\"article:modified_time\" content=\"2026-04-18T07:13:48+00:00\" \/>\n<meta property=\"og:image\" content=\"https:\/\/sachs.azdigi.shop\/wp-content\/uploads\/2026\/04\/sssqq_5.jpg\" \/>\n\t<meta property=\"og:image:width\" content=\"700\" \/>\n\t<meta property=\"og:image:height\" content=\"608\" \/>\n\t<meta property=\"og:image:type\" content=\"image\/jpeg\" \/>\n<meta name=\"twitter:card\" content=\"summary_large_image\" \/>\n<meta name=\"twitter:label1\" content=\"Est. reading time\" \/>\n\t<meta name=\"twitter:data1\" content=\"2 minutes\" \/>\n<script type=\"application\/ld+json\" class=\"yoast-schema-graph\">{\"@context\":\"https:\/\/schema.org\",\"@graph\":[{\"@type\":\"WebPage\",\"@id\":\"https:\/\/sachs.azdigi.shop\/index.php\/product\/ma-hong-kem-maybelline-cloudtopia-08-enchanted-mauve-5g\/\",\"url\":\"https:\/\/sachs.azdigi.shop\/index.php\/product\/ma-hong-kem-maybelline-cloudtopia-08-enchanted-mauve-5g\/\",\"name\":\"M\u00e1 H\u1ed3ng Kem Maybelline Cloudtopia 08 Enchanted Mauve 5G - Artify\",\"isPartOf\":{\"@id\":\"https:\/\/sachs.azdigi.shop\/#website\"},\"primaryImageOfPage\":{\"@id\":\"https:\/\/sachs.azdigi.shop\/index.php\/product\/ma-hong-kem-maybelline-cloudtopia-08-enchanted-mauve-5g\/#primaryimage\"},\"image\":{\"@id\":\"https:\/\/sachs.azdigi.shop\/index.php\/product\/ma-hong-kem-maybelline-cloudtopia-08-enchanted-mauve-5g\/#primaryimage\"},\"thumbnailUrl\":\"https:\/\/sachs.azdigi.shop\/wp-content\/uploads\/2026\/04\/sssqq_5.jpg\",\"datePublished\":\"2026-04-17T14:04:13+00:00\",\"dateModified\":\"2026-04-18T07:13:48+00:00\",\"description\":\"M\u00e1 H\u1ed3ng Kem Maybelline Cloudtopia 08 Enchanted Mauve 5GM\u00e1 H\u1ed3ng Kem Maybelline Cloudtopia 08 Enchanted Mauve 5GB\u1ea3ng m\u00e0u 7 s\u1eafc m\u00e2y c\u00e2n m\u1ecdi vibe, ph\u00f9 h\u1ee3p l\u00e0n da Ch\u00e2u \u00c103 - Divine Crimson05 - Coral Illusion07 - Moonlit Rose08 - Enchanted Mauve09 - Creamy Dawn10 - Solar Serenity12 - Toasted Sky\",\"breadcrumb\":{\"@id\":\"https:\/\/sachs.azdigi.shop\/index.php\/product\/ma-hong-kem-maybelline-cloudtopia-08-enchanted-mauve-5g\/#breadcrumb\"},\"inLanguage\":\"en-US\",\"potentialAction\":[{\"@type\":\"ReadAction\",\"target\":[\"https:\/\/sachs.azdigi.shop\/index.php\/product\/ma-hong-kem-maybelline-cloudtopia-08-enchanted-mauve-5g\/\"]}]},{\"@type\":\"ImageObject\",\"inLanguage\":\"en-US\",\"@id\":\"https:\/\/sachs.azdigi.shop\/index.php\/product\/ma-hong-kem-maybelline-cloudtopia-08-enchanted-mauve-5g\/#primaryimage\",\"url\":\"https:\/\/sachs.azdigi.shop\/wp-content\/uploads\/2026\/04\/sssqq_5.jpg\",\"contentUrl\":\"https:\/\/sachs.azdigi.shop\/wp-content\/uploads\/2026\/04\/sssqq_5.jpg\",\"width\":700,\"height\":608},{\"@type\":\"BreadcrumbList\",\"@id\":\"https:\/\/sachs.azdigi.shop\/index.php\/product\/ma-hong-kem-maybelline-cloudtopia-08-enchanted-mauve-5g\/#breadcrumb\",\"itemListElement\":[{\"@type\":\"ListItem\",\"position\":1,\"name\":\"Home\",\"item\":\"https:\/\/sachs.azdigi.shop\/\"},{\"@type\":\"ListItem\",\"position\":2,\"name\":\"Shop\",\"item\":\"https:\/\/sachs.azdigi.shop\/index.php\/shop\/\"},{\"@type\":\"ListItem\",\"position\":3,\"name\":\"M\u00e1 H\u1ed3ng Kem Maybelline Cloudtopia 08 Enchanted Mauve 5G\"}]},{\"@type\":\"WebSite\",\"@id\":\"https:\/\/sachs.azdigi.shop\/#website\",\"url\":\"https:\/\/sachs.azdigi.shop\/\",\"name\":\"Artify\",\"description\":\"\",\"potentialAction\":[{\"@type\":\"SearchAction\",\"target\":{\"@type\":\"EntryPoint\",\"urlTemplate\":\"https:\/\/sachs.azdigi.shop\/?s={search_term_string}\"},\"query-input\":{\"@type\":\"PropertyValueSpecification\",\"valueRequired\":true,\"valueName\":\"search_term_string\"}}],\"inLanguage\":\"en-US\"}]}<\/script>\n<!-- \/ Yoast SEO plugin. -->","yoast_head_json":{"title":"M\u00e1 H\u1ed3ng Kem Maybelline Cloudtopia 08 Enchanted Mauve 5G - Artify","description":"M\u00e1 H\u1ed3ng Kem Maybelline Cloudtopia 08 Enchanted Mauve 5GM\u00e1 H\u1ed3ng Kem Maybelline Cloudtopia 08 Enchanted Mauve 5GB\u1ea3ng m\u00e0u 7 s\u1eafc m\u00e2y c\u00e2n m\u1ecdi vibe, ph\u00f9 h\u1ee3p l\u00e0n da Ch\u00e2u \u00c103 - Divine Crimson05 - Coral Illusion07 - Moonlit Rose08 - Enchanted Mauve09 - Creamy Dawn10 - Solar Serenity12 - Toasted Sky","robots":{"index":"index","follow":"follow","max-snippet":"max-snippet:-1","max-image-preview":"max-image-preview:large","max-video-preview":"max-video-preview:-1"},"canonical":"https:\/\/sachs.azdigi.shop\/index.php\/product\/ma-hong-kem-maybelline-cloudtopia-08-enchanted-mauve-5g\/","og_locale":"en_US","og_type":"article","og_title":"M\u00e1 H\u1ed3ng Kem Maybelline Cloudtopia 08 Enchanted Mauve 5G - Artify","og_description":"M\u00e1 H\u1ed3ng Kem Maybelline Cloudtopia 08 Enchanted Mauve 5GM\u00e1 H\u1ed3ng Kem Maybelline Cloudtopia 08 Enchanted Mauve 5GB\u1ea3ng m\u00e0u 7 s\u1eafc m\u00e2y c\u00e2n m\u1ecdi vibe, ph\u00f9 h\u1ee3p l\u00e0n da Ch\u00e2u \u00c103 - Divine Crimson05 - Coral Illusion07 - Moonlit Rose08 - Enchanted Mauve09 - Creamy Dawn10 - Solar Serenity12 - Toasted Sky","og_url":"https:\/\/sachs.azdigi.shop\/index.php\/product\/ma-hong-kem-maybelline-cloudtopia-08-enchanted-mauve-5g\/","og_site_name":"Artify","article_modified_time":"2026-04-18T07:13:48+00:00","og_image":[{"width":700,"height":608,"url":"https:\/\/sachs.azdigi.shop\/wp-content\/uploads\/2026\/04\/sssqq_5.jpg","type":"image\/jpeg"}],"twitter_card":"summary_large_image","twitter_misc":{"Est. reading time":"2 minutes"},"schema":{"@context":"https:\/\/schema.org","@graph":[{"@type":"WebPage","@id":"https:\/\/sachs.azdigi.shop\/index.php\/product\/ma-hong-kem-maybelline-cloudtopia-08-enchanted-mauve-5g\/","url":"https:\/\/sachs.azdigi.shop\/index.php\/product\/ma-hong-kem-maybelline-cloudtopia-08-enchanted-mauve-5g\/","name":"M\u00e1 H\u1ed3ng Kem Maybelline Cloudtopia 08 Enchanted Mauve 5G - Artify","isPartOf":{"@id":"https:\/\/sachs.azdigi.shop\/#website"},"primaryImageOfPage":{"@id":"https:\/\/sachs.azdigi.shop\/index.php\/product\/ma-hong-kem-maybelline-cloudtopia-08-enchanted-mauve-5g\/#primaryimage"},"image":{"@id":"https:\/\/sachs.azdigi.shop\/index.php\/product\/ma-hong-kem-maybelline-cloudtopia-08-enchanted-mauve-5g\/#primaryimage"},"thumbnailUrl":"https:\/\/sachs.azdigi.shop\/wp-content\/uploads\/2026\/04\/sssqq_5.jpg","datePublished":"2026-04-17T14:04:13+00:00","dateModified":"2026-04-18T07:13:48+00:00","description":"M\u00e1 H\u1ed3ng Kem Maybelline Cloudtopia 08 Enchanted Mauve 5GM\u00e1 H\u1ed3ng Kem Maybelline Cloudtopia 08 Enchanted Mauve 5GB\u1ea3ng m\u00e0u 7 s\u1eafc m\u00e2y c\u00e2n m\u1ecdi vibe, ph\u00f9 h\u1ee3p l\u00e0n da Ch\u00e2u \u00c103 - Divine Crimson05 - Coral Illusion07 - Moonlit Rose08 - Enchanted Mauve09 - Creamy Dawn10 - Solar Serenity12 - Toasted Sky","breadcrumb":{"@id":"https:\/\/sachs.azdigi.shop\/index.php\/product\/ma-hong-kem-maybelline-cloudtopia-08-enchanted-mauve-5g\/#breadcrumb"},"inLanguage":"en-US","potentialAction":[{"@type":"ReadAction","target":["https:\/\/sachs.azdigi.shop\/index.php\/product\/ma-hong-kem-maybelline-cloudtopia-08-enchanted-mauve-5g\/"]}]},{"@type":"ImageObject","inLanguage":"en-US","@id":"https:\/\/sachs.azdigi.shop\/index.php\/product\/ma-hong-kem-maybelline-cloudtopia-08-enchanted-mauve-5g\/#primaryimage","url":"https:\/\/sachs.azdigi.shop\/wp-content\/uploads\/2026\/04\/sssqq_5.jpg","contentUrl":"https:\/\/sachs.azdigi.shop\/wp-content\/uploads\/2026\/04\/sssqq_5.jpg","width":700,"height":608},{"@type":"BreadcrumbList","@id":"https:\/\/sachs.azdigi.shop\/index.php\/product\/ma-hong-kem-maybelline-cloudtopia-08-enchanted-mauve-5g\/#breadcrumb","itemListElement":[{"@type":"ListItem","position":1,"name":"Home","item":"https:\/\/sachs.azdigi.shop\/"},{"@type":"ListItem","position":2,"name":"Shop","item":"https:\/\/sachs.azdigi.shop\/index.php\/shop\/"},{"@type":"ListItem","position":3,"name":"M\u00e1 H\u1ed3ng Kem Maybelline Cloudtopia 08 Enchanted Mauve 5G"}]},{"@type":"WebSite","@id":"https:\/\/sachs.azdigi.shop\/#website","url":"https:\/\/sachs.azdigi.shop\/","name":"Artify","description":"","potentialAction":[{"@type":"SearchAction","target":{"@type":"EntryPoint","urlTemplate":"https:\/\/sachs.azdigi.shop\/?s={search_term_string}"},"query-input":{"@type":"PropertyValueSpecification","valueRequired":true,"valueName":"search_term_string"}}],"inLanguage":"en-US"}]}},"_links":{"self":[{"href":"https:\/\/sachs.azdigi.shop\/index.php\/wp-json\/wp\/v2\/product\/203","targetHints":{"allow":["GET"]}}],"collection":[{"href":"https:\/\/sachs.azdigi.shop\/index.php\/wp-json\/wp\/v2\/product"}],"about":[{"href":"https:\/\/sachs.azdigi.shop\/index.php\/wp-json\/wp\/v2\/types\/product"}],"replies":[{"embeddable":true,"href":"https:\/\/sachs.azdigi.shop\/index.php\/wp-json\/wp\/v2\/comments?post=203"}],"wp:featuredmedia":[{"embeddable":true,"href":"https:\/\/sachs.azdigi.shop\/index.php\/wp-json\/wp\/v2\/media\/204"}],"wp:attachment":[{"href":"https:\/\/sachs.azdigi.shop\/index.php\/wp-json\/wp\/v2\/media?parent=203"}],"wp:term":[{"taxonomy":"product_brand","embeddable":true,"href":"https:\/\/sachs.azdigi.shop\/index.php\/wp-json\/wp\/v2\/product_brand?post=203"},{"taxonomy":"product_cat","embeddable":true,"href":"https:\/\/sachs.azdigi.shop\/index.php\/wp-json\/wp\/v2\/product_cat?post=203"},{"taxonomy":"product_tag","embeddable":true,"href":"https:\/\/sachs.azdigi.shop\/index.php\/wp-json\/wp\/v2\/product_tag?post=203"}],"curies":[{"name":"wp","href":"https:\/\/api.w.org\/{rel}","templated":true}]}}