{"id":208,"date":"2026-04-17T14:11:27","date_gmt":"2026-04-17T14:11:27","guid":{"rendered":"https:\/\/sachs.azdigi.shop\/?post_type=product&#038;p=208"},"modified":"2026-04-18T06:59:17","modified_gmt":"2026-04-18T06:59:17","slug":"xit-khoa-trang-diem-cho-da-dau-colorkey-airy-soft-matte-makeup-setting-spray-v2-100ml","status":"publish","type":"product","link":"https:\/\/sachs.azdigi.shop\/index.php\/product\/xit-khoa-trang-diem-cho-da-dau-colorkey-airy-soft-matte-makeup-setting-spray-v2-100ml\/","title":{"rendered":"X\u1ecbt Kh\u00f3a Trang \u0110i\u1ec3m Cho Da D\u1ea7u Colorkey Airy Soft Matte Makeup Setting Spray V2 100ml"},"content":{"rendered":"<p><strong>X\u1ecbt Kh\u00f3a Trang \u0110i\u1ec3m Cho Da D\u1ea7u Colorkey Airy Soft Matte Makeup Setting Spray 100ml<\/strong><\/p>\n<p><strong>X\u1ecbt kh\u00f3a trang \u0111i\u1ec3m<\/strong>\u00a0d\u00e0nh cho da d\u1ea7u c\u1ee7a th\u01b0\u01a1ng hi\u1ec7u\u00a0<strong>Colorkey\u00a0<\/strong>c\u00f3 d\u1ea1ng s\u01b0\u01a1ng m\u1ecbn nh\u1eb9, k\u1ebft c\u1ea5u m\u1ecfng v\u00e0 m\u1ecbn m\u00e0ng nh\u01b0 l\u00e0n s\u01b0\u01a1ng n\u01b0\u1edbc, mang l\u1ea1i c\u1ea3m gi\u00e1c tinh t\u1ebf v\u00e0 tho\u1ea3i m\u00e1i m\u00e0 kh\u00f4ng g\u00e2y nh\u1eddn d\u00ednh. Sau khi kh\u00f4 gi\u00fap l\u1edbp n\u1ec1n b\u1ec1n l\u00ec v\u00e0 m\u1ec1m m\u1ea1i, kh\u00f4ng g\u00e2y k\u00edch \u1ee9ng cho da.<\/p>\n<p><strong>C\u00d4NG D\u1ee4NG CH\u00cdNH:<\/strong><\/p>\n<p>X\u1ecbt kh\u00f3a trang \u0111i\u1ec3m, gi\u00fap cung c\u1ea5p \u0111\u1ed9 \u1ea9m cho da, gi\u1eef l\u1edbp trang \u0111i\u1ec3m lu\u00f4n t\u01b0\u01a1i m\u1edbi v\u00e0 l\u00e2u tr\u00f4i h\u01a1n.<\/p>\n<p><strong>C\u00c1CH D\u00d9NG:<\/strong><\/p>\n<p>L\u1eafc nh\u1eb9 chai, \u0111\u1eb7t c\u00e1ch m\u1eb7t 15-20 cm, \u1ea5n v\u00f2i phun v\u00e0 x\u1ecbt xoa tr\u00f2n kh\u1eafp m\u1eb7t t\u1eeb d\u01b0\u1edbi l\u00ean tr\u00ean, \u0111\u1ee3i 30 gi\u00e2y cho kh\u00f4 t\u1ef1 nhi\u00ean.<\/p>\n<p><strong>B\u1ea3o qu\u1ea3n<\/strong>: H\u00e3y \u0111\u1eb7t \u1edf n\u01a1i tho\u00e1ng m\u00e1t, tr\u00e1nh nhi\u1ec7t \u0111\u1ed9 cao v\u00e0 \u00e1nh n\u1eafng tr\u1ef1c ti\u1ebfp. Vui l\u00f2ng gi\u1eef s\u1ea3n ph\u1ea9m n\u00e0y xa t\u1ea7m tay tr\u1ebb s\u01a1 sinh v\u00e0 tr\u1ebb nh\u1ecf.<\/p>\n<p><strong>C\u1ea3nh b\u00e1o an to\u00e0n<\/strong>: Vui l\u00f2ng tr\u00e1nh \u0111\u1ec3 d\u00e2y v\u00e0o m\u1eaft, n\u1ebfu v\u00f4 t\u00ecnh d\u00e2y v\u00e0o h\u00e3y r\u1eeda s\u1ea1ch b\u1eb1ng n\u01b0\u1edbc k\u1ecbp th\u1eddi. N\u1ebfu b\u1ea1n c\u1ea3m th\u1ea5y kh\u00f3 ch\u1ecbu sau khi s\u1eed d\u1ee5ng s\u1ea3n ph\u1ea9m n\u00e0y, vui l\u00f2ng ng\u1eebng s\u1eed d\u1ee5ng ngay l\u1eadp t\u1ee9c.<\/p>\n<table id=\"product-attribute-specs-table\" class=\"data table additional-attributes\">\n<tbody>\n<tr>\n<th class=\"col label\" scope=\"row\">Xu\u1ea5t x\u1ee9 th\u01b0\u01a1ng hi\u1ec7u<\/th>\n<td class=\"col data\" data-th=\"Xu\u1ea5t x\u1ee9 th\u01b0\u01a1ng hi\u1ec7u\">China<\/td>\n<\/tr>\n<tr>\n<th class=\"col label\" scope=\"row\">H\u1ea1n s\u1eed d\u1ee5ng (th\u00e1ng)<\/th>\n<td class=\"col data\" data-th=\"H\u1ea1n s\u1eed d\u1ee5ng (th\u00e1ng)\">36<\/td>\n<\/tr>\n<tr>\n<th class=\"col label\" scope=\"row\">Th\u01b0\u01a1ng hi\u1ec7u<\/th>\n<td class=\"col data\" data-th=\"Th\u01b0\u01a1ng hi\u1ec7u\">COLORKEY<\/td>\n<\/tr>\n<\/tbody>\n<\/table>\n","protected":false},"excerpt":{"rendered":"<table id=\"product-attribute-specs-table\" class=\"data table additional-attributes\">\n<tbody>\n<tr>\n<th class=\"col label\" scope=\"row\">Xu\u1ea5t x\u1ee9 th\u01b0\u01a1ng hi\u1ec7u<\/th>\n<td class=\"col data\" data-th=\"Xu\u1ea5t x\u1ee9 th\u01b0\u01a1ng hi\u1ec7u\">China<\/td>\n<\/tr>\n<tr>\n<th class=\"col label\" scope=\"row\">H\u1ea1n s\u1eed d\u1ee5ng (th\u00e1ng)<\/th>\n<td class=\"col data\" data-th=\"H\u1ea1n s\u1eed d\u1ee5ng (th\u00e1ng)\">36<\/td>\n<\/tr>\n<tr>\n<th class=\"col label\" scope=\"row\">Th\u01b0\u01a1ng hi\u1ec7u<\/th>\n<td class=\"col data\" data-th=\"Th\u01b0\u01a1ng hi\u1ec7u\">COLORKEY<\/td>\n<\/tr>\n<\/tbody>\n<\/table>\n","protected":false},"featured_media":209,"comment_status":"open","ping_status":"closed","template":"","meta":[],"product_brand":[24],"product_cat":[30,31,32],"product_tag":[],"class_list":{"0":"post-208","1":"product","2":"type-product","3":"status-publish","4":"has-post-thumbnail","6":"product_brand-colorkey","7":"product_cat-makeup","8":"product_cat-xit-khoa-nen","9":"product_cat-xit-khoa-nen-colorkey","11":"first","12":"instock","13":"sale","14":"shipping-taxable","15":"purchasable","16":"product-type-variable"},"yoast_head":"<!-- This site is optimized with the Yoast SEO plugin v26.9 - https:\/\/yoast.com\/product\/yoast-seo-wordpress\/ -->\n<title>X\u1ecbt Kh\u00f3a Trang \u0110i\u1ec3m Cho Da D\u1ea7u Colorkey Airy Soft Matte Makeup Setting Spray V2 100ml - Artify<\/title>\n<meta name=\"description\" content=\"X\u1ecbt Kh\u00f3a Trang \u0110i\u1ec3m Cho Da D\u1ea7u Colorkey Airy Soft Matte Makeup Setting Spray 100mlX\u1ecbt kh\u00f3a trang \u0111i\u1ec3m d\u00e0nh cho da d\u1ea7u c\u1ee7a th\u01b0\u01a1ng hi\u1ec7u Colorkey c\u00f3 d\u1ea1ng s\u01b0\u01a1ng m\u1ecbn nh\u1eb9, k\u1ebft c\u1ea5u m\u1ecfng v\u00e0 m\u1ecbn m\u00e0ng nh\u01b0 l\u00e0n s\u01b0\u01a1ng n\u01b0\u1edbc, mang l\u1ea1i c\u1ea3m gi\u00e1c tinh t\u1ebf v\u00e0 tho\u1ea3i m\u00e1i m\u00e0 kh\u00f4ng g\u00e2y nh\u1eddn d\u00ednh. Sau khi kh\u00f4 gi\u00fap l\u1edbp n\u1ec1n b\u1ec1n l\u00ec v\u00e0 m\u1ec1m m\u1ea1i, kh\u00f4ng g\u00e2y k\u00edch \u1ee9ng cho da.\" \/>\n<meta name=\"robots\" content=\"index, follow, max-snippet:-1, max-image-preview:large, max-video-preview:-1\" \/>\n<link rel=\"canonical\" href=\"https:\/\/sachs.azdigi.shop\/index.php\/product\/xit-khoa-trang-diem-cho-da-dau-colorkey-airy-soft-matte-makeup-setting-spray-v2-100ml\/\" \/>\n<meta property=\"og:locale\" content=\"en_US\" \/>\n<meta property=\"og:type\" content=\"article\" \/>\n<meta property=\"og:title\" content=\"X\u1ecbt Kh\u00f3a Trang \u0110i\u1ec3m Cho Da D\u1ea7u Colorkey Airy Soft Matte Makeup Setting Spray V2 100ml - Artify\" \/>\n<meta property=\"og:description\" content=\"X\u1ecbt Kh\u00f3a Trang \u0110i\u1ec3m Cho Da D\u1ea7u Colorkey Airy Soft Matte Makeup Setting Spray 100mlX\u1ecbt kh\u00f3a trang \u0111i\u1ec3m d\u00e0nh cho da d\u1ea7u c\u1ee7a th\u01b0\u01a1ng hi\u1ec7u Colorkey c\u00f3 d\u1ea1ng s\u01b0\u01a1ng m\u1ecbn nh\u1eb9, k\u1ebft c\u1ea5u m\u1ecfng v\u00e0 m\u1ecbn m\u00e0ng nh\u01b0 l\u00e0n s\u01b0\u01a1ng n\u01b0\u1edbc, mang l\u1ea1i c\u1ea3m gi\u00e1c tinh t\u1ebf v\u00e0 tho\u1ea3i m\u00e1i m\u00e0 kh\u00f4ng g\u00e2y nh\u1eddn d\u00ednh. Sau khi kh\u00f4 gi\u00fap l\u1edbp n\u1ec1n b\u1ec1n l\u00ec v\u00e0 m\u1ec1m m\u1ea1i, kh\u00f4ng g\u00e2y k\u00edch \u1ee9ng cho da.\" \/>\n<meta property=\"og:url\" content=\"https:\/\/sachs.azdigi.shop\/index.php\/product\/xit-khoa-trang-diem-cho-da-dau-colorkey-airy-soft-matte-makeup-setting-spray-v2-100ml\/\" \/>\n<meta property=\"og:site_name\" content=\"Artify\" \/>\n<meta property=\"article:modified_time\" content=\"2026-04-18T06:59:17+00:00\" \/>\n<meta property=\"og:image\" content=\"https:\/\/sachs.azdigi.shop\/wp-content\/uploads\/2026\/04\/3031475_3_-_copy.webp\" \/>\n\t<meta property=\"og:image:width\" content=\"700\" \/>\n\t<meta property=\"og:image:height\" content=\"700\" \/>\n\t<meta property=\"og:image:type\" content=\"image\/webp\" \/>\n<meta name=\"twitter:card\" content=\"summary_large_image\" \/>\n<meta name=\"twitter:label1\" content=\"Est. reading time\" \/>\n\t<meta name=\"twitter:data1\" content=\"2 minutes\" \/>\n<script type=\"application\/ld+json\" class=\"yoast-schema-graph\">{\"@context\":\"https:\/\/schema.org\",\"@graph\":[{\"@type\":\"WebPage\",\"@id\":\"https:\/\/sachs.azdigi.shop\/index.php\/product\/xit-khoa-trang-diem-cho-da-dau-colorkey-airy-soft-matte-makeup-setting-spray-v2-100ml\/\",\"url\":\"https:\/\/sachs.azdigi.shop\/index.php\/product\/xit-khoa-trang-diem-cho-da-dau-colorkey-airy-soft-matte-makeup-setting-spray-v2-100ml\/\",\"name\":\"X\u1ecbt Kh\u00f3a Trang \u0110i\u1ec3m Cho Da D\u1ea7u Colorkey Airy Soft Matte Makeup Setting Spray V2 100ml - Artify\",\"isPartOf\":{\"@id\":\"https:\/\/sachs.azdigi.shop\/#website\"},\"primaryImageOfPage\":{\"@id\":\"https:\/\/sachs.azdigi.shop\/index.php\/product\/xit-khoa-trang-diem-cho-da-dau-colorkey-airy-soft-matte-makeup-setting-spray-v2-100ml\/#primaryimage\"},\"image\":{\"@id\":\"https:\/\/sachs.azdigi.shop\/index.php\/product\/xit-khoa-trang-diem-cho-da-dau-colorkey-airy-soft-matte-makeup-setting-spray-v2-100ml\/#primaryimage\"},\"thumbnailUrl\":\"https:\/\/sachs.azdigi.shop\/wp-content\/uploads\/2026\/04\/3031475_3_-_copy.webp\",\"datePublished\":\"2026-04-17T14:11:27+00:00\",\"dateModified\":\"2026-04-18T06:59:17+00:00\",\"description\":\"X\u1ecbt Kh\u00f3a Trang \u0110i\u1ec3m Cho Da D\u1ea7u Colorkey Airy Soft Matte Makeup Setting Spray 100mlX\u1ecbt kh\u00f3a trang \u0111i\u1ec3m d\u00e0nh cho da d\u1ea7u c\u1ee7a th\u01b0\u01a1ng hi\u1ec7u Colorkey c\u00f3 d\u1ea1ng s\u01b0\u01a1ng m\u1ecbn nh\u1eb9, k\u1ebft c\u1ea5u m\u1ecfng v\u00e0 m\u1ecbn m\u00e0ng nh\u01b0 l\u00e0n s\u01b0\u01a1ng n\u01b0\u1edbc, mang l\u1ea1i c\u1ea3m gi\u00e1c tinh t\u1ebf v\u00e0 tho\u1ea3i m\u00e1i m\u00e0 kh\u00f4ng g\u00e2y nh\u1eddn d\u00ednh. Sau khi kh\u00f4 gi\u00fap l\u1edbp n\u1ec1n b\u1ec1n l\u00ec v\u00e0 m\u1ec1m m\u1ea1i, kh\u00f4ng g\u00e2y k\u00edch \u1ee9ng cho da.\",\"breadcrumb\":{\"@id\":\"https:\/\/sachs.azdigi.shop\/index.php\/product\/xit-khoa-trang-diem-cho-da-dau-colorkey-airy-soft-matte-makeup-setting-spray-v2-100ml\/#breadcrumb\"},\"inLanguage\":\"en-US\",\"potentialAction\":[{\"@type\":\"ReadAction\",\"target\":[\"https:\/\/sachs.azdigi.shop\/index.php\/product\/xit-khoa-trang-diem-cho-da-dau-colorkey-airy-soft-matte-makeup-setting-spray-v2-100ml\/\"]}]},{\"@type\":\"ImageObject\",\"inLanguage\":\"en-US\",\"@id\":\"https:\/\/sachs.azdigi.shop\/index.php\/product\/xit-khoa-trang-diem-cho-da-dau-colorkey-airy-soft-matte-makeup-setting-spray-v2-100ml\/#primaryimage\",\"url\":\"https:\/\/sachs.azdigi.shop\/wp-content\/uploads\/2026\/04\/3031475_3_-_copy.webp\",\"contentUrl\":\"https:\/\/sachs.azdigi.shop\/wp-content\/uploads\/2026\/04\/3031475_3_-_copy.webp\",\"width\":700,\"height\":700},{\"@type\":\"BreadcrumbList\",\"@id\":\"https:\/\/sachs.azdigi.shop\/index.php\/product\/xit-khoa-trang-diem-cho-da-dau-colorkey-airy-soft-matte-makeup-setting-spray-v2-100ml\/#breadcrumb\",\"itemListElement\":[{\"@type\":\"ListItem\",\"position\":1,\"name\":\"Home\",\"item\":\"https:\/\/sachs.azdigi.shop\/\"},{\"@type\":\"ListItem\",\"position\":2,\"name\":\"Shop\",\"item\":\"https:\/\/sachs.azdigi.shop\/index.php\/shop\/\"},{\"@type\":\"ListItem\",\"position\":3,\"name\":\"X\u1ecbt Kh\u00f3a Trang \u0110i\u1ec3m Cho Da D\u1ea7u Colorkey Airy Soft Matte Makeup Setting Spray V2 100ml\"}]},{\"@type\":\"WebSite\",\"@id\":\"https:\/\/sachs.azdigi.shop\/#website\",\"url\":\"https:\/\/sachs.azdigi.shop\/\",\"name\":\"Artify\",\"description\":\"\",\"potentialAction\":[{\"@type\":\"SearchAction\",\"target\":{\"@type\":\"EntryPoint\",\"urlTemplate\":\"https:\/\/sachs.azdigi.shop\/?s={search_term_string}\"},\"query-input\":{\"@type\":\"PropertyValueSpecification\",\"valueRequired\":true,\"valueName\":\"search_term_string\"}}],\"inLanguage\":\"en-US\"}]}<\/script>\n<!-- \/ Yoast SEO plugin. -->","yoast_head_json":{"title":"X\u1ecbt Kh\u00f3a Trang \u0110i\u1ec3m Cho Da D\u1ea7u Colorkey Airy Soft Matte Makeup Setting Spray V2 100ml - Artify","description":"X\u1ecbt Kh\u00f3a Trang \u0110i\u1ec3m Cho Da D\u1ea7u Colorkey Airy Soft Matte Makeup Setting Spray 100mlX\u1ecbt kh\u00f3a trang \u0111i\u1ec3m d\u00e0nh cho da d\u1ea7u c\u1ee7a th\u01b0\u01a1ng hi\u1ec7u Colorkey c\u00f3 d\u1ea1ng s\u01b0\u01a1ng m\u1ecbn nh\u1eb9, k\u1ebft c\u1ea5u m\u1ecfng v\u00e0 m\u1ecbn m\u00e0ng nh\u01b0 l\u00e0n s\u01b0\u01a1ng n\u01b0\u1edbc, mang l\u1ea1i c\u1ea3m gi\u00e1c tinh t\u1ebf v\u00e0 tho\u1ea3i m\u00e1i m\u00e0 kh\u00f4ng g\u00e2y nh\u1eddn d\u00ednh. Sau khi kh\u00f4 gi\u00fap l\u1edbp n\u1ec1n b\u1ec1n l\u00ec v\u00e0 m\u1ec1m m\u1ea1i, kh\u00f4ng g\u00e2y k\u00edch \u1ee9ng cho da.","robots":{"index":"index","follow":"follow","max-snippet":"max-snippet:-1","max-image-preview":"max-image-preview:large","max-video-preview":"max-video-preview:-1"},"canonical":"https:\/\/sachs.azdigi.shop\/index.php\/product\/xit-khoa-trang-diem-cho-da-dau-colorkey-airy-soft-matte-makeup-setting-spray-v2-100ml\/","og_locale":"en_US","og_type":"article","og_title":"X\u1ecbt Kh\u00f3a Trang \u0110i\u1ec3m Cho Da D\u1ea7u Colorkey Airy Soft Matte Makeup Setting Spray V2 100ml - Artify","og_description":"X\u1ecbt Kh\u00f3a Trang \u0110i\u1ec3m Cho Da D\u1ea7u Colorkey Airy Soft Matte Makeup Setting Spray 100mlX\u1ecbt kh\u00f3a trang \u0111i\u1ec3m d\u00e0nh cho da d\u1ea7u c\u1ee7a th\u01b0\u01a1ng hi\u1ec7u Colorkey c\u00f3 d\u1ea1ng s\u01b0\u01a1ng m\u1ecbn nh\u1eb9, k\u1ebft c\u1ea5u m\u1ecfng v\u00e0 m\u1ecbn m\u00e0ng nh\u01b0 l\u00e0n s\u01b0\u01a1ng n\u01b0\u1edbc, mang l\u1ea1i c\u1ea3m gi\u00e1c tinh t\u1ebf v\u00e0 tho\u1ea3i m\u00e1i m\u00e0 kh\u00f4ng g\u00e2y nh\u1eddn d\u00ednh. Sau khi kh\u00f4 gi\u00fap l\u1edbp n\u1ec1n b\u1ec1n l\u00ec v\u00e0 m\u1ec1m m\u1ea1i, kh\u00f4ng g\u00e2y k\u00edch \u1ee9ng cho da.","og_url":"https:\/\/sachs.azdigi.shop\/index.php\/product\/xit-khoa-trang-diem-cho-da-dau-colorkey-airy-soft-matte-makeup-setting-spray-v2-100ml\/","og_site_name":"Artify","article_modified_time":"2026-04-18T06:59:17+00:00","og_image":[{"width":700,"height":700,"url":"https:\/\/sachs.azdigi.shop\/wp-content\/uploads\/2026\/04\/3031475_3_-_copy.webp","type":"image\/webp"}],"twitter_card":"summary_large_image","twitter_misc":{"Est. reading time":"2 minutes"},"schema":{"@context":"https:\/\/schema.org","@graph":[{"@type":"WebPage","@id":"https:\/\/sachs.azdigi.shop\/index.php\/product\/xit-khoa-trang-diem-cho-da-dau-colorkey-airy-soft-matte-makeup-setting-spray-v2-100ml\/","url":"https:\/\/sachs.azdigi.shop\/index.php\/product\/xit-khoa-trang-diem-cho-da-dau-colorkey-airy-soft-matte-makeup-setting-spray-v2-100ml\/","name":"X\u1ecbt Kh\u00f3a Trang \u0110i\u1ec3m Cho Da D\u1ea7u Colorkey Airy Soft Matte Makeup Setting Spray V2 100ml - Artify","isPartOf":{"@id":"https:\/\/sachs.azdigi.shop\/#website"},"primaryImageOfPage":{"@id":"https:\/\/sachs.azdigi.shop\/index.php\/product\/xit-khoa-trang-diem-cho-da-dau-colorkey-airy-soft-matte-makeup-setting-spray-v2-100ml\/#primaryimage"},"image":{"@id":"https:\/\/sachs.azdigi.shop\/index.php\/product\/xit-khoa-trang-diem-cho-da-dau-colorkey-airy-soft-matte-makeup-setting-spray-v2-100ml\/#primaryimage"},"thumbnailUrl":"https:\/\/sachs.azdigi.shop\/wp-content\/uploads\/2026\/04\/3031475_3_-_copy.webp","datePublished":"2026-04-17T14:11:27+00:00","dateModified":"2026-04-18T06:59:17+00:00","description":"X\u1ecbt Kh\u00f3a Trang \u0110i\u1ec3m Cho Da D\u1ea7u Colorkey Airy Soft Matte Makeup Setting Spray 100mlX\u1ecbt kh\u00f3a trang \u0111i\u1ec3m d\u00e0nh cho da d\u1ea7u c\u1ee7a th\u01b0\u01a1ng hi\u1ec7u Colorkey c\u00f3 d\u1ea1ng s\u01b0\u01a1ng m\u1ecbn nh\u1eb9, k\u1ebft c\u1ea5u m\u1ecfng v\u00e0 m\u1ecbn m\u00e0ng nh\u01b0 l\u00e0n s\u01b0\u01a1ng n\u01b0\u1edbc, mang l\u1ea1i c\u1ea3m gi\u00e1c tinh t\u1ebf v\u00e0 tho\u1ea3i m\u00e1i m\u00e0 kh\u00f4ng g\u00e2y nh\u1eddn d\u00ednh. Sau khi kh\u00f4 gi\u00fap l\u1edbp n\u1ec1n b\u1ec1n l\u00ec v\u00e0 m\u1ec1m m\u1ea1i, kh\u00f4ng g\u00e2y k\u00edch \u1ee9ng cho da.","breadcrumb":{"@id":"https:\/\/sachs.azdigi.shop\/index.php\/product\/xit-khoa-trang-diem-cho-da-dau-colorkey-airy-soft-matte-makeup-setting-spray-v2-100ml\/#breadcrumb"},"inLanguage":"en-US","potentialAction":[{"@type":"ReadAction","target":["https:\/\/sachs.azdigi.shop\/index.php\/product\/xit-khoa-trang-diem-cho-da-dau-colorkey-airy-soft-matte-makeup-setting-spray-v2-100ml\/"]}]},{"@type":"ImageObject","inLanguage":"en-US","@id":"https:\/\/sachs.azdigi.shop\/index.php\/product\/xit-khoa-trang-diem-cho-da-dau-colorkey-airy-soft-matte-makeup-setting-spray-v2-100ml\/#primaryimage","url":"https:\/\/sachs.azdigi.shop\/wp-content\/uploads\/2026\/04\/3031475_3_-_copy.webp","contentUrl":"https:\/\/sachs.azdigi.shop\/wp-content\/uploads\/2026\/04\/3031475_3_-_copy.webp","width":700,"height":700},{"@type":"BreadcrumbList","@id":"https:\/\/sachs.azdigi.shop\/index.php\/product\/xit-khoa-trang-diem-cho-da-dau-colorkey-airy-soft-matte-makeup-setting-spray-v2-100ml\/#breadcrumb","itemListElement":[{"@type":"ListItem","position":1,"name":"Home","item":"https:\/\/sachs.azdigi.shop\/"},{"@type":"ListItem","position":2,"name":"Shop","item":"https:\/\/sachs.azdigi.shop\/index.php\/shop\/"},{"@type":"ListItem","position":3,"name":"X\u1ecbt Kh\u00f3a Trang \u0110i\u1ec3m Cho Da D\u1ea7u Colorkey Airy Soft Matte Makeup Setting Spray V2 100ml"}]},{"@type":"WebSite","@id":"https:\/\/sachs.azdigi.shop\/#website","url":"https:\/\/sachs.azdigi.shop\/","name":"Artify","description":"","potentialAction":[{"@type":"SearchAction","target":{"@type":"EntryPoint","urlTemplate":"https:\/\/sachs.azdigi.shop\/?s={search_term_string}"},"query-input":{"@type":"PropertyValueSpecification","valueRequired":true,"valueName":"search_term_string"}}],"inLanguage":"en-US"}]}},"_links":{"self":[{"href":"https:\/\/sachs.azdigi.shop\/index.php\/wp-json\/wp\/v2\/product\/208","targetHints":{"allow":["GET"]}}],"collection":[{"href":"https:\/\/sachs.azdigi.shop\/index.php\/wp-json\/wp\/v2\/product"}],"about":[{"href":"https:\/\/sachs.azdigi.shop\/index.php\/wp-json\/wp\/v2\/types\/product"}],"replies":[{"embeddable":true,"href":"https:\/\/sachs.azdigi.shop\/index.php\/wp-json\/wp\/v2\/comments?post=208"}],"wp:featuredmedia":[{"embeddable":true,"href":"https:\/\/sachs.azdigi.shop\/index.php\/wp-json\/wp\/v2\/media\/209"}],"wp:attachment":[{"href":"https:\/\/sachs.azdigi.shop\/index.php\/wp-json\/wp\/v2\/media?parent=208"}],"wp:term":[{"taxonomy":"product_brand","embeddable":true,"href":"https:\/\/sachs.azdigi.shop\/index.php\/wp-json\/wp\/v2\/product_brand?post=208"},{"taxonomy":"product_cat","embeddable":true,"href":"https:\/\/sachs.azdigi.shop\/index.php\/wp-json\/wp\/v2\/product_cat?post=208"},{"taxonomy":"product_tag","embeddable":true,"href":"https:\/\/sachs.azdigi.shop\/index.php\/wp-json\/wp\/v2\/product_tag?post=208"}],"curies":[{"name":"wp","href":"https:\/\/api.w.org\/{rel}","templated":true}]}}